{"id":9176,"date":"2023-12-11T20:53:07","date_gmt":"2023-12-11T18:53:07","guid":{"rendered":"https:\/\/holster.md\/product\/husa-dubla-pentru-ar-15\/"},"modified":"2023-12-11T22:08:44","modified_gmt":"2023-12-11T20:08:44","slug":"husa-dubla-pentru-ar-15","status":"publish","type":"product","link":"https:\/\/holster.md\/ro\/produs\/husa-dubla-pentru-ar-15\/","title":{"rendered":"Husa dubla pentru AR-15"},"content":{"rendered":"<p>Aici ave\u021bi o hus\u0103 dubl\u0103 universal\u0103 pentru AR-15 cu MRD (dispozitiv de re\u021binere incarcatorului).<br \/>\nAve\u021bi diferite posibilit\u0103\u021bi de ata\u0219are a husei la curea. 2 locuri pentru bucle diferite cu o distan\u021b\u0103 de 0,75&#8243;\u00a0 (19mm) \u00eentre g\u0103uri \u0219i 1 loc \u00een mijloc pentru ata\u0219amentele centurii \u00een stil Tek-lok.<br \/>\nDe asemenea, ave\u021bi posibilitatea s\u0103 ata\u0219a\u021bi o <a href=\"https:\/\/holster.md\/product\/double-pouches-mrd\/\">hus\u0103 dubl\u0103 pentru pistol<\/a> la aceasta \u0219i s\u0103 ave\u021bi o hus\u0103 combinat\u0103 pentru 2 mag-uri AR-15 \u0219i 2 mag-uri pentru pistol \u00een aceea\u0219i configura\u021bie.<br \/>\n\u0218i, desigur, pute\u021bi regla re\u021binerea mag-urilor cu dispozitivele MRD.<br \/>\nV\u0103 rug\u0103m s\u0103 verifica\u021bi fotografiile.<\/p>\n","protected":false},"excerpt":{"rendered":"<p>Aici ave\u021bi o hus\u0103 dubl\u0103 universal\u0103 pentru AR-15 cu MRD (dispozitiv de re\u021binere incarcatorului). Ave\u021bi diferite posibilit\u0103\u021bi de ata\u0219are a husei la curea. 2 locuri pentru bucle diferite cu o distan\u021b\u0103 de 0,75&#8243;\u00a0 (19mm) \u00eentre g\u0103uri \u0219i 1 loc \u00een mijloc pentru ata\u0219amentele centurii \u00een stil Tek-lok. De asemenea, ave\u021bi posibilitatea s\u0103 ata\u0219a\u021bi o hus\u0103 [&hellip;]<\/p>\n","protected":false},"featured_media":9172,"comment_status":"open","ping_status":"closed","template":"","meta":[],"product_brand":[],"product_cat":[162],"product_tag":[],"class_list":{"0":"post-9176","1":"product","2":"type-product","3":"status-publish","4":"has-post-thumbnail","6":"product_cat-pouches-ro","8":"first","9":"instock","10":"shipping-taxable","11":"purchasable","12":"product-type-variable","13":"has-default-attributes"},"yoast_head":"<!-- This site is optimized with the Yoast SEO plugin v27.4 - https:\/\/yoast.com\/product\/yoast-seo-wordpress\/ -->\n<title>Husa dubla pentru AR-15<\/title>\n<meta name=\"robots\" content=\"index, follow, max-snippet:-1, max-image-preview:large, max-video-preview:-1\" \/>\n<link rel=\"canonical\" href=\"https:\/\/holster.md\/ro\/produs\/husa-dubla-pentru-ar-15\/\" \/>\n<meta property=\"og:locale\" content=\"ro_RO\" \/>\n<meta property=\"og:type\" content=\"article\" \/>\n<meta property=\"og:title\" content=\"Husa dubla pentru AR-15\" \/>\n<meta property=\"og:description\" content=\"Aici ave\u021bi o hus\u0103 dubl\u0103 universal\u0103 pentru AR-15 cu MRD (dispozitiv de re\u021binere incarcatorului). Ave\u021bi diferite posibilit\u0103\u021bi de ata\u0219are a husei la curea. 2 locuri pentru bucle diferite cu o distan\u021b\u0103 de 0,75&#8243;\u00a0 (19mm) \u00eentre g\u0103uri \u0219i 1 loc \u00een mijloc pentru ata\u0219amentele centurii \u00een stil Tek-lok. De asemenea, ave\u021bi posibilitatea s\u0103 ata\u0219a\u021bi o hus\u0103 [&hellip;]\" \/>\n<meta property=\"og:url\" content=\"https:\/\/holster.md\/ro\/produs\/husa-dubla-pentru-ar-15\/\" \/>\n<meta property=\"og:site_name\" content=\"Kydex Holsters\" \/>\n<meta property=\"article:publisher\" content=\"https:\/\/www.facebook.com\/holster.md\" \/>\n<meta property=\"article:modified_time\" content=\"2023-12-11T20:08:44+00:00\" \/>\n<meta property=\"og:image\" content=\"https:\/\/holster.md\/wp-content\/uploads\/2023\/12\/ar-15-double-pouch-3.png\" \/>\n\t<meta property=\"og:image:width\" content=\"854\" \/>\n\t<meta property=\"og:image:height\" content=\"747\" \/>\n\t<meta property=\"og:image:type\" content=\"image\/png\" \/>\n<meta name=\"twitter:card\" content=\"summary_large_image\" \/>\n<meta name=\"twitter:label1\" content=\"Timp estimat pentru citire\" \/>\n\t<meta name=\"twitter:data1\" content=\"1 minut\" \/>\n<script type=\"application\/ld+json\" class=\"yoast-schema-graph\">{\"@context\":\"https:\\\/\\\/schema.org\",\"@graph\":[{\"@type\":\"WebPage\",\"@id\":\"https:\\\/\\\/holster.md\\\/ro\\\/produs\\\/husa-dubla-pentru-ar-15\\\/\",\"url\":\"https:\\\/\\\/holster.md\\\/ro\\\/produs\\\/husa-dubla-pentru-ar-15\\\/\",\"name\":\"Husa dubla pentru AR-15\",\"isPartOf\":{\"@id\":\"https:\\\/\\\/holster.md\\\/ro\\\/#website\"},\"primaryImageOfPage\":{\"@id\":\"https:\\\/\\\/holster.md\\\/ro\\\/produs\\\/husa-dubla-pentru-ar-15\\\/#primaryimage\"},\"image\":{\"@id\":\"https:\\\/\\\/holster.md\\\/ro\\\/produs\\\/husa-dubla-pentru-ar-15\\\/#primaryimage\"},\"thumbnailUrl\":\"https:\\\/\\\/holster.md\\\/wp-content\\\/uploads\\\/2023\\\/12\\\/ar-15-double-pouch-3.png\",\"datePublished\":\"2023-12-11T18:53:07+00:00\",\"dateModified\":\"2023-12-11T20:08:44+00:00\",\"breadcrumb\":{\"@id\":\"https:\\\/\\\/holster.md\\\/ro\\\/produs\\\/husa-dubla-pentru-ar-15\\\/#breadcrumb\"},\"inLanguage\":\"ro-RO\",\"potentialAction\":[{\"@type\":\"ReadAction\",\"target\":[\"https:\\\/\\\/holster.md\\\/ro\\\/produs\\\/husa-dubla-pentru-ar-15\\\/\"]}]},{\"@type\":\"ImageObject\",\"inLanguage\":\"ro-RO\",\"@id\":\"https:\\\/\\\/holster.md\\\/ro\\\/produs\\\/husa-dubla-pentru-ar-15\\\/#primaryimage\",\"url\":\"https:\\\/\\\/holster.md\\\/wp-content\\\/uploads\\\/2023\\\/12\\\/ar-15-double-pouch-3.png\",\"contentUrl\":\"https:\\\/\\\/holster.md\\\/wp-content\\\/uploads\\\/2023\\\/12\\\/ar-15-double-pouch-3.png\",\"width\":854,\"height\":747},{\"@type\":\"BreadcrumbList\",\"@id\":\"https:\\\/\\\/holster.md\\\/ro\\\/produs\\\/husa-dubla-pentru-ar-15\\\/#breadcrumb\",\"itemListElement\":[{\"@type\":\"ListItem\",\"position\":1,\"name\":\"Home\",\"item\":\"https:\\\/\\\/holster.md\\\/ro\\\/\"},{\"@type\":\"ListItem\",\"position\":2,\"name\":\"Magazin\",\"item\":\"https:\\\/\\\/holster.md\\\/ro\\\/\"},{\"@type\":\"ListItem\",\"position\":3,\"name\":\"Husa dubla pentru AR-15\"}]},{\"@type\":\"WebSite\",\"@id\":\"https:\\\/\\\/holster.md\\\/ro\\\/#website\",\"url\":\"https:\\\/\\\/holster.md\\\/ro\\\/\",\"name\":\"Kydex Holsters\",\"description\":\"from shooters to shooters\",\"publisher\":{\"@id\":\"https:\\\/\\\/holster.md\\\/ro\\\/#organization\"},\"potentialAction\":[{\"@type\":\"SearchAction\",\"target\":{\"@type\":\"EntryPoint\",\"urlTemplate\":\"https:\\\/\\\/holster.md\\\/ro\\\/?s={search_term_string}\"},\"query-input\":{\"@type\":\"PropertyValueSpecification\",\"valueRequired\":true,\"valueName\":\"search_term_string\"}}],\"inLanguage\":\"ro-RO\"},{\"@type\":\"Organization\",\"@id\":\"https:\\\/\\\/holster.md\\\/ro\\\/#organization\",\"name\":\"Kydex Holsters LTD\",\"url\":\"https:\\\/\\\/holster.md\\\/ro\\\/\",\"logo\":{\"@type\":\"ImageObject\",\"inLanguage\":\"ro-RO\",\"@id\":\"https:\\\/\\\/holster.md\\\/ro\\\/#\\\/schema\\\/logo\\\/image\\\/\",\"url\":\"https:\\\/\\\/holster.md\\\/wp-content\\\/uploads\\\/2020\\\/12\\\/iwb-loop-claw.jpg\",\"contentUrl\":\"https:\\\/\\\/holster.md\\\/wp-content\\\/uploads\\\/2020\\\/12\\\/iwb-loop-claw.jpg\",\"width\":1000,\"height\":792,\"caption\":\"Kydex Holsters LTD\"},\"image\":{\"@id\":\"https:\\\/\\\/holster.md\\\/ro\\\/#\\\/schema\\\/logo\\\/image\\\/\"},\"sameAs\":[\"https:\\\/\\\/www.facebook.com\\\/holster.md\",\"https:\\\/\\\/www.instagram.com\\\/holsters.pro\\\/\",\"https:\\\/\\\/www.youtube.com\\\/channel\\\/UCfBM11_gkaLTr7lXFgLtP2A\"]}]}<\/script>\n<!-- \/ Yoast SEO plugin. -->","yoast_head_json":{"title":"Husa dubla pentru AR-15","robots":{"index":"index","follow":"follow","max-snippet":"max-snippet:-1","max-image-preview":"max-image-preview:large","max-video-preview":"max-video-preview:-1"},"canonical":"https:\/\/holster.md\/ro\/produs\/husa-dubla-pentru-ar-15\/","og_locale":"ro_RO","og_type":"article","og_title":"Husa dubla pentru AR-15","og_description":"Aici ave\u021bi o hus\u0103 dubl\u0103 universal\u0103 pentru AR-15 cu MRD (dispozitiv de re\u021binere incarcatorului). Ave\u021bi diferite posibilit\u0103\u021bi de ata\u0219are a husei la curea. 2 locuri pentru bucle diferite cu o distan\u021b\u0103 de 0,75&#8243;\u00a0 (19mm) \u00eentre g\u0103uri \u0219i 1 loc \u00een mijloc pentru ata\u0219amentele centurii \u00een stil Tek-lok. De asemenea, ave\u021bi posibilitatea s\u0103 ata\u0219a\u021bi o hus\u0103 [&hellip;]","og_url":"https:\/\/holster.md\/ro\/produs\/husa-dubla-pentru-ar-15\/","og_site_name":"Kydex Holsters","article_publisher":"https:\/\/www.facebook.com\/holster.md","article_modified_time":"2023-12-11T20:08:44+00:00","og_image":[{"width":854,"height":747,"url":"https:\/\/holster.md\/wp-content\/uploads\/2023\/12\/ar-15-double-pouch-3.png","type":"image\/png"}],"twitter_card":"summary_large_image","twitter_misc":{"Timp estimat pentru citire":"1 minut"},"schema":{"@context":"https:\/\/schema.org","@graph":[{"@type":"WebPage","@id":"https:\/\/holster.md\/ro\/produs\/husa-dubla-pentru-ar-15\/","url":"https:\/\/holster.md\/ro\/produs\/husa-dubla-pentru-ar-15\/","name":"Husa dubla pentru AR-15","isPartOf":{"@id":"https:\/\/holster.md\/ro\/#website"},"primaryImageOfPage":{"@id":"https:\/\/holster.md\/ro\/produs\/husa-dubla-pentru-ar-15\/#primaryimage"},"image":{"@id":"https:\/\/holster.md\/ro\/produs\/husa-dubla-pentru-ar-15\/#primaryimage"},"thumbnailUrl":"https:\/\/holster.md\/wp-content\/uploads\/2023\/12\/ar-15-double-pouch-3.png","datePublished":"2023-12-11T18:53:07+00:00","dateModified":"2023-12-11T20:08:44+00:00","breadcrumb":{"@id":"https:\/\/holster.md\/ro\/produs\/husa-dubla-pentru-ar-15\/#breadcrumb"},"inLanguage":"ro-RO","potentialAction":[{"@type":"ReadAction","target":["https:\/\/holster.md\/ro\/produs\/husa-dubla-pentru-ar-15\/"]}]},{"@type":"ImageObject","inLanguage":"ro-RO","@id":"https:\/\/holster.md\/ro\/produs\/husa-dubla-pentru-ar-15\/#primaryimage","url":"https:\/\/holster.md\/wp-content\/uploads\/2023\/12\/ar-15-double-pouch-3.png","contentUrl":"https:\/\/holster.md\/wp-content\/uploads\/2023\/12\/ar-15-double-pouch-3.png","width":854,"height":747},{"@type":"BreadcrumbList","@id":"https:\/\/holster.md\/ro\/produs\/husa-dubla-pentru-ar-15\/#breadcrumb","itemListElement":[{"@type":"ListItem","position":1,"name":"Home","item":"https:\/\/holster.md\/ro\/"},{"@type":"ListItem","position":2,"name":"Magazin","item":"https:\/\/holster.md\/ro\/"},{"@type":"ListItem","position":3,"name":"Husa dubla pentru AR-15"}]},{"@type":"WebSite","@id":"https:\/\/holster.md\/ro\/#website","url":"https:\/\/holster.md\/ro\/","name":"Kydex Holsters","description":"from shooters to shooters","publisher":{"@id":"https:\/\/holster.md\/ro\/#organization"},"potentialAction":[{"@type":"SearchAction","target":{"@type":"EntryPoint","urlTemplate":"https:\/\/holster.md\/ro\/?s={search_term_string}"},"query-input":{"@type":"PropertyValueSpecification","valueRequired":true,"valueName":"search_term_string"}}],"inLanguage":"ro-RO"},{"@type":"Organization","@id":"https:\/\/holster.md\/ro\/#organization","name":"Kydex Holsters LTD","url":"https:\/\/holster.md\/ro\/","logo":{"@type":"ImageObject","inLanguage":"ro-RO","@id":"https:\/\/holster.md\/ro\/#\/schema\/logo\/image\/","url":"https:\/\/holster.md\/wp-content\/uploads\/2020\/12\/iwb-loop-claw.jpg","contentUrl":"https:\/\/holster.md\/wp-content\/uploads\/2020\/12\/iwb-loop-claw.jpg","width":1000,"height":792,"caption":"Kydex Holsters LTD"},"image":{"@id":"https:\/\/holster.md\/ro\/#\/schema\/logo\/image\/"},"sameAs":["https:\/\/www.facebook.com\/holster.md","https:\/\/www.instagram.com\/holsters.pro\/","https:\/\/www.youtube.com\/channel\/UCfBM11_gkaLTr7lXFgLtP2A"]}]}},"jetpack_sharing_enabled":true,"_links":{"self":[{"href":"https:\/\/holster.md\/ro\/wp-json\/wp\/v2\/product\/9176","targetHints":{"allow":["GET"]}}],"collection":[{"href":"https:\/\/holster.md\/ro\/wp-json\/wp\/v2\/product"}],"about":[{"href":"https:\/\/holster.md\/ro\/wp-json\/wp\/v2\/types\/product"}],"replies":[{"embeddable":true,"href":"https:\/\/holster.md\/ro\/wp-json\/wp\/v2\/comments?post=9176"}],"wp:featuredmedia":[{"embeddable":true,"href":"https:\/\/holster.md\/ro\/wp-json\/wp\/v2\/media\/9172"}],"wp:attachment":[{"href":"https:\/\/holster.md\/ro\/wp-json\/wp\/v2\/media?parent=9176"}],"wp:term":[{"taxonomy":"product_brand","embeddable":true,"href":"https:\/\/holster.md\/ro\/wp-json\/wp\/v2\/product_brand?post=9176"},{"taxonomy":"product_cat","embeddable":true,"href":"https:\/\/holster.md\/ro\/wp-json\/wp\/v2\/product_cat?post=9176"},{"taxonomy":"product_tag","embeddable":true,"href":"https:\/\/holster.md\/ro\/wp-json\/wp\/v2\/product_tag?post=9176"}],"curies":[{"name":"wp","href":"https:\/\/api.w.org\/{rel}","templated":true}]}}