{"id":8180,"date":"2023-06-05T21:04:24","date_gmt":"2023-06-05T18:04:24","guid":{"rendered":"https:\/\/holster.md\/?post_type=product&#038;p=8180"},"modified":"2026-02-02T20:53:30","modified_gmt":"2026-02-02T18:53:30","slug":"toc-kydex-owb-nivel-2-lanterna","status":"publish","type":"product","link":"https:\/\/holster.md\/ro\/produs\/toc-kydex-owb-nivel-2-lanterna\/","title":{"rendered":"Toc Kydex OWB Nivel 2 pentru pistol cu lanterna"},"content":{"rendered":"<p>Toc exterior (OWB) kydex pentru pistol cu lanterna si cu \u200b\u200bprotec\u021bie de nivel 2 (Level 2 protection). E facut din Kydex .080&#8243; (2mm) sau 0.093&#8243; (2.3mm) cu multe op\u021biuni diferite:<\/p>\n<ul>\n<li>o curea special\u0103 pliabil\u0103 pentru protec\u021bie suplimentar\u0103 a pistolului \u00eempotriva smulgerii sau c\u0103derilor;<\/li>\n<li>unghi variabil de fixare (fa\u021b\u0103, centru, spate);<\/li>\n<li>numai suporturi de centur\u0103 originale: DCL COMBAT Loops, Blade-tech Tek-lok, Blade-tech ASR , paleta G-code, palet\u0103 Bladetech, montur\u0103 TSR (vezi imaginile din galeria de produse);<\/li>\n<li>sisteme de eliberare rapid\u0103 de la Blade-tech \u0219i Safariland;<\/li>\n<li>dimensiune standard de centur\u0103 de la 3,8 la 6cm;<\/li>\n<li>Potrivit pentru o varietate de ofi\u021beri militari \u0219i de poli\u021bie care au nevoie de protec\u021bie suplimentar\u0103 pentru arme.<\/li>\n<\/ul>\n<p>V\u0103 rug\u0103m s\u0103 verifica\u021bi galeria de imagini a produsului pentru mai multe informa\u021bii.<br \/>\nGrosime FOARTE RECOMANDAT\u0102 de 0,093&#8243;, mai ales dac\u0103 alege\u021bi t\u0103iere pentu optic\u0103!<\/p>\n","protected":false},"excerpt":{"rendered":"<p>Toc exterior (OWB) kydex pentru pistol cu lanterna si cu \u200b\u200bprotec\u021bie de nivel 2 (Level 2 protection). E facut din Kydex .080&#8243; (2mm) sau 0.093&#8243; (2.3mm) cu multe op\u021biuni diferite: o curea special\u0103 pliabil\u0103 pentru protec\u021bie suplimentar\u0103 a pistolului \u00eempotriva smulgerii sau c\u0103derilor; unghi variabil de fixare (fa\u021b\u0103, centru, spate); numai suporturi de centur\u0103 originale: [&hellip;]<\/p>\n","protected":false},"featured_media":9322,"comment_status":"open","ping_status":"closed","template":"","meta":[],"product_brand":[],"product_cat":[160],"product_tag":[664,374,376,284,285,366,287,365,395,288],"class_list":{"0":"post-8180","1":"product","2":"type-product","3":"status-publish","4":"has-post-thumbnail","6":"product_cat-owb-ro","7":"product_tag-weapon-mounted-light-ro","8":"product_tag-toc-pentru-arex","9":"product_tag-toc-pentru-arsenal","10":"product_tag-toc-pentru-cz","11":"product_tag-toc-pentru-glock","12":"product_tag-heckler-koch-holsters-ro","13":"product_tag-sig-sauer-holsters","14":"product_tag-springfield-hs-holsters-ro","15":"product_tag-taurus-holsters-ro","16":"product_tag-walther-holsters","17":"pa_firearm-strike-one","18":"pa_firearm-arex-alpha","19":"pa_firearm-arex-delta","20":"pa_firearm-arex-delta-l","21":"pa_firearm-baikal-mp-446","22":"pa_firearm-beretta-92fs","23":"pa_firearm-beretta-92x-performance-defensive","24":"pa_firearm-beretta-92x-performance","25":"pa_firearm-beretta-apx","26":"pa_firearm-beretta-apx-compact-centurion","27":"pa_firearm-beretta-m9a4","28":"pa_firearm-beretta-px4-storm","29":"pa_firearm-bersa-bpcc-9mm","30":"pa_firearm-bul-1911-edc-4-25","31":"pa_firearm-bul-1911-edc-5","32":"pa_firearm-bull-1911-m-5-compact","33":"pa_firearm-bul-1911-ultra","34":"pa_firearm-bul-sas-2-air","35":"pa_firearm-bul-sas-2-blazer","36":"pa_firearm-bul-sas-2-edc-edc-pro-4-25","37":"pa_firearm-bul-sas-2-radical","38":"pa_firearm-bul-sas-2-tac","39":"pa_firearm-bul-sas-2-tac-5","40":"pa_firearm-bul-sas-2-ultralight","41":"pa_firearm-canik-mete-sft","42":"pa_firearm-canik-mete-tp9-sub","43":"pa_firearm-canik-sfx-rival","44":"pa_firearm-canik-tp9-elite-combat","45":"pa_firearm-canik-tp9-sf","46":"pa_firearm-canik-tp9-sf-elite-tp9-sf-elite-s-tp9-elite-s-combat","47":"pa_firearm-canik-tp9-sub-elite-tp9-sub-elite-cas","48":"pa_firearm-colt-1911","49":"pa_firearm-colt-python-2020-4-25","50":"pa_firearm-colt-python-2020","51":"pa_firearm-cz-2075-rami","52":"pa_firearm-cz-75-compact","53":"pa_firearm-cz-p01","54":"pa_firearm-shadow-2","55":"pa_firearm-cz-75-shadow-2-compact","56":"pa_firearm-cz-75-sp-01-shadow","57":"pa_firearm-cz-75-tactical-sport-2","58":"pa_firearm-cz-75b","59":"pa_firearm-cz-85","60":"pa_firearm-cz-p-07","61":"pa_firearm-cz-p-09","62":"pa_firearm-cz-p-09-c-nocturne","63":"pa_firearm-cz-p-09-f-nocturne","64":"pa_firearm-cz-p10c","65":"pa_firearm-cz-p-10f","66":"pa_firearm-cz-p-10f-45acp","67":"pa_firearm-cz-p-10m","68":"pa_firearm-cz-p-10-s","69":"pa_firearm-daniel-defense-h9","70":"pa_firearm-fn-510","71":"pa_firearm-fn-510-tactical","72":"pa_firearm-fort-17-r","73":"pa_firearm-glock-17","74":"pa_firearm-glock-17-22-gen5","75":"pa_firearm-glock-17-gen-6","76":"pa_firearm-glock-19-gen5","77":"pa_firearm-glock-19","78":"pa_firearm-glock-19-45-gen-6","79":"pa_firearm-glock-21","80":"pa_firearm-glock-20-21-gen-5","81":"pa_firearm-glock-23-gen-5","82":"pa_firearm-glock-26-27-gen-5","83":"pa_firearm-glock-25-27-33","84":"pa_firearm-glock-34","85":"pa_firearm-glock-42","86":"pa_firearm-glock-43","87":"pa_firearm-glock-43x-mos","88":"pa_firearm-glock-48","89":"pa_firearm-glock-48-mos","90":"pa_firearm-grand-power-k100","91":"pa_firearm-grand-power-k22s","92":"pa_firearm-grand-power-p1","93":"pa_firearm-grand-power-p11","94":"pa_firearm-grand-power-t12","95":"pa_firearm-grand-power-t12-mk23","96":"pa_firearm-grand-power-x-calibur","97":"pa_firearm-grand-power-x-calibur-match-mk23","98":"pa_firearm-hk-p30","99":"pa_firearm-hk-p30-l","100":"pa_firearm-hk-p30-sk","101":"pa_firearm-hk-usp","102":"pa_firearm-hk-usp-compact","103":"pa_firearm-hk-usp-tactical-9mm","104":"pa_firearm-hk-vp9-sfp9","105":"pa_firearm-hk-vp9-sfp9-long","106":"pa_firearm-hk-vp9-sk-sfp9-sk","107":"pa_firearm-hs-produkt-hs-9","108":"pa_firearm-hs-produkt-hs-9-gen-2-3","109":"pa_firearm-hs-produkt-hs-9-gen-2","110":"pa_firearm-hs-produkt-hs-9-gen-2-5","111":"pa_firearm-hs-produkt-hs-9-subcompact","112":"pa_firearm-hs-produkt-sf19-3-8","113":"pa_firearm-hs-produkt-sf19-4-5","114":"pa_firearm-hs-produkt-sf19-5-25","115":"pa_firearm-kimber-1911","116":"pa_firearm-kimber-2k11","117":"pa_firearm-kimber-2k11-pro","118":"pa_firearm-kmr-l-02-cuda","119":"pa_firearm-kmr-l-02-orca","120":"pa_firearm-kmr-s-02-5-5","121":"pa_firearm-kmr-spectra","122":"pa_firearm-kmr-w-02-umbra","123":"pa_firearm-kmr-w-02-umbra-x","124":"pa_firearm-kmr-w-02-vapor-or-sr","125":"pa_firearm-alien","126":"pa_firearm-laugo-arms-alien-creator","127":"pa_firearm-laugo-arms-alien-remus","128":"pa_firearm-laugo-alien-target-6","129":"pa_firearm-other-model-specify-in-order-comments","130":"pa_firearm-phoenix-drake-production","131":"pa_firearm-phoenix-drake-standard","132":"pa_firearm-phoenix-predator","133":"pa_firearm-phoenix-redback","134":"pa_firearm-pm-makarov","135":"pa_firearm-remington-1911-r1","136":"pa_firearm-remington-rm380","137":"pa_firearm-ruger-american","138":"pa_firearm-ruger-american-competition","139":"pa_firearm-ruger-sr-1911","140":"pa_firearm-ruger-sr-1911-commander","141":"pa_firearm-sig-sauer-p211-gto","142":"pa_firearm-sig-sauer-p226","143":"pa_firearm-sig-sauer-p229","144":"pa_firearm-sig-p320-carry","145":"pa_firearm-sig-p320-carry-45-auto","146":"pa_firearm-sig-sauer-p320-compact","147":"pa_firearm-sig-p320-full","148":"pa_firearm-sig-sauer-p320-subcompact","149":"pa_firearm-sig-p320-x-full","150":"pa_firearm-sig-p320-x-carry","151":"pa_firearm-sig-sauer-p322-022lr","152":"pa_firearm-sig-sauer-p365-p365x","153":"pa_firearm-sig-sauer-p365-fuse","154":"pa_firearm-sig-sauer-p365-x-macro","155":"pa_firearm-sig-sauer-p365-x-macro-comp","156":"pa_firearm-sig-sauer-p365-xl","157":"pa_firearm-sig-sauer-p938","158":"pa_firearm-sig-sauer-sp2022","159":"pa_firearm-smithwesson-627","160":"pa_firearm-smithwesson-686","161":"pa_firearm-smithwesson-governor","162":"pa_firearm-smithwesson-j-frame-classic","163":"pa_firearm-smithwesson-mp-9-m2-0","164":"pa_firearm-smithwesson-mp9-m2-0-3-6-compact","165":"pa_firearm-smithwesson-mp9-m2-0-4-25","166":"pa_firearm-smithwesson-mp9-m2-5-full","167":"pa_firearm-smithwesson-mp9-shield-plus","168":"pa_firearm-smithwesson-mp9-shield-plus-comp","169":"pa_firearm-smithwesson-mp9-40-4","170":"pa_firearm-springfield-1911-emissary","171":"pa_firearm-springfield-prodigy","172":"pa_firearm-springfield-1911-prodigy-5","173":"pa_firearm-springfield-echelon","174":"pa_firearm-springfield-echelon-4-compact","175":"pa_firearm-springfield-hellcat","176":"pa_firearm-springfield-hellcat-pro-hs-h11-pro","177":"pa_firearm-springfield-hs-xd-9","178":"pa_firearm-springfield-xd-9-compact","179":"pa_firearm-springfield-xd-9-compact-mod-2","180":"pa_firearm-springfield-xd-9-compact-mod-3","181":"pa_firearm-springfield-xd-9-mod-2","182":"pa_firearm-springfield-xd-9-mod-3","183":"pa_firearm-springfield-xd-s-3-3","184":"pa_firearm-springfield-xd-s-3-3-mod-2","185":"pa_firearm-xdm-38","186":"pa_firearm-xdm-45","187":"pa_firearm-steyr-c9-a1","188":"pa_firearm-steyr-l9-a1","189":"pa_firearm-steyr-m9-a1","190":"pa_firearm-sti-staccato-cs","191":"pa_firearm-sti-staccato-hd-4-5","192":"pa_firearm-sti-staccato-hd-4","193":"pa_firearm-sti-staccato-p","194":"pa_firearm-sti-staccato-xc","195":"pa_firearm-sti-staccato-xl","196":"pa_firearm-tanfoglio-gold-match","197":"pa_firearm-tanfoglio-limited-pro","198":"pa_firearm-tanfoglio-stock-i","199":"pa_firearm-tanfoglio-stock-ii","200":"pa_firearm-tanfoglio-stock-iii","201":"pa_firearm-taurus-1911","202":"pa_firearm-taurus-1911-commander","203":"pa_firearm-taurus-g2c","204":"pa_firearm-taurus-gx4-carry","205":"pa_firearm-taurus-gx4-xl","206":"pa_firearm-taurus-pt-24-7-g2","207":"pa_firearm-taurus-pt-24-7-g2-compact","208":"pa_firearm-taurus-th9","209":"pa_firearm-taurus-th9-compact","210":"pa_firearm-taurus-ts9","211":"pa_firearm-taurus-ts9c","212":"pa_firearm-tti-sand-viper-w-sro","213":"pa_firearm-tulskiy-tokarev-tt","214":"pa_firearm-walther-ccp","215":"pa_firearm-walther-creed","216":"pa_firearm-walther-p08","217":"pa_firearm-walther-p22","218":"pa_firearm-walther-p38","219":"pa_firearm-walther-p99","220":"pa_firearm-walther-pdp-4","221":"pa_firearm-walther-pdp-4-sf","222":"pa_firearm-walther-pdp45","223":"pa_firearm-walther-pdp-4-5-sf","224":"pa_firearm-walther-pdp","225":"pa_firearm-walther-pdp-5-sf","226":"pa_firearm-walther-pdp-f-series-3-5","227":"pa_firearm-walther-pdp-f-series-4","228":"pa_firearm-walther-ppk","229":"pa_firearm-walther-ppq","230":"pa_firearm-walther-ppq-45-auto","231":"pa_firearm-walther-pps","232":"pa_firearm-walther-pps-m2","233":"pa_firearm-walther-q4","234":"pa_firearm-walther-q4-sf","235":"pa_firearm-walther-q5-match","236":"pa_firearm-walther-q5-match-sf","237":"pa_firearm-zev-oz9","238":"pa_firearm-zev-oz9c","240":"first","241":"instock","242":"shipping-taxable","243":"purchasable","244":"product-type-variable","245":"has-default-attributes"},"yoast_head":"<!-- This site is optimized with the Yoast SEO plugin v27.4 - https:\/\/yoast.com\/product\/yoast-seo-wordpress\/ -->\n<title>Toc Kydex OWB Nivel 2 pentru pistol cu lanterna<\/title>\n<meta name=\"robots\" content=\"index, follow, max-snippet:-1, max-image-preview:large, max-video-preview:-1\" \/>\n<link rel=\"canonical\" href=\"https:\/\/holster.md\/ro\/produs\/toc-kydex-owb-nivel-2-lanterna\/\" \/>\n<meta property=\"og:locale\" content=\"ro_RO\" \/>\n<meta property=\"og:type\" content=\"article\" \/>\n<meta property=\"og:title\" content=\"Toc Kydex OWB Nivel 2 pentru pistol cu lanterna\" \/>\n<meta property=\"og:description\" content=\"Toc exterior (OWB) kydex pentru pistol cu lanterna si cu \u200b\u200bprotec\u021bie de nivel 2 (Level 2 protection). E facut din Kydex .080&#8243; (2mm) sau 0.093&#8243; (2.3mm) cu multe op\u021biuni diferite: o curea special\u0103 pliabil\u0103 pentru protec\u021bie suplimentar\u0103 a pistolului \u00eempotriva smulgerii sau c\u0103derilor; unghi variabil de fixare (fa\u021b\u0103, centru, spate); numai suporturi de centur\u0103 originale: [&hellip;]\" \/>\n<meta property=\"og:url\" content=\"https:\/\/holster.md\/ro\/produs\/toc-kydex-owb-nivel-2-lanterna\/\" \/>\n<meta property=\"og:site_name\" content=\"Kydex Holsters\" \/>\n<meta property=\"article:publisher\" content=\"https:\/\/www.facebook.com\/holster.md\" \/>\n<meta property=\"article:modified_time\" content=\"2026-02-02T18:53:30+00:00\" \/>\n<meta property=\"og:image\" content=\"https:\/\/holster.md\/wp-content\/uploads\/2023\/06\/level2-light-bearing-holster-3.jpg\" \/>\n\t<meta property=\"og:image:width\" content=\"856\" \/>\n\t<meta property=\"og:image:height\" content=\"863\" \/>\n\t<meta property=\"og:image:type\" content=\"image\/jpeg\" \/>\n<meta name=\"twitter:card\" content=\"summary_large_image\" \/>\n<meta name=\"twitter:label1\" content=\"Timp estimat pentru citire\" \/>\n\t<meta name=\"twitter:data1\" content=\"1 minut\" \/>\n<script type=\"application\/ld+json\" class=\"yoast-schema-graph\">{\"@context\":\"https:\\\/\\\/schema.org\",\"@graph\":[{\"@type\":\"WebPage\",\"@id\":\"https:\\\/\\\/holster.md\\\/ro\\\/produs\\\/toc-kydex-owb-nivel-2-lanterna\\\/\",\"url\":\"https:\\\/\\\/holster.md\\\/ro\\\/produs\\\/toc-kydex-owb-nivel-2-lanterna\\\/\",\"name\":\"Toc Kydex OWB Nivel 2 pentru pistol cu lanterna\",\"isPartOf\":{\"@id\":\"https:\\\/\\\/holster.md\\\/ro\\\/#website\"},\"primaryImageOfPage\":{\"@id\":\"https:\\\/\\\/holster.md\\\/ro\\\/produs\\\/toc-kydex-owb-nivel-2-lanterna\\\/#primaryimage\"},\"image\":{\"@id\":\"https:\\\/\\\/holster.md\\\/ro\\\/produs\\\/toc-kydex-owb-nivel-2-lanterna\\\/#primaryimage\"},\"thumbnailUrl\":\"https:\\\/\\\/holster.md\\\/wp-content\\\/uploads\\\/2023\\\/06\\\/level2-light-bearing-holster-3.jpg\",\"datePublished\":\"2023-06-05T18:04:24+00:00\",\"dateModified\":\"2026-02-02T18:53:30+00:00\",\"breadcrumb\":{\"@id\":\"https:\\\/\\\/holster.md\\\/ro\\\/produs\\\/toc-kydex-owb-nivel-2-lanterna\\\/#breadcrumb\"},\"inLanguage\":\"ro-RO\",\"potentialAction\":[{\"@type\":\"ReadAction\",\"target\":[\"https:\\\/\\\/holster.md\\\/ro\\\/produs\\\/toc-kydex-owb-nivel-2-lanterna\\\/\"]}]},{\"@type\":\"ImageObject\",\"inLanguage\":\"ro-RO\",\"@id\":\"https:\\\/\\\/holster.md\\\/ro\\\/produs\\\/toc-kydex-owb-nivel-2-lanterna\\\/#primaryimage\",\"url\":\"https:\\\/\\\/holster.md\\\/wp-content\\\/uploads\\\/2023\\\/06\\\/level2-light-bearing-holster-3.jpg\",\"contentUrl\":\"https:\\\/\\\/holster.md\\\/wp-content\\\/uploads\\\/2023\\\/06\\\/level2-light-bearing-holster-3.jpg\",\"width\":856,\"height\":863},{\"@type\":\"BreadcrumbList\",\"@id\":\"https:\\\/\\\/holster.md\\\/ro\\\/produs\\\/toc-kydex-owb-nivel-2-lanterna\\\/#breadcrumb\",\"itemListElement\":[{\"@type\":\"ListItem\",\"position\":1,\"name\":\"Home\",\"item\":\"https:\\\/\\\/holster.md\\\/ro\\\/\"},{\"@type\":\"ListItem\",\"position\":2,\"name\":\"Magazin\",\"item\":\"https:\\\/\\\/holster.md\\\/ro\\\/\"},{\"@type\":\"ListItem\",\"position\":3,\"name\":\"Toc Kydex OWB Nivel 2 pentru pistol cu lanterna\"}]},{\"@type\":\"WebSite\",\"@id\":\"https:\\\/\\\/holster.md\\\/ro\\\/#website\",\"url\":\"https:\\\/\\\/holster.md\\\/ro\\\/\",\"name\":\"Kydex Holsters\",\"description\":\"from shooters to shooters\",\"publisher\":{\"@id\":\"https:\\\/\\\/holster.md\\\/ro\\\/#organization\"},\"potentialAction\":[{\"@type\":\"SearchAction\",\"target\":{\"@type\":\"EntryPoint\",\"urlTemplate\":\"https:\\\/\\\/holster.md\\\/ro\\\/?s={search_term_string}\"},\"query-input\":{\"@type\":\"PropertyValueSpecification\",\"valueRequired\":true,\"valueName\":\"search_term_string\"}}],\"inLanguage\":\"ro-RO\"},{\"@type\":\"Organization\",\"@id\":\"https:\\\/\\\/holster.md\\\/ro\\\/#organization\",\"name\":\"Kydex Holsters LTD\",\"url\":\"https:\\\/\\\/holster.md\\\/ro\\\/\",\"logo\":{\"@type\":\"ImageObject\",\"inLanguage\":\"ro-RO\",\"@id\":\"https:\\\/\\\/holster.md\\\/ro\\\/#\\\/schema\\\/logo\\\/image\\\/\",\"url\":\"https:\\\/\\\/holster.md\\\/wp-content\\\/uploads\\\/2020\\\/12\\\/iwb-loop-claw.jpg\",\"contentUrl\":\"https:\\\/\\\/holster.md\\\/wp-content\\\/uploads\\\/2020\\\/12\\\/iwb-loop-claw.jpg\",\"width\":1000,\"height\":792,\"caption\":\"Kydex Holsters LTD\"},\"image\":{\"@id\":\"https:\\\/\\\/holster.md\\\/ro\\\/#\\\/schema\\\/logo\\\/image\\\/\"},\"sameAs\":[\"https:\\\/\\\/www.facebook.com\\\/holster.md\",\"https:\\\/\\\/www.instagram.com\\\/holsters.pro\\\/\",\"https:\\\/\\\/www.youtube.com\\\/channel\\\/UCfBM11_gkaLTr7lXFgLtP2A\"]}]}<\/script>\n<!-- \/ Yoast SEO plugin. -->","yoast_head_json":{"title":"Toc Kydex OWB Nivel 2 pentru pistol cu lanterna","robots":{"index":"index","follow":"follow","max-snippet":"max-snippet:-1","max-image-preview":"max-image-preview:large","max-video-preview":"max-video-preview:-1"},"canonical":"https:\/\/holster.md\/ro\/produs\/toc-kydex-owb-nivel-2-lanterna\/","og_locale":"ro_RO","og_type":"article","og_title":"Toc Kydex OWB Nivel 2 pentru pistol cu lanterna","og_description":"Toc exterior (OWB) kydex pentru pistol cu lanterna si cu \u200b\u200bprotec\u021bie de nivel 2 (Level 2 protection). E facut din Kydex .080&#8243; (2mm) sau 0.093&#8243; (2.3mm) cu multe op\u021biuni diferite: o curea special\u0103 pliabil\u0103 pentru protec\u021bie suplimentar\u0103 a pistolului \u00eempotriva smulgerii sau c\u0103derilor; unghi variabil de fixare (fa\u021b\u0103, centru, spate); numai suporturi de centur\u0103 originale: [&hellip;]","og_url":"https:\/\/holster.md\/ro\/produs\/toc-kydex-owb-nivel-2-lanterna\/","og_site_name":"Kydex Holsters","article_publisher":"https:\/\/www.facebook.com\/holster.md","article_modified_time":"2026-02-02T18:53:30+00:00","og_image":[{"width":856,"height":863,"url":"https:\/\/holster.md\/wp-content\/uploads\/2023\/06\/level2-light-bearing-holster-3.jpg","type":"image\/jpeg"}],"twitter_card":"summary_large_image","twitter_misc":{"Timp estimat pentru citire":"1 minut"},"schema":{"@context":"https:\/\/schema.org","@graph":[{"@type":"WebPage","@id":"https:\/\/holster.md\/ro\/produs\/toc-kydex-owb-nivel-2-lanterna\/","url":"https:\/\/holster.md\/ro\/produs\/toc-kydex-owb-nivel-2-lanterna\/","name":"Toc Kydex OWB Nivel 2 pentru pistol cu lanterna","isPartOf":{"@id":"https:\/\/holster.md\/ro\/#website"},"primaryImageOfPage":{"@id":"https:\/\/holster.md\/ro\/produs\/toc-kydex-owb-nivel-2-lanterna\/#primaryimage"},"image":{"@id":"https:\/\/holster.md\/ro\/produs\/toc-kydex-owb-nivel-2-lanterna\/#primaryimage"},"thumbnailUrl":"https:\/\/holster.md\/wp-content\/uploads\/2023\/06\/level2-light-bearing-holster-3.jpg","datePublished":"2023-06-05T18:04:24+00:00","dateModified":"2026-02-02T18:53:30+00:00","breadcrumb":{"@id":"https:\/\/holster.md\/ro\/produs\/toc-kydex-owb-nivel-2-lanterna\/#breadcrumb"},"inLanguage":"ro-RO","potentialAction":[{"@type":"ReadAction","target":["https:\/\/holster.md\/ro\/produs\/toc-kydex-owb-nivel-2-lanterna\/"]}]},{"@type":"ImageObject","inLanguage":"ro-RO","@id":"https:\/\/holster.md\/ro\/produs\/toc-kydex-owb-nivel-2-lanterna\/#primaryimage","url":"https:\/\/holster.md\/wp-content\/uploads\/2023\/06\/level2-light-bearing-holster-3.jpg","contentUrl":"https:\/\/holster.md\/wp-content\/uploads\/2023\/06\/level2-light-bearing-holster-3.jpg","width":856,"height":863},{"@type":"BreadcrumbList","@id":"https:\/\/holster.md\/ro\/produs\/toc-kydex-owb-nivel-2-lanterna\/#breadcrumb","itemListElement":[{"@type":"ListItem","position":1,"name":"Home","item":"https:\/\/holster.md\/ro\/"},{"@type":"ListItem","position":2,"name":"Magazin","item":"https:\/\/holster.md\/ro\/"},{"@type":"ListItem","position":3,"name":"Toc Kydex OWB Nivel 2 pentru pistol cu lanterna"}]},{"@type":"WebSite","@id":"https:\/\/holster.md\/ro\/#website","url":"https:\/\/holster.md\/ro\/","name":"Kydex Holsters","description":"from shooters to shooters","publisher":{"@id":"https:\/\/holster.md\/ro\/#organization"},"potentialAction":[{"@type":"SearchAction","target":{"@type":"EntryPoint","urlTemplate":"https:\/\/holster.md\/ro\/?s={search_term_string}"},"query-input":{"@type":"PropertyValueSpecification","valueRequired":true,"valueName":"search_term_string"}}],"inLanguage":"ro-RO"},{"@type":"Organization","@id":"https:\/\/holster.md\/ro\/#organization","name":"Kydex Holsters LTD","url":"https:\/\/holster.md\/ro\/","logo":{"@type":"ImageObject","inLanguage":"ro-RO","@id":"https:\/\/holster.md\/ro\/#\/schema\/logo\/image\/","url":"https:\/\/holster.md\/wp-content\/uploads\/2020\/12\/iwb-loop-claw.jpg","contentUrl":"https:\/\/holster.md\/wp-content\/uploads\/2020\/12\/iwb-loop-claw.jpg","width":1000,"height":792,"caption":"Kydex Holsters LTD"},"image":{"@id":"https:\/\/holster.md\/ro\/#\/schema\/logo\/image\/"},"sameAs":["https:\/\/www.facebook.com\/holster.md","https:\/\/www.instagram.com\/holsters.pro\/","https:\/\/www.youtube.com\/channel\/UCfBM11_gkaLTr7lXFgLtP2A"]}]}},"jetpack_sharing_enabled":true,"_links":{"self":[{"href":"https:\/\/holster.md\/ro\/wp-json\/wp\/v2\/product\/8180","targetHints":{"allow":["GET"]}}],"collection":[{"href":"https:\/\/holster.md\/ro\/wp-json\/wp\/v2\/product"}],"about":[{"href":"https:\/\/holster.md\/ro\/wp-json\/wp\/v2\/types\/product"}],"replies":[{"embeddable":true,"href":"https:\/\/holster.md\/ro\/wp-json\/wp\/v2\/comments?post=8180"}],"wp:featuredmedia":[{"embeddable":true,"href":"https:\/\/holster.md\/ro\/wp-json\/wp\/v2\/media\/9322"}],"wp:attachment":[{"href":"https:\/\/holster.md\/ro\/wp-json\/wp\/v2\/media?parent=8180"}],"wp:term":[{"taxonomy":"product_brand","embeddable":true,"href":"https:\/\/holster.md\/ro\/wp-json\/wp\/v2\/product_brand?post=8180"},{"taxonomy":"product_cat","embeddable":true,"href":"https:\/\/holster.md\/ro\/wp-json\/wp\/v2\/product_cat?post=8180"},{"taxonomy":"product_tag","embeddable":true,"href":"https:\/\/holster.md\/ro\/wp-json\/wp\/v2\/product_tag?post=8180"}],"curies":[{"name":"wp","href":"https:\/\/api.w.org\/{rel}","templated":true}]}}