{"id":7917,"date":"2023-04-04T09:25:39","date_gmt":"2023-04-04T06:25:39","guid":{"rendered":"https:\/\/holster.md\/?post_type=product&#038;p=7917"},"modified":"2025-12-24T11:43:20","modified_gmt":"2025-12-24T09:43:20","slug":"owb-level-2-kydex-holster-ro","status":"publish","type":"product","link":"https:\/\/holster.md\/ro\/produs\/owb-level-2-kydex-holster-ro\/","title":{"rendered":"Toc Kydex OWB Nivel 2"},"content":{"rendered":"<p>Toc exterior (OWB) kydex pentru pistol cu \u200b\u200bprotec\u021bie de nivel 2 (Level 2 protection). E facut din Kydex .080&#8243; (2mm) (RECOMANDAT 0.093&#8243; &#8211; 2.3 mm) cu multe op\u021biuni diferite:<\/p>\n<ul>\n<li>o curea special\u0103 pliabil\u0103 pentru protec\u021bie suplimentar\u0103 a pistolului \u00eempotriva smulgerii sau c\u0103derilor;<\/li>\n<li>unghi variabil de fixare (fa\u021b\u0103, centru, spate);<\/li>\n<li>numai suporturi de centur\u0103 originale: DCL COMBAT Loops, Blade-tech Tek-lok, Blade-tech ASR , paleta G-code, palet\u0103 Bladetech, montur\u0103 TSR (vezi imaginile din galeria de produse);<\/li>\n<li>sisteme de eliberare rapid\u0103 de la Blade-tech \u0219i Safariland;<\/li>\n<li>dimensiune standard de centur\u0103 de la 3,8 la 6cm;<\/li>\n<li>Potrivit pentru o varietate de ofi\u021beri militari \u0219i de poli\u021bie care au nevoie de protec\u021bie suplimentar\u0103 pentru arme.<\/li>\n<\/ul>\n<p>V\u0103 rug\u0103m s\u0103 verifica\u021bi galeria de imagini a produsului pentru mai multe informa\u021bii.<\/p>\n","protected":false},"excerpt":{"rendered":"<p>Toc exterior (OWB) kydex pentru pistol cu \u200b\u200bprotec\u021bie de nivel 2 (Level 2 protection). E facut din Kydex .080&#8243; (2mm) (RECOMANDAT 0.093&#8243; &#8211; 2.3 mm) cu multe op\u021biuni diferite: o curea special\u0103 pliabil\u0103 pentru protec\u021bie suplimentar\u0103 a pistolului \u00eempotriva smulgerii sau c\u0103derilor; unghi variabil de fixare (fa\u021b\u0103, centru, spate); numai suporturi de centur\u0103 originale: DCL [&hellip;]<\/p>\n","protected":false},"featured_media":8215,"comment_status":"open","ping_status":"closed","template":"","meta":[],"product_brand":[],"product_cat":[160],"product_tag":[374,376,284,285,366,287,365,395,288],"class_list":{"0":"post-7917","1":"product","2":"type-product","3":"status-publish","4":"has-post-thumbnail","6":"product_cat-owb-ro","7":"product_tag-toc-pentru-arex","8":"product_tag-toc-pentru-arsenal","9":"product_tag-toc-pentru-cz","10":"product_tag-toc-pentru-glock","11":"product_tag-heckler-koch-holsters-ro","12":"product_tag-sig-sauer-holsters","13":"product_tag-springfield-hs-holsters-ro","14":"product_tag-taurus-holsters-ro","15":"product_tag-walther-holsters","16":"pa_firearm-strike-one","17":"pa_firearm-arex-alpha","18":"pa_firearm-arex-delta","19":"pa_firearm-arex-delta-l","20":"pa_firearm-baikal-mp-446","21":"pa_firearm-beretta-92fs","22":"pa_firearm-beretta-92x-performance-defensive","23":"pa_firearm-beretta-92x-performance","24":"pa_firearm-beretta-apx","25":"pa_firearm-beretta-apx-compact-centurion","26":"pa_firearm-beretta-m9a4","27":"pa_firearm-beretta-px4-storm","28":"pa_firearm-bersa-bpcc-9mm","29":"pa_firearm-bul-1911-edc-4-25","30":"pa_firearm-bul-1911-edc-5","31":"pa_firearm-bull-1911-m-5-compact","32":"pa_firearm-bul-1911-ultra","33":"pa_firearm-bul-sas-2-air","34":"pa_firearm-bul-sas-2-blazer","35":"pa_firearm-bul-sas-2-edc-edc-pro-4-25","36":"pa_firearm-bul-sas-2-radical","37":"pa_firearm-bul-sas-2-tac","38":"pa_firearm-bul-sas-2-tac-5","39":"pa_firearm-bul-sas-2-ultralight","40":"pa_firearm-canik-mete-sft","41":"pa_firearm-canik-mete-tp9-sub","42":"pa_firearm-canik-sfx-rival","43":"pa_firearm-canik-tp9-elite-combat","44":"pa_firearm-canik-tp9-sf","45":"pa_firearm-canik-tp9-sf-elite-tp9-sf-elite-s-tp9-elite-s-combat","46":"pa_firearm-canik-tp9-sub-elite-tp9-sub-elite-cas","47":"pa_firearm-colt-1911","48":"pa_firearm-colt-python-2020-4-25","49":"pa_firearm-colt-python-2020","50":"pa_firearm-cz-2075-rami","51":"pa_firearm-cz-75-compact","52":"pa_firearm-cz-p01","53":"pa_firearm-shadow-2","54":"pa_firearm-cz-75-shadow-2-compact","55":"pa_firearm-cz-75-sp-01-shadow","56":"pa_firearm-cz-75-tactical-sport-2","57":"pa_firearm-cz-75b","58":"pa_firearm-cz-85","59":"pa_firearm-cz-p-07","60":"pa_firearm-cz-p-09","61":"pa_firearm-cz-p-09-c-nocturne","62":"pa_firearm-cz-p-09-f-nocturne","63":"pa_firearm-cz-p10c","64":"pa_firearm-cz-p-10f","65":"pa_firearm-cz-p-10f-45acp","66":"pa_firearm-cz-p-10m","67":"pa_firearm-cz-p-10-s","68":"pa_firearm-fn-510","69":"pa_firearm-fn-510-tactical","70":"pa_firearm-fort-17-r","71":"pa_firearm-glock-17","72":"pa_firearm-glock-17-22-gen5","73":"pa_firearm-glock-17-gen-6","74":"pa_firearm-glock-19-gen5","75":"pa_firearm-glock-19","76":"pa_firearm-glock-21","77":"pa_firearm-glock-20-21-gen-5","78":"pa_firearm-glock-26-27-gen-5","79":"pa_firearm-glock-25-27-33","80":"pa_firearm-glock-34","81":"pa_firearm-glock-42","82":"pa_firearm-glock-43","83":"pa_firearm-glock-43x-mos","84":"pa_firearm-glock-48","85":"pa_firearm-glock-48-mos","86":"pa_firearm-grand-power-k100","87":"pa_firearm-grand-power-k22s","88":"pa_firearm-grand-power-p1","89":"pa_firearm-grand-power-p11","90":"pa_firearm-grand-power-t12","91":"pa_firearm-grand-power-t12-mk23","92":"pa_firearm-grand-power-x-calibur","93":"pa_firearm-grand-power-x-calibur-match-mk23","94":"pa_firearm-hk-p30","95":"pa_firearm-hk-p30-l","96":"pa_firearm-hk-p30-sk","97":"pa_firearm-hk-usp","98":"pa_firearm-hk-usp-compact","99":"pa_firearm-hk-usp-tactical-9mm","100":"pa_firearm-hk-vp9-sfp9","101":"pa_firearm-hk-vp9-sfp9-long","102":"pa_firearm-hk-vp9-sk-sfp9-sk","103":"pa_firearm-hs-produkt-hs-9","104":"pa_firearm-hs-produkt-hs-9-gen-2-3","105":"pa_firearm-hs-produkt-hs-9-gen-2","106":"pa_firearm-hs-produkt-hs-9-gen-2-5","107":"pa_firearm-hs-produkt-hs-9-subcompact","108":"pa_firearm-hs-produkt-sf19-3-8","109":"pa_firearm-hs-produkt-sf19-4-5","110":"pa_firearm-hs-produkt-sf19-5-25","111":"pa_firearm-kimber-1911","112":"pa_firearm-kimber-2k11","113":"pa_firearm-kmr-l-02-cuda","114":"pa_firearm-kmr-l-02-orca","115":"pa_firearm-kmr-s-02-5-5","116":"pa_firearm-kmr-spectra","117":"pa_firearm-kmr-w-02-umbra","118":"pa_firearm-kmr-w-02-umbra-x","119":"pa_firearm-kmr-w-02-vapor-or-sr","120":"pa_firearm-alien","121":"pa_firearm-laugo-arms-alien-creator","122":"pa_firearm-laugo-arms-alien-remus","123":"pa_firearm-other-model-specify-in-order-comments","124":"pa_firearm-phoenix-drake-production","125":"pa_firearm-phoenix-drake-standard","126":"pa_firearm-phoenix-predator","127":"pa_firearm-phoenix-redback","128":"pa_firearm-pm-makarov","129":"pa_firearm-remington-1911-r1","130":"pa_firearm-remington-rm380","131":"pa_firearm-ruger-american","132":"pa_firearm-ruger-american-competition","133":"pa_firearm-ruger-sr-1911","134":"pa_firearm-ruger-sr-1911-commander","135":"pa_firearm-sig-sauer-p211-gto","136":"pa_firearm-sig-sauer-p226","137":"pa_firearm-sig-sauer-p229","138":"pa_firearm-sig-p320-carry","139":"pa_firearm-sig-p320-carry-45-auto","140":"pa_firearm-sig-sauer-p320-compact","141":"pa_firearm-sig-p320-full","142":"pa_firearm-sig-sauer-p320-subcompact","143":"pa_firearm-sig-p320-x-full","144":"pa_firearm-sig-p320-x-carry","145":"pa_firearm-sig-sauer-p322-022lr","146":"pa_firearm-sig-sauer-p365-p365x","147":"pa_firearm-sig-sauer-p365-fuse","148":"pa_firearm-sig-sauer-p365-x-macro","149":"pa_firearm-sig-sauer-p365-x-macro-comp","150":"pa_firearm-sig-sauer-p365-xl","151":"pa_firearm-sig-sauer-p938","152":"pa_firearm-sig-sauer-sp2022","153":"pa_firearm-smithwesson-627","154":"pa_firearm-smithwesson-686","155":"pa_firearm-smithwesson-governor","156":"pa_firearm-smithwesson-j-frame-classic","157":"pa_firearm-smithwesson-mp-9-m2-0","158":"pa_firearm-smithwesson-mp9-m2-0-3-6-compact","159":"pa_firearm-smithwesson-mp9-m2-0-4-25","160":"pa_firearm-smithwesson-mp9-m2-5-full","161":"pa_firearm-smithwesson-mp9-shield-plus","162":"pa_firearm-smithwesson-mp9-shield-plus-comp","163":"pa_firearm-smithwesson-mp9-40-4","164":"pa_firearm-springfield-1911-emissary","165":"pa_firearm-springfield-prodigy","166":"pa_firearm-springfield-1911-prodigy-5","167":"pa_firearm-springfield-echelon","168":"pa_firearm-springfield-echelon-4-compact","169":"pa_firearm-springfield-hellcat","170":"pa_firearm-springfield-hellcat-pro-hs-h11-pro","171":"pa_firearm-springfield-hs-xd-9","172":"pa_firearm-springfield-xd-9-compact","173":"pa_firearm-springfield-xd-9-compact-mod-2","174":"pa_firearm-springfield-xd-9-compact-mod-3","175":"pa_firearm-springfield-xd-9-mod-2","176":"pa_firearm-springfield-xd-9-mod-3","177":"pa_firearm-springfield-xd-s-3-3","178":"pa_firearm-springfield-xd-s-3-3-mod-2","179":"pa_firearm-xdm-38","180":"pa_firearm-xdm-45","181":"pa_firearm-steyr-c9-a1","182":"pa_firearm-steyr-l9-a1","183":"pa_firearm-steyr-m9-a1","184":"pa_firearm-sti-staccato-cs","185":"pa_firearm-sti-staccato-hd-4-5","186":"pa_firearm-sti-staccato-hd-4","187":"pa_firearm-sti-staccato-p","188":"pa_firearm-sti-staccato-xc","189":"pa_firearm-sti-staccato-xl","190":"pa_firearm-tanfoglio-gold-match","191":"pa_firearm-tanfoglio-limited-pro","192":"pa_firearm-tanfoglio-stock-i","193":"pa_firearm-tanfoglio-stock-ii","194":"pa_firearm-tanfoglio-stock-iii","195":"pa_firearm-taurus-1911","196":"pa_firearm-taurus-1911-commander","197":"pa_firearm-taurus-g2c","198":"pa_firearm-taurus-gx4-carry","199":"pa_firearm-taurus-gx4-xl","200":"pa_firearm-taurus-pt-24-7-g2","201":"pa_firearm-taurus-pt-24-7-g2-compact","202":"pa_firearm-taurus-th9","203":"pa_firearm-taurus-th9-compact","204":"pa_firearm-taurus-ts9","205":"pa_firearm-taurus-ts9c","206":"pa_firearm-tti-sand-viper-w-sro","207":"pa_firearm-tulskiy-tokarev-tt","208":"pa_firearm-walther-ccp","209":"pa_firearm-walther-creed","210":"pa_firearm-walther-p08","211":"pa_firearm-walther-p22","212":"pa_firearm-walther-p38","213":"pa_firearm-walther-p99","214":"pa_firearm-walther-pdp-4","215":"pa_firearm-walther-pdp-4-sf","216":"pa_firearm-walther-pdp45","217":"pa_firearm-walther-pdp-4-5-sf","218":"pa_firearm-walther-pdp","219":"pa_firearm-walther-pdp-5-sf","220":"pa_firearm-walther-pdp-f-series-3-5","221":"pa_firearm-walther-pdp-f-series-4","222":"pa_firearm-walther-ppk","223":"pa_firearm-walther-ppq","224":"pa_firearm-walther-ppq-45-auto","225":"pa_firearm-walther-pps","226":"pa_firearm-walther-pps-m2","227":"pa_firearm-walther-q4","228":"pa_firearm-walther-q4-sf","229":"pa_firearm-walther-q5-match","230":"pa_firearm-walther-q5-match-sf","231":"pa_firearm-zev-oz9","232":"pa_firearm-zev-oz9c","234":"first","235":"instock","236":"shipping-taxable","237":"purchasable","238":"product-type-variable","239":"has-default-attributes"},"yoast_head":"<!-- This site is optimized with the Yoast SEO plugin v27.3 - https:\/\/yoast.com\/product\/yoast-seo-wordpress\/ -->\n<title>Toc Kydex OWB Nivel 2<\/title>\n<meta name=\"robots\" content=\"index, follow, max-snippet:-1, max-image-preview:large, max-video-preview:-1\" \/>\n<link rel=\"canonical\" href=\"https:\/\/holster.md\/ro\/produs\/owb-level-2-kydex-holster-ro\/\" \/>\n<meta property=\"og:locale\" content=\"ro_RO\" \/>\n<meta property=\"og:type\" content=\"article\" \/>\n<meta property=\"og:title\" content=\"Toc Kydex OWB Nivel 2\" \/>\n<meta property=\"og:description\" content=\"Toc exterior (OWB) kydex pentru pistol cu \u200b\u200bprotec\u021bie de nivel 2 (Level 2 protection). E facut din Kydex .080&#8243; (2mm) (RECOMANDAT 0.093&#8243; &#8211; 2.3 mm) cu multe op\u021biuni diferite: o curea special\u0103 pliabil\u0103 pentru protec\u021bie suplimentar\u0103 a pistolului \u00eempotriva smulgerii sau c\u0103derilor; unghi variabil de fixare (fa\u021b\u0103, centru, spate); numai suporturi de centur\u0103 originale: DCL [&hellip;]\" \/>\n<meta property=\"og:url\" content=\"https:\/\/holster.md\/ro\/produs\/owb-level-2-kydex-holster-ro\/\" \/>\n<meta property=\"og:site_name\" content=\"Kydex Holsters\" \/>\n<meta property=\"article:publisher\" content=\"https:\/\/www.facebook.com\/holster.md\" \/>\n<meta property=\"article:modified_time\" content=\"2025-12-24T09:43:20+00:00\" \/>\n<meta property=\"og:image\" content=\"https:\/\/holster.md\/wp-content\/uploads\/2023\/04\/lvl2.jpg\" \/>\n\t<meta property=\"og:image:width\" content=\"1200\" \/>\n\t<meta property=\"og:image:height\" content=\"893\" \/>\n\t<meta property=\"og:image:type\" content=\"image\/jpeg\" \/>\n<meta name=\"twitter:card\" content=\"summary_large_image\" \/>\n<meta name=\"twitter:label1\" content=\"Timp estimat pentru citire\" \/>\n\t<meta name=\"twitter:data1\" content=\"1 minut\" \/>\n<script type=\"application\/ld+json\" class=\"yoast-schema-graph\">{\"@context\":\"https:\\\/\\\/schema.org\",\"@graph\":[{\"@type\":\"WebPage\",\"@id\":\"https:\\\/\\\/holster.md\\\/ro\\\/produs\\\/owb-level-2-kydex-holster-ro\\\/\",\"url\":\"https:\\\/\\\/holster.md\\\/ro\\\/produs\\\/owb-level-2-kydex-holster-ro\\\/\",\"name\":\"Toc Kydex OWB Nivel 2\",\"isPartOf\":{\"@id\":\"https:\\\/\\\/holster.md\\\/ro\\\/#website\"},\"primaryImageOfPage\":{\"@id\":\"https:\\\/\\\/holster.md\\\/ro\\\/produs\\\/owb-level-2-kydex-holster-ro\\\/#primaryimage\"},\"image\":{\"@id\":\"https:\\\/\\\/holster.md\\\/ro\\\/produs\\\/owb-level-2-kydex-holster-ro\\\/#primaryimage\"},\"thumbnailUrl\":\"https:\\\/\\\/holster.md\\\/wp-content\\\/uploads\\\/2023\\\/04\\\/lvl2.jpg\",\"datePublished\":\"2023-04-04T06:25:39+00:00\",\"dateModified\":\"2025-12-24T09:43:20+00:00\",\"breadcrumb\":{\"@id\":\"https:\\\/\\\/holster.md\\\/ro\\\/produs\\\/owb-level-2-kydex-holster-ro\\\/#breadcrumb\"},\"inLanguage\":\"ro-RO\",\"potentialAction\":[{\"@type\":\"ReadAction\",\"target\":[\"https:\\\/\\\/holster.md\\\/ro\\\/produs\\\/owb-level-2-kydex-holster-ro\\\/\"]}]},{\"@type\":\"ImageObject\",\"inLanguage\":\"ro-RO\",\"@id\":\"https:\\\/\\\/holster.md\\\/ro\\\/produs\\\/owb-level-2-kydex-holster-ro\\\/#primaryimage\",\"url\":\"https:\\\/\\\/holster.md\\\/wp-content\\\/uploads\\\/2023\\\/04\\\/lvl2.jpg\",\"contentUrl\":\"https:\\\/\\\/holster.md\\\/wp-content\\\/uploads\\\/2023\\\/04\\\/lvl2.jpg\",\"width\":1200,\"height\":893},{\"@type\":\"BreadcrumbList\",\"@id\":\"https:\\\/\\\/holster.md\\\/ro\\\/produs\\\/owb-level-2-kydex-holster-ro\\\/#breadcrumb\",\"itemListElement\":[{\"@type\":\"ListItem\",\"position\":1,\"name\":\"Home\",\"item\":\"https:\\\/\\\/holster.md\\\/ro\\\/\"},{\"@type\":\"ListItem\",\"position\":2,\"name\":\"Magazin\",\"item\":\"https:\\\/\\\/holster.md\\\/ro\\\/\"},{\"@type\":\"ListItem\",\"position\":3,\"name\":\"Toc Kydex OWB Nivel 2\"}]},{\"@type\":\"WebSite\",\"@id\":\"https:\\\/\\\/holster.md\\\/ro\\\/#website\",\"url\":\"https:\\\/\\\/holster.md\\\/ro\\\/\",\"name\":\"Kydex Holsters\",\"description\":\"from shooters to shooters\",\"publisher\":{\"@id\":\"https:\\\/\\\/holster.md\\\/ro\\\/#organization\"},\"potentialAction\":[{\"@type\":\"SearchAction\",\"target\":{\"@type\":\"EntryPoint\",\"urlTemplate\":\"https:\\\/\\\/holster.md\\\/ro\\\/?s={search_term_string}\"},\"query-input\":{\"@type\":\"PropertyValueSpecification\",\"valueRequired\":true,\"valueName\":\"search_term_string\"}}],\"inLanguage\":\"ro-RO\"},{\"@type\":\"Organization\",\"@id\":\"https:\\\/\\\/holster.md\\\/ro\\\/#organization\",\"name\":\"Kydex Holsters LTD\",\"url\":\"https:\\\/\\\/holster.md\\\/ro\\\/\",\"logo\":{\"@type\":\"ImageObject\",\"inLanguage\":\"ro-RO\",\"@id\":\"https:\\\/\\\/holster.md\\\/ro\\\/#\\\/schema\\\/logo\\\/image\\\/\",\"url\":\"https:\\\/\\\/holster.md\\\/wp-content\\\/uploads\\\/2020\\\/12\\\/iwb-loop-claw.jpg\",\"contentUrl\":\"https:\\\/\\\/holster.md\\\/wp-content\\\/uploads\\\/2020\\\/12\\\/iwb-loop-claw.jpg\",\"width\":1000,\"height\":792,\"caption\":\"Kydex Holsters LTD\"},\"image\":{\"@id\":\"https:\\\/\\\/holster.md\\\/ro\\\/#\\\/schema\\\/logo\\\/image\\\/\"},\"sameAs\":[\"https:\\\/\\\/www.facebook.com\\\/holster.md\",\"https:\\\/\\\/www.instagram.com\\\/holsters.pro\\\/\",\"https:\\\/\\\/www.youtube.com\\\/channel\\\/UCfBM11_gkaLTr7lXFgLtP2A\"]}]}<\/script>\n<!-- \/ Yoast SEO plugin. -->","yoast_head_json":{"title":"Toc Kydex OWB Nivel 2","robots":{"index":"index","follow":"follow","max-snippet":"max-snippet:-1","max-image-preview":"max-image-preview:large","max-video-preview":"max-video-preview:-1"},"canonical":"https:\/\/holster.md\/ro\/produs\/owb-level-2-kydex-holster-ro\/","og_locale":"ro_RO","og_type":"article","og_title":"Toc Kydex OWB Nivel 2","og_description":"Toc exterior (OWB) kydex pentru pistol cu \u200b\u200bprotec\u021bie de nivel 2 (Level 2 protection). E facut din Kydex .080&#8243; (2mm) (RECOMANDAT 0.093&#8243; &#8211; 2.3 mm) cu multe op\u021biuni diferite: o curea special\u0103 pliabil\u0103 pentru protec\u021bie suplimentar\u0103 a pistolului \u00eempotriva smulgerii sau c\u0103derilor; unghi variabil de fixare (fa\u021b\u0103, centru, spate); numai suporturi de centur\u0103 originale: DCL [&hellip;]","og_url":"https:\/\/holster.md\/ro\/produs\/owb-level-2-kydex-holster-ro\/","og_site_name":"Kydex Holsters","article_publisher":"https:\/\/www.facebook.com\/holster.md","article_modified_time":"2025-12-24T09:43:20+00:00","og_image":[{"width":1200,"height":893,"url":"https:\/\/holster.md\/wp-content\/uploads\/2023\/04\/lvl2.jpg","type":"image\/jpeg"}],"twitter_card":"summary_large_image","twitter_misc":{"Timp estimat pentru citire":"1 minut"},"schema":{"@context":"https:\/\/schema.org","@graph":[{"@type":"WebPage","@id":"https:\/\/holster.md\/ro\/produs\/owb-level-2-kydex-holster-ro\/","url":"https:\/\/holster.md\/ro\/produs\/owb-level-2-kydex-holster-ro\/","name":"Toc Kydex OWB Nivel 2","isPartOf":{"@id":"https:\/\/holster.md\/ro\/#website"},"primaryImageOfPage":{"@id":"https:\/\/holster.md\/ro\/produs\/owb-level-2-kydex-holster-ro\/#primaryimage"},"image":{"@id":"https:\/\/holster.md\/ro\/produs\/owb-level-2-kydex-holster-ro\/#primaryimage"},"thumbnailUrl":"https:\/\/holster.md\/wp-content\/uploads\/2023\/04\/lvl2.jpg","datePublished":"2023-04-04T06:25:39+00:00","dateModified":"2025-12-24T09:43:20+00:00","breadcrumb":{"@id":"https:\/\/holster.md\/ro\/produs\/owb-level-2-kydex-holster-ro\/#breadcrumb"},"inLanguage":"ro-RO","potentialAction":[{"@type":"ReadAction","target":["https:\/\/holster.md\/ro\/produs\/owb-level-2-kydex-holster-ro\/"]}]},{"@type":"ImageObject","inLanguage":"ro-RO","@id":"https:\/\/holster.md\/ro\/produs\/owb-level-2-kydex-holster-ro\/#primaryimage","url":"https:\/\/holster.md\/wp-content\/uploads\/2023\/04\/lvl2.jpg","contentUrl":"https:\/\/holster.md\/wp-content\/uploads\/2023\/04\/lvl2.jpg","width":1200,"height":893},{"@type":"BreadcrumbList","@id":"https:\/\/holster.md\/ro\/produs\/owb-level-2-kydex-holster-ro\/#breadcrumb","itemListElement":[{"@type":"ListItem","position":1,"name":"Home","item":"https:\/\/holster.md\/ro\/"},{"@type":"ListItem","position":2,"name":"Magazin","item":"https:\/\/holster.md\/ro\/"},{"@type":"ListItem","position":3,"name":"Toc Kydex OWB Nivel 2"}]},{"@type":"WebSite","@id":"https:\/\/holster.md\/ro\/#website","url":"https:\/\/holster.md\/ro\/","name":"Kydex Holsters","description":"from shooters to shooters","publisher":{"@id":"https:\/\/holster.md\/ro\/#organization"},"potentialAction":[{"@type":"SearchAction","target":{"@type":"EntryPoint","urlTemplate":"https:\/\/holster.md\/ro\/?s={search_term_string}"},"query-input":{"@type":"PropertyValueSpecification","valueRequired":true,"valueName":"search_term_string"}}],"inLanguage":"ro-RO"},{"@type":"Organization","@id":"https:\/\/holster.md\/ro\/#organization","name":"Kydex Holsters LTD","url":"https:\/\/holster.md\/ro\/","logo":{"@type":"ImageObject","inLanguage":"ro-RO","@id":"https:\/\/holster.md\/ro\/#\/schema\/logo\/image\/","url":"https:\/\/holster.md\/wp-content\/uploads\/2020\/12\/iwb-loop-claw.jpg","contentUrl":"https:\/\/holster.md\/wp-content\/uploads\/2020\/12\/iwb-loop-claw.jpg","width":1000,"height":792,"caption":"Kydex Holsters LTD"},"image":{"@id":"https:\/\/holster.md\/ro\/#\/schema\/logo\/image\/"},"sameAs":["https:\/\/www.facebook.com\/holster.md","https:\/\/www.instagram.com\/holsters.pro\/","https:\/\/www.youtube.com\/channel\/UCfBM11_gkaLTr7lXFgLtP2A"]}]}},"jetpack_sharing_enabled":true,"_links":{"self":[{"href":"https:\/\/holster.md\/ro\/wp-json\/wp\/v2\/product\/7917","targetHints":{"allow":["GET"]}}],"collection":[{"href":"https:\/\/holster.md\/ro\/wp-json\/wp\/v2\/product"}],"about":[{"href":"https:\/\/holster.md\/ro\/wp-json\/wp\/v2\/types\/product"}],"replies":[{"embeddable":true,"href":"https:\/\/holster.md\/ro\/wp-json\/wp\/v2\/comments?post=7917"}],"wp:featuredmedia":[{"embeddable":true,"href":"https:\/\/holster.md\/ro\/wp-json\/wp\/v2\/media\/8215"}],"wp:attachment":[{"href":"https:\/\/holster.md\/ro\/wp-json\/wp\/v2\/media?parent=7917"}],"wp:term":[{"taxonomy":"product_brand","embeddable":true,"href":"https:\/\/holster.md\/ro\/wp-json\/wp\/v2\/product_brand?post=7917"},{"taxonomy":"product_cat","embeddable":true,"href":"https:\/\/holster.md\/ro\/wp-json\/wp\/v2\/product_cat?post=7917"},{"taxonomy":"product_tag","embeddable":true,"href":"https:\/\/holster.md\/ro\/wp-json\/wp\/v2\/product_tag?post=7917"}],"curies":[{"name":"wp","href":"https:\/\/api.w.org\/{rel}","templated":true}]}}