{"id":7049,"date":"2023-01-03T11:36:27","date_gmt":"2023-01-03T09:36:28","guid":{"rendered":"https:\/\/holster.md\/?post_type=product&#038;p=7049"},"modified":"2023-01-03T11:44:20","modified_gmt":"2023-01-03T09:44:20","slug":"husa-singura-cu-mrd-externa","status":"publish","type":"product","link":"https:\/\/holster.md\/ro\/produs\/husa-singura-cu-mrd-externa\/","title":{"rendered":"Hu\u0219a singura cu MRD (Externa)"},"content":{"rendered":"<p>Hu\u0219a singura cu MRD.\u00a0 OWB &#8211; externa:<\/p>\n<p>MRD (Magazine Retantion Device)\u00a0 -dispozitivul de re\u021binere \u00eenc\u0103rc\u0103torului este utilizat \u00een aceast\u0103 pung\u0103 pentru a oferi un control mai mare al re\u021binerii. Vede\u021bi imaginile pentru a \u00een\u021belege cum func\u021bioneaz\u0103, v\u0103 rog.<\/p>\n","protected":false},"excerpt":{"rendered":"<p>Hu\u0219a singura cu MRD.\u00a0 OWB &#8211; externa: MRD (Magazine Retantion Device)\u00a0 -dispozitivul de re\u021binere \u00eenc\u0103rc\u0103torului este utilizat \u00een aceast\u0103 pung\u0103 pentru a oferi un control mai mare al re\u021binerii. Vede\u021bi imaginile pentru a \u00een\u021belege cum func\u021bioneaz\u0103, v\u0103 rog.<\/p>\n","protected":false},"featured_media":16162,"comment_status":"open","ping_status":"closed","template":"","meta":[],"product_brand":[],"product_cat":[162],"product_tag":[],"class_list":{"0":"post-7049","1":"product","2":"type-product","3":"status-publish","4":"has-post-thumbnail","6":"product_cat-pouches-ro","8":"first","9":"instock","10":"shipping-taxable","11":"purchasable","12":"product-type-variable","13":"has-default-attributes"},"yoast_head":"<!-- This site is optimized with the Yoast SEO plugin v27.5 - https:\/\/yoast.com\/product\/yoast-seo-wordpress\/ -->\n<title>Hu\u0219a singura cu MRD (Externa)<\/title>\n<meta name=\"robots\" content=\"index, follow, max-snippet:-1, max-image-preview:large, max-video-preview:-1\" \/>\n<link rel=\"canonical\" href=\"https:\/\/holster.md\/ro\/produs\/husa-singura-cu-mrd-externa\/\" \/>\n<meta property=\"og:locale\" content=\"ro_RO\" \/>\n<meta property=\"og:type\" content=\"article\" \/>\n<meta property=\"og:title\" content=\"Hu\u0219a singura cu MRD (Externa)\" \/>\n<meta property=\"og:description\" content=\"Hu\u0219a singura cu MRD.\u00a0 OWB &#8211; externa: MRD (Magazine Retantion Device)\u00a0 -dispozitivul de re\u021binere \u00eenc\u0103rc\u0103torului este utilizat \u00een aceast\u0103 pung\u0103 pentru a oferi un control mai mare al re\u021binerii. Vede\u021bi imaginile pentru a \u00een\u021belege cum func\u021bioneaz\u0103, v\u0103 rog.\" \/>\n<meta property=\"og:url\" content=\"https:\/\/holster.md\/ro\/produs\/husa-singura-cu-mrd-externa\/\" \/>\n<meta property=\"og:site_name\" content=\"Kydex Holsters\" \/>\n<meta property=\"article:publisher\" content=\"https:\/\/www.facebook.com\/holster.md\" \/>\n<meta property=\"article:modified_time\" content=\"2023-01-03T09:44:20+00:00\" \/>\n<meta property=\"og:image\" content=\"https:\/\/holster.md\/wp-content\/uploads\/2023\/01\/single-owb-pouch.jpg\" \/>\n\t<meta property=\"og:image:width\" content=\"1000\" \/>\n\t<meta property=\"og:image:height\" content=\"1000\" \/>\n\t<meta property=\"og:image:type\" content=\"image\/jpeg\" \/>\n<meta name=\"twitter:card\" content=\"summary_large_image\" \/>\n<script type=\"application\/ld+json\" class=\"yoast-schema-graph\">{\"@context\":\"https:\\\/\\\/schema.org\",\"@graph\":[{\"@type\":\"WebPage\",\"@id\":\"https:\\\/\\\/holster.md\\\/ro\\\/produs\\\/husa-singura-cu-mrd-externa\\\/\",\"url\":\"https:\\\/\\\/holster.md\\\/ro\\\/produs\\\/husa-singura-cu-mrd-externa\\\/\",\"name\":\"Hu\u0219a singura cu MRD (Externa)\",\"isPartOf\":{\"@id\":\"https:\\\/\\\/holster.md\\\/ro\\\/#website\"},\"primaryImageOfPage\":{\"@id\":\"https:\\\/\\\/holster.md\\\/ro\\\/produs\\\/husa-singura-cu-mrd-externa\\\/#primaryimage\"},\"image\":{\"@id\":\"https:\\\/\\\/holster.md\\\/ro\\\/produs\\\/husa-singura-cu-mrd-externa\\\/#primaryimage\"},\"thumbnailUrl\":\"https:\\\/\\\/holster.md\\\/wp-content\\\/uploads\\\/2023\\\/01\\\/kydex-pouches-with-print.jpg\",\"datePublished\":\"2023-01-03T09:36:28+00:00\",\"dateModified\":\"2023-01-03T09:44:20+00:00\",\"breadcrumb\":{\"@id\":\"https:\\\/\\\/holster.md\\\/ro\\\/produs\\\/husa-singura-cu-mrd-externa\\\/#breadcrumb\"},\"inLanguage\":\"ro-RO\",\"potentialAction\":[{\"@type\":\"ReadAction\",\"target\":[\"https:\\\/\\\/holster.md\\\/ro\\\/produs\\\/husa-singura-cu-mrd-externa\\\/\"]}]},{\"@type\":\"ImageObject\",\"inLanguage\":\"ro-RO\",\"@id\":\"https:\\\/\\\/holster.md\\\/ro\\\/produs\\\/husa-singura-cu-mrd-externa\\\/#primaryimage\",\"url\":\"https:\\\/\\\/holster.md\\\/wp-content\\\/uploads\\\/2023\\\/01\\\/kydex-pouches-with-print.jpg\",\"contentUrl\":\"https:\\\/\\\/holster.md\\\/wp-content\\\/uploads\\\/2023\\\/01\\\/kydex-pouches-with-print.jpg\",\"width\":1200,\"height\":1200},{\"@type\":\"BreadcrumbList\",\"@id\":\"https:\\\/\\\/holster.md\\\/ro\\\/produs\\\/husa-singura-cu-mrd-externa\\\/#breadcrumb\",\"itemListElement\":[{\"@type\":\"ListItem\",\"position\":1,\"name\":\"Home\",\"item\":\"https:\\\/\\\/holster.md\\\/ro\\\/\"},{\"@type\":\"ListItem\",\"position\":2,\"name\":\"Magazin\",\"item\":\"https:\\\/\\\/holster.md\\\/ro\\\/\"},{\"@type\":\"ListItem\",\"position\":3,\"name\":\"Hu\u0219a singura cu MRD (Externa)\"}]},{\"@type\":\"WebSite\",\"@id\":\"https:\\\/\\\/holster.md\\\/ro\\\/#website\",\"url\":\"https:\\\/\\\/holster.md\\\/ro\\\/\",\"name\":\"Kydex Holsters\",\"description\":\"from shooters to shooters\",\"publisher\":{\"@id\":\"https:\\\/\\\/holster.md\\\/ro\\\/#organization\"},\"potentialAction\":[{\"@type\":\"SearchAction\",\"target\":{\"@type\":\"EntryPoint\",\"urlTemplate\":\"https:\\\/\\\/holster.md\\\/ro\\\/?s={search_term_string}\"},\"query-input\":{\"@type\":\"PropertyValueSpecification\",\"valueRequired\":true,\"valueName\":\"search_term_string\"}}],\"inLanguage\":\"ro-RO\"},{\"@type\":\"Organization\",\"@id\":\"https:\\\/\\\/holster.md\\\/ro\\\/#organization\",\"name\":\"Kydex Holsters LTD\",\"url\":\"https:\\\/\\\/holster.md\\\/ro\\\/\",\"logo\":{\"@type\":\"ImageObject\",\"inLanguage\":\"ro-RO\",\"@id\":\"https:\\\/\\\/holster.md\\\/ro\\\/#\\\/schema\\\/logo\\\/image\\\/\",\"url\":\"https:\\\/\\\/holster.md\\\/wp-content\\\/uploads\\\/2020\\\/12\\\/iwb-loop-claw.jpg\",\"contentUrl\":\"https:\\\/\\\/holster.md\\\/wp-content\\\/uploads\\\/2020\\\/12\\\/iwb-loop-claw.jpg\",\"width\":1000,\"height\":792,\"caption\":\"Kydex Holsters LTD\"},\"image\":{\"@id\":\"https:\\\/\\\/holster.md\\\/ro\\\/#\\\/schema\\\/logo\\\/image\\\/\"},\"sameAs\":[\"https:\\\/\\\/www.facebook.com\\\/holster.md\",\"https:\\\/\\\/www.instagram.com\\\/holsters.pro\\\/\",\"https:\\\/\\\/www.youtube.com\\\/channel\\\/UCfBM11_gkaLTr7lXFgLtP2A\"]}]}<\/script>\n<!-- \/ Yoast SEO plugin. -->","yoast_head_json":{"title":"Hu\u0219a singura cu MRD (Externa)","robots":{"index":"index","follow":"follow","max-snippet":"max-snippet:-1","max-image-preview":"max-image-preview:large","max-video-preview":"max-video-preview:-1"},"canonical":"https:\/\/holster.md\/ro\/produs\/husa-singura-cu-mrd-externa\/","og_locale":"ro_RO","og_type":"article","og_title":"Hu\u0219a singura cu MRD (Externa)","og_description":"Hu\u0219a singura cu MRD.\u00a0 OWB &#8211; externa: MRD (Magazine Retantion Device)\u00a0 -dispozitivul de re\u021binere \u00eenc\u0103rc\u0103torului este utilizat \u00een aceast\u0103 pung\u0103 pentru a oferi un control mai mare al re\u021binerii. Vede\u021bi imaginile pentru a \u00een\u021belege cum func\u021bioneaz\u0103, v\u0103 rog.","og_url":"https:\/\/holster.md\/ro\/produs\/husa-singura-cu-mrd-externa\/","og_site_name":"Kydex Holsters","article_publisher":"https:\/\/www.facebook.com\/holster.md","article_modified_time":"2023-01-03T09:44:20+00:00","og_image":[{"width":1000,"height":1000,"url":"https:\/\/holster.md\/wp-content\/uploads\/2023\/01\/single-owb-pouch.jpg","type":"image\/jpeg"}],"twitter_card":"summary_large_image","schema":{"@context":"https:\/\/schema.org","@graph":[{"@type":"WebPage","@id":"https:\/\/holster.md\/ro\/produs\/husa-singura-cu-mrd-externa\/","url":"https:\/\/holster.md\/ro\/produs\/husa-singura-cu-mrd-externa\/","name":"Hu\u0219a singura cu MRD (Externa)","isPartOf":{"@id":"https:\/\/holster.md\/ro\/#website"},"primaryImageOfPage":{"@id":"https:\/\/holster.md\/ro\/produs\/husa-singura-cu-mrd-externa\/#primaryimage"},"image":{"@id":"https:\/\/holster.md\/ro\/produs\/husa-singura-cu-mrd-externa\/#primaryimage"},"thumbnailUrl":"https:\/\/holster.md\/wp-content\/uploads\/2023\/01\/kydex-pouches-with-print.jpg","datePublished":"2023-01-03T09:36:28+00:00","dateModified":"2023-01-03T09:44:20+00:00","breadcrumb":{"@id":"https:\/\/holster.md\/ro\/produs\/husa-singura-cu-mrd-externa\/#breadcrumb"},"inLanguage":"ro-RO","potentialAction":[{"@type":"ReadAction","target":["https:\/\/holster.md\/ro\/produs\/husa-singura-cu-mrd-externa\/"]}]},{"@type":"ImageObject","inLanguage":"ro-RO","@id":"https:\/\/holster.md\/ro\/produs\/husa-singura-cu-mrd-externa\/#primaryimage","url":"https:\/\/holster.md\/wp-content\/uploads\/2023\/01\/kydex-pouches-with-print.jpg","contentUrl":"https:\/\/holster.md\/wp-content\/uploads\/2023\/01\/kydex-pouches-with-print.jpg","width":1200,"height":1200},{"@type":"BreadcrumbList","@id":"https:\/\/holster.md\/ro\/produs\/husa-singura-cu-mrd-externa\/#breadcrumb","itemListElement":[{"@type":"ListItem","position":1,"name":"Home","item":"https:\/\/holster.md\/ro\/"},{"@type":"ListItem","position":2,"name":"Magazin","item":"https:\/\/holster.md\/ro\/"},{"@type":"ListItem","position":3,"name":"Hu\u0219a singura cu MRD (Externa)"}]},{"@type":"WebSite","@id":"https:\/\/holster.md\/ro\/#website","url":"https:\/\/holster.md\/ro\/","name":"Kydex Holsters","description":"from shooters to shooters","publisher":{"@id":"https:\/\/holster.md\/ro\/#organization"},"potentialAction":[{"@type":"SearchAction","target":{"@type":"EntryPoint","urlTemplate":"https:\/\/holster.md\/ro\/?s={search_term_string}"},"query-input":{"@type":"PropertyValueSpecification","valueRequired":true,"valueName":"search_term_string"}}],"inLanguage":"ro-RO"},{"@type":"Organization","@id":"https:\/\/holster.md\/ro\/#organization","name":"Kydex Holsters LTD","url":"https:\/\/holster.md\/ro\/","logo":{"@type":"ImageObject","inLanguage":"ro-RO","@id":"https:\/\/holster.md\/ro\/#\/schema\/logo\/image\/","url":"https:\/\/holster.md\/wp-content\/uploads\/2020\/12\/iwb-loop-claw.jpg","contentUrl":"https:\/\/holster.md\/wp-content\/uploads\/2020\/12\/iwb-loop-claw.jpg","width":1000,"height":792,"caption":"Kydex Holsters LTD"},"image":{"@id":"https:\/\/holster.md\/ro\/#\/schema\/logo\/image\/"},"sameAs":["https:\/\/www.facebook.com\/holster.md","https:\/\/www.instagram.com\/holsters.pro\/","https:\/\/www.youtube.com\/channel\/UCfBM11_gkaLTr7lXFgLtP2A"]}]}},"jetpack_sharing_enabled":true,"_links":{"self":[{"href":"https:\/\/holster.md\/ro\/wp-json\/wp\/v2\/product\/7049","targetHints":{"allow":["GET"]}}],"collection":[{"href":"https:\/\/holster.md\/ro\/wp-json\/wp\/v2\/product"}],"about":[{"href":"https:\/\/holster.md\/ro\/wp-json\/wp\/v2\/types\/product"}],"replies":[{"embeddable":true,"href":"https:\/\/holster.md\/ro\/wp-json\/wp\/v2\/comments?post=7049"}],"wp:featuredmedia":[{"embeddable":true,"href":"https:\/\/holster.md\/ro\/wp-json\/wp\/v2\/media\/16162"}],"wp:attachment":[{"href":"https:\/\/holster.md\/ro\/wp-json\/wp\/v2\/media?parent=7049"}],"wp:term":[{"taxonomy":"product_brand","embeddable":true,"href":"https:\/\/holster.md\/ro\/wp-json\/wp\/v2\/product_brand?post=7049"},{"taxonomy":"product_cat","embeddable":true,"href":"https:\/\/holster.md\/ro\/wp-json\/wp\/v2\/product_cat?post=7049"},{"taxonomy":"product_tag","embeddable":true,"href":"https:\/\/holster.md\/ro\/wp-json\/wp\/v2\/product_tag?post=7049"}],"curies":[{"name":"wp","href":"https:\/\/api.w.org\/{rel}","templated":true}]}}