{"id":4124,"date":"2022-09-06T23:39:35","date_gmt":"2022-09-06T20:39:35","guid":{"rendered":"https:\/\/holster.md\/product\/husa-pentru-pcc\/"},"modified":"2025-10-28T23:09:10","modified_gmt":"2025-10-28T21:09:10","slug":"husa-pentru-pcc","status":"publish","type":"product","link":"https:\/\/holster.md\/ro\/produs\/husa-pentru-pcc\/","title":{"rendered":"Husa pentru PCC"},"content":{"rendered":"<p>Toate huse folosesc MRD (dispozitiv de re\u021binere a incarcatorului) pentru o re\u021binere adecvat\u0103.<\/p>\n<p>Ata\u0219are de baz\u0103 pentru centur\u0103 Blade-tech TEK-LOK.<\/p>\n<p>Dac\u0103 PCC-ul dvs. folose\u0219te incarcator Glock, atunci vizita\u021bi pagina produsului <em><span style=\"color: #ff0000;\"><strong><a style=\"color: #ff0000;\" href=\"https:\/\/holster.md\/ro\/produs\/single-pouch\/\">Husa singura<\/a><\/strong><\/span><\/em>, v\u0103 rug\u0103m.<\/p>\n","protected":false},"excerpt":{"rendered":"<p>Toate huse folosesc MRD (dispozitiv de re\u021binere a incarcatorului) pentru o re\u021binere adecvat\u0103. Ata\u0219are de baz\u0103 pentru centur\u0103 Blade-tech TEK-LOK. Dac\u0103 PCC-ul dvs. folose\u0219te incarcator Glock, atunci vizita\u021bi pagina produsului Husa singura, v\u0103 rug\u0103m.<\/p>\n","protected":false},"featured_media":15779,"comment_status":"open","ping_status":"closed","template":"","meta":[],"product_brand":[],"product_cat":[162],"product_tag":[],"class_list":{"0":"post-4124","1":"product","2":"type-product","3":"status-publish","4":"has-post-thumbnail","6":"product_cat-pouches-ro","8":"first","9":"instock","10":"shipping-taxable","11":"purchasable","12":"product-type-variable"},"yoast_head":"<!-- This site is optimized with the Yoast SEO plugin v27.5 - https:\/\/yoast.com\/product\/yoast-seo-wordpress\/ -->\n<title>Husa pentru PCC<\/title>\n<meta name=\"robots\" content=\"index, follow, max-snippet:-1, max-image-preview:large, max-video-preview:-1\" \/>\n<link rel=\"canonical\" href=\"https:\/\/holster.md\/ro\/produs\/husa-pentru-pcc\/\" \/>\n<meta property=\"og:locale\" content=\"ro_RO\" \/>\n<meta property=\"og:type\" content=\"article\" \/>\n<meta property=\"og:title\" content=\"Husa pentru PCC\" \/>\n<meta property=\"og:description\" content=\"Toate huse folosesc MRD (dispozitiv de re\u021binere a incarcatorului) pentru o re\u021binere adecvat\u0103. Ata\u0219are de baz\u0103 pentru centur\u0103 Blade-tech TEK-LOK. Dac\u0103 PCC-ul dvs. folose\u0219te incarcator Glock, atunci vizita\u021bi pagina produsului Husa singura, v\u0103 rug\u0103m.\" \/>\n<meta property=\"og:url\" content=\"https:\/\/holster.md\/ro\/produs\/husa-pentru-pcc\/\" \/>\n<meta property=\"og:site_name\" content=\"Kydex Holsters\" \/>\n<meta property=\"article:publisher\" content=\"https:\/\/www.facebook.com\/holster.md\" \/>\n<meta property=\"article:modified_time\" content=\"2025-10-28T21:09:10+00:00\" \/>\n<meta property=\"og:image\" content=\"https:\/\/holster.md\/wp-content\/uploads\/2022\/09\/mpx-pouch-mold.png\" \/>\n\t<meta property=\"og:image:width\" content=\"717\" \/>\n\t<meta property=\"og:image:height\" content=\"528\" \/>\n\t<meta property=\"og:image:type\" content=\"image\/png\" \/>\n<meta name=\"twitter:card\" content=\"summary_large_image\" \/>\n<script type=\"application\/ld+json\" class=\"yoast-schema-graph\">{\"@context\":\"https:\\\/\\\/schema.org\",\"@graph\":[{\"@type\":\"WebPage\",\"@id\":\"https:\\\/\\\/holster.md\\\/ro\\\/produs\\\/husa-pentru-pcc\\\/\",\"url\":\"https:\\\/\\\/holster.md\\\/ro\\\/produs\\\/husa-pentru-pcc\\\/\",\"name\":\"Husa pentru PCC\",\"isPartOf\":{\"@id\":\"https:\\\/\\\/holster.md\\\/ro\\\/#website\"},\"primaryImageOfPage\":{\"@id\":\"https:\\\/\\\/holster.md\\\/ro\\\/produs\\\/husa-pentru-pcc\\\/#primaryimage\"},\"image\":{\"@id\":\"https:\\\/\\\/holster.md\\\/ro\\\/produs\\\/husa-pentru-pcc\\\/#primaryimage\"},\"thumbnailUrl\":\"https:\\\/\\\/holster.md\\\/wp-content\\\/uploads\\\/2022\\\/09\\\/mpx-pouch-mold.png\",\"datePublished\":\"2022-09-06T20:39:35+00:00\",\"dateModified\":\"2025-10-28T21:09:10+00:00\",\"breadcrumb\":{\"@id\":\"https:\\\/\\\/holster.md\\\/ro\\\/produs\\\/husa-pentru-pcc\\\/#breadcrumb\"},\"inLanguage\":\"ro-RO\",\"potentialAction\":[{\"@type\":\"ReadAction\",\"target\":[\"https:\\\/\\\/holster.md\\\/ro\\\/produs\\\/husa-pentru-pcc\\\/\"]}]},{\"@type\":\"ImageObject\",\"inLanguage\":\"ro-RO\",\"@id\":\"https:\\\/\\\/holster.md\\\/ro\\\/produs\\\/husa-pentru-pcc\\\/#primaryimage\",\"url\":\"https:\\\/\\\/holster.md\\\/wp-content\\\/uploads\\\/2022\\\/09\\\/mpx-pouch-mold.png\",\"contentUrl\":\"https:\\\/\\\/holster.md\\\/wp-content\\\/uploads\\\/2022\\\/09\\\/mpx-pouch-mold.png\",\"width\":717,\"height\":528},{\"@type\":\"BreadcrumbList\",\"@id\":\"https:\\\/\\\/holster.md\\\/ro\\\/produs\\\/husa-pentru-pcc\\\/#breadcrumb\",\"itemListElement\":[{\"@type\":\"ListItem\",\"position\":1,\"name\":\"Home\",\"item\":\"https:\\\/\\\/holster.md\\\/ro\\\/\"},{\"@type\":\"ListItem\",\"position\":2,\"name\":\"Magazin\",\"item\":\"https:\\\/\\\/holster.md\\\/ro\\\/\"},{\"@type\":\"ListItem\",\"position\":3,\"name\":\"Husa pentru PCC\"}]},{\"@type\":\"WebSite\",\"@id\":\"https:\\\/\\\/holster.md\\\/ro\\\/#website\",\"url\":\"https:\\\/\\\/holster.md\\\/ro\\\/\",\"name\":\"Kydex Holsters\",\"description\":\"from shooters to shooters\",\"publisher\":{\"@id\":\"https:\\\/\\\/holster.md\\\/ro\\\/#organization\"},\"potentialAction\":[{\"@type\":\"SearchAction\",\"target\":{\"@type\":\"EntryPoint\",\"urlTemplate\":\"https:\\\/\\\/holster.md\\\/ro\\\/?s={search_term_string}\"},\"query-input\":{\"@type\":\"PropertyValueSpecification\",\"valueRequired\":true,\"valueName\":\"search_term_string\"}}],\"inLanguage\":\"ro-RO\"},{\"@type\":\"Organization\",\"@id\":\"https:\\\/\\\/holster.md\\\/ro\\\/#organization\",\"name\":\"Kydex Holsters LTD\",\"url\":\"https:\\\/\\\/holster.md\\\/ro\\\/\",\"logo\":{\"@type\":\"ImageObject\",\"inLanguage\":\"ro-RO\",\"@id\":\"https:\\\/\\\/holster.md\\\/ro\\\/#\\\/schema\\\/logo\\\/image\\\/\",\"url\":\"https:\\\/\\\/holster.md\\\/wp-content\\\/uploads\\\/2020\\\/12\\\/iwb-loop-claw.jpg\",\"contentUrl\":\"https:\\\/\\\/holster.md\\\/wp-content\\\/uploads\\\/2020\\\/12\\\/iwb-loop-claw.jpg\",\"width\":1000,\"height\":792,\"caption\":\"Kydex Holsters LTD\"},\"image\":{\"@id\":\"https:\\\/\\\/holster.md\\\/ro\\\/#\\\/schema\\\/logo\\\/image\\\/\"},\"sameAs\":[\"https:\\\/\\\/www.facebook.com\\\/holster.md\",\"https:\\\/\\\/www.instagram.com\\\/holsters.pro\\\/\",\"https:\\\/\\\/www.youtube.com\\\/channel\\\/UCfBM11_gkaLTr7lXFgLtP2A\"]}]}<\/script>\n<!-- \/ Yoast SEO plugin. -->","yoast_head_json":{"title":"Husa pentru PCC","robots":{"index":"index","follow":"follow","max-snippet":"max-snippet:-1","max-image-preview":"max-image-preview:large","max-video-preview":"max-video-preview:-1"},"canonical":"https:\/\/holster.md\/ro\/produs\/husa-pentru-pcc\/","og_locale":"ro_RO","og_type":"article","og_title":"Husa pentru PCC","og_description":"Toate huse folosesc MRD (dispozitiv de re\u021binere a incarcatorului) pentru o re\u021binere adecvat\u0103. Ata\u0219are de baz\u0103 pentru centur\u0103 Blade-tech TEK-LOK. Dac\u0103 PCC-ul dvs. folose\u0219te incarcator Glock, atunci vizita\u021bi pagina produsului Husa singura, v\u0103 rug\u0103m.","og_url":"https:\/\/holster.md\/ro\/produs\/husa-pentru-pcc\/","og_site_name":"Kydex Holsters","article_publisher":"https:\/\/www.facebook.com\/holster.md","article_modified_time":"2025-10-28T21:09:10+00:00","og_image":[{"width":717,"height":528,"url":"https:\/\/holster.md\/wp-content\/uploads\/2022\/09\/mpx-pouch-mold.png","type":"image\/png"}],"twitter_card":"summary_large_image","schema":{"@context":"https:\/\/schema.org","@graph":[{"@type":"WebPage","@id":"https:\/\/holster.md\/ro\/produs\/husa-pentru-pcc\/","url":"https:\/\/holster.md\/ro\/produs\/husa-pentru-pcc\/","name":"Husa pentru PCC","isPartOf":{"@id":"https:\/\/holster.md\/ro\/#website"},"primaryImageOfPage":{"@id":"https:\/\/holster.md\/ro\/produs\/husa-pentru-pcc\/#primaryimage"},"image":{"@id":"https:\/\/holster.md\/ro\/produs\/husa-pentru-pcc\/#primaryimage"},"thumbnailUrl":"https:\/\/holster.md\/wp-content\/uploads\/2022\/09\/mpx-pouch-mold.png","datePublished":"2022-09-06T20:39:35+00:00","dateModified":"2025-10-28T21:09:10+00:00","breadcrumb":{"@id":"https:\/\/holster.md\/ro\/produs\/husa-pentru-pcc\/#breadcrumb"},"inLanguage":"ro-RO","potentialAction":[{"@type":"ReadAction","target":["https:\/\/holster.md\/ro\/produs\/husa-pentru-pcc\/"]}]},{"@type":"ImageObject","inLanguage":"ro-RO","@id":"https:\/\/holster.md\/ro\/produs\/husa-pentru-pcc\/#primaryimage","url":"https:\/\/holster.md\/wp-content\/uploads\/2022\/09\/mpx-pouch-mold.png","contentUrl":"https:\/\/holster.md\/wp-content\/uploads\/2022\/09\/mpx-pouch-mold.png","width":717,"height":528},{"@type":"BreadcrumbList","@id":"https:\/\/holster.md\/ro\/produs\/husa-pentru-pcc\/#breadcrumb","itemListElement":[{"@type":"ListItem","position":1,"name":"Home","item":"https:\/\/holster.md\/ro\/"},{"@type":"ListItem","position":2,"name":"Magazin","item":"https:\/\/holster.md\/ro\/"},{"@type":"ListItem","position":3,"name":"Husa pentru PCC"}]},{"@type":"WebSite","@id":"https:\/\/holster.md\/ro\/#website","url":"https:\/\/holster.md\/ro\/","name":"Kydex Holsters","description":"from shooters to shooters","publisher":{"@id":"https:\/\/holster.md\/ro\/#organization"},"potentialAction":[{"@type":"SearchAction","target":{"@type":"EntryPoint","urlTemplate":"https:\/\/holster.md\/ro\/?s={search_term_string}"},"query-input":{"@type":"PropertyValueSpecification","valueRequired":true,"valueName":"search_term_string"}}],"inLanguage":"ro-RO"},{"@type":"Organization","@id":"https:\/\/holster.md\/ro\/#organization","name":"Kydex Holsters LTD","url":"https:\/\/holster.md\/ro\/","logo":{"@type":"ImageObject","inLanguage":"ro-RO","@id":"https:\/\/holster.md\/ro\/#\/schema\/logo\/image\/","url":"https:\/\/holster.md\/wp-content\/uploads\/2020\/12\/iwb-loop-claw.jpg","contentUrl":"https:\/\/holster.md\/wp-content\/uploads\/2020\/12\/iwb-loop-claw.jpg","width":1000,"height":792,"caption":"Kydex Holsters LTD"},"image":{"@id":"https:\/\/holster.md\/ro\/#\/schema\/logo\/image\/"},"sameAs":["https:\/\/www.facebook.com\/holster.md","https:\/\/www.instagram.com\/holsters.pro\/","https:\/\/www.youtube.com\/channel\/UCfBM11_gkaLTr7lXFgLtP2A"]}]}},"jetpack_sharing_enabled":true,"_links":{"self":[{"href":"https:\/\/holster.md\/ro\/wp-json\/wp\/v2\/product\/4124","targetHints":{"allow":["GET"]}}],"collection":[{"href":"https:\/\/holster.md\/ro\/wp-json\/wp\/v2\/product"}],"about":[{"href":"https:\/\/holster.md\/ro\/wp-json\/wp\/v2\/types\/product"}],"replies":[{"embeddable":true,"href":"https:\/\/holster.md\/ro\/wp-json\/wp\/v2\/comments?post=4124"}],"wp:featuredmedia":[{"embeddable":true,"href":"https:\/\/holster.md\/ro\/wp-json\/wp\/v2\/media\/15779"}],"wp:attachment":[{"href":"https:\/\/holster.md\/ro\/wp-json\/wp\/v2\/media?parent=4124"}],"wp:term":[{"taxonomy":"product_brand","embeddable":true,"href":"https:\/\/holster.md\/ro\/wp-json\/wp\/v2\/product_brand?post=4124"},{"taxonomy":"product_cat","embeddable":true,"href":"https:\/\/holster.md\/ro\/wp-json\/wp\/v2\/product_cat?post=4124"},{"taxonomy":"product_tag","embeddable":true,"href":"https:\/\/holster.md\/ro\/wp-json\/wp\/v2\/product_tag?post=4124"}],"curies":[{"name":"wp","href":"https:\/\/api.w.org\/{rel}","templated":true}]}}