{"id":1633,"date":"2021-02-25T01:14:12","date_gmt":"2021-02-24T23:14:12","guid":{"rendered":"https:\/\/holster.md\/product\/appendix-holster\/"},"modified":"2026-02-02T20:56:12","modified_gmt":"2026-02-02T18:56:12","slug":"appendix-holster","status":"publish","type":"product","link":"https:\/\/holster.md\/ro\/produs\/appendix-holster\/","title":{"rendered":"Toc Appendix (AIWB) cu \u00eenc\u0103rc\u0103tor"},"content":{"rendered":"<p><strong>Toc AIWB <\/strong>(<strong>appendix<\/strong>) pentru pistol si \u00eenc\u0103rc\u0103tor, pentru port ascuns, care se potrive\u0219te \u00een interiorul pantalonilor \u0219i se ata\u0219eaz\u0103 la centur\u0103 cu suportul RCS Overhook Strut.<\/p>\n<ul>\n<li>din kydex de grosime 2.03mm (.080&#8243;);<\/li>\n<li>Bucl\u0103 RCS Overhook pentru\u00a0 centur\u0103;<\/li>\n<li>Aripa RCS sau Standard Modwing pentru o mai bun\u0103 fixare pe corp;<\/li>\n<li>t\u0103iere op\u021bional\u0103 pentru optic\u0103;<\/li>\n<li>protec\u021bie op\u021bional\u0103 \u00eempotriva transpira\u021biei \u0219i dimensiunea acesteia;<\/li>\n<li>deschidere extins\u0103 (marit\u0103) op\u021bional\u0103 pentru refacere.<\/li>\n<\/ul>\n<p>Aten\u021bie, acest toc trebuie amplasat numai \u00een regiunea apendicii (in pozitia &#8222;la ora 13&#8221;).<\/p>\n","protected":false},"excerpt":{"rendered":"<p>Toc AIWB (appendix) pentru pistol si \u00eenc\u0103rc\u0103tor, pentru port ascuns, care se potrive\u0219te \u00een interiorul pantalonilor \u0219i se ata\u0219eaz\u0103 la centur\u0103 cu suportul RCS Overhook Strut. din kydex de grosime 2.03mm (.080&#8243;); Bucl\u0103 RCS Overhook pentru\u00a0 centur\u0103; Aripa RCS sau Standard Modwing pentru o mai bun\u0103 fixare pe corp; t\u0103iere op\u021bional\u0103 pentru optic\u0103; protec\u021bie op\u021bional\u0103 [&hellip;]<\/p>\n","protected":false},"featured_media":8027,"comment_status":"open","ping_status":"closed","template":"","meta":[],"product_brand":[],"product_cat":[157],"product_tag":[374,376,283,284,285,366,286,287,365,395,288],"class_list":{"0":"post-1633","1":"product","2":"type-product","3":"status-publish","4":"has-post-thumbnail","6":"product_cat-iwb-ro","7":"product_tag-toc-pentru-arex","8":"product_tag-toc-pentru-arsenal","9":"product_tag-toc-pentru-bersa","10":"product_tag-toc-pentru-cz","11":"product_tag-toc-pentru-glock","12":"product_tag-heckler-koch-holsters-ro","13":"product_tag-toc-pentru-macarov","14":"product_tag-sig-sauer-holsters","15":"product_tag-springfield-hs-holsters-ro","16":"product_tag-taurus-holsters-ro","17":"product_tag-walther-holsters","18":"pa_firearm-strike-one","19":"pa_firearm-arex-alpha","20":"pa_firearm-arex-delta","21":"pa_firearm-arex-delta-l","22":"pa_firearm-baikal-mp-446","23":"pa_firearm-beretta-92fs","24":"pa_firearm-beretta-92x-performance-defensive","25":"pa_firearm-beretta-92x-performance","26":"pa_firearm-beretta-apx","27":"pa_firearm-beretta-apx-compact-centurion","28":"pa_firearm-beretta-m9a4","29":"pa_firearm-beretta-px4-storm","30":"pa_firearm-bersa-bpcc-9mm","31":"pa_firearm-bul-1911-edc-4-25","32":"pa_firearm-bul-1911-edc-5","33":"pa_firearm-bull-1911-m-5-compact","34":"pa_firearm-bul-1911-ultra","35":"pa_firearm-bul-sas-2-air","36":"pa_firearm-bul-sas-2-blazer","37":"pa_firearm-bul-sas-2-edc-edc-pro-4-25","38":"pa_firearm-bul-sas-2-radical","39":"pa_firearm-bul-sas-2-tac","40":"pa_firearm-bul-sas-2-tac-5","41":"pa_firearm-bul-sas-2-ultralight","42":"pa_firearm-canik-mete-sft","43":"pa_firearm-canik-mete-tp9-sub","44":"pa_firearm-canik-sfx-rival","45":"pa_firearm-canik-tp9-elite-combat","46":"pa_firearm-canik-tp9-sf","47":"pa_firearm-canik-tp9-sf-elite-tp9-sf-elite-s-tp9-elite-s-combat","48":"pa_firearm-canik-tp9-sub-elite-tp9-sub-elite-cas","49":"pa_firearm-colt-1911","50":"pa_firearm-colt-python-2020-4-25","51":"pa_firearm-colt-python-2020","52":"pa_firearm-cz-2075-rami","53":"pa_firearm-cz-75-compact","54":"pa_firearm-cz-p01","55":"pa_firearm-shadow-2","56":"pa_firearm-cz-75-shadow-2-compact","57":"pa_firearm-cz-75-sp-01-shadow","58":"pa_firearm-cz-75-tactical-sport-2","59":"pa_firearm-cz-75b","60":"pa_firearm-cz-85","61":"pa_firearm-cz-p-07","62":"pa_firearm-cz-p-09","63":"pa_firearm-cz-p-09-c-nocturne","64":"pa_firearm-cz-p-09-f-nocturne","65":"pa_firearm-cz-p10c","66":"pa_firearm-cz-p-10f","67":"pa_firearm-cz-p-10f-45acp","68":"pa_firearm-cz-p-10m","69":"pa_firearm-cz-p-10-s","70":"pa_firearm-daniel-defense-h9","71":"pa_firearm-fn-510","72":"pa_firearm-fn-510-tactical","73":"pa_firearm-fort-17-r","74":"pa_firearm-glock-17","75":"pa_firearm-glock-17-22-gen5","76":"pa_firearm-glock-17-gen-6","77":"pa_firearm-glock-19-gen5","78":"pa_firearm-glock-19","79":"pa_firearm-glock-19-45-gen-6","80":"pa_firearm-glock-21","81":"pa_firearm-glock-20-21-gen-5","82":"pa_firearm-glock-23-gen-5","83":"pa_firearm-glock-26-27-gen-5","84":"pa_firearm-glock-25-27-33","85":"pa_firearm-glock-34","86":"pa_firearm-glock-42","87":"pa_firearm-glock-43","88":"pa_firearm-glock-43x-mos","89":"pa_firearm-glock-48","90":"pa_firearm-glock-48-mos","91":"pa_firearm-grand-power-k100","92":"pa_firearm-grand-power-k22s","93":"pa_firearm-grand-power-p1","94":"pa_firearm-grand-power-p11","95":"pa_firearm-grand-power-t12","96":"pa_firearm-grand-power-t12-mk23","97":"pa_firearm-grand-power-x-calibur","98":"pa_firearm-grand-power-x-calibur-match-mk23","99":"pa_firearm-hk-p30","100":"pa_firearm-hk-p30-l","101":"pa_firearm-hk-p30-sk","102":"pa_firearm-hk-usp","103":"pa_firearm-hk-usp-compact","104":"pa_firearm-hk-usp-tactical-9mm","105":"pa_firearm-hk-vp9-sfp9","106":"pa_firearm-hk-vp9-sfp9-long","107":"pa_firearm-hk-vp9-sk-sfp9-sk","108":"pa_firearm-hs-produkt-hs-9","109":"pa_firearm-hs-produkt-hs-9-gen-2-3","110":"pa_firearm-hs-produkt-hs-9-gen-2","111":"pa_firearm-hs-produkt-hs-9-gen-2-5","112":"pa_firearm-hs-produkt-hs-9-subcompact","113":"pa_firearm-hs-produkt-sf19-3-8","114":"pa_firearm-hs-produkt-sf19-4-5","115":"pa_firearm-hs-produkt-sf19-5-25","116":"pa_firearm-kimber-1911","117":"pa_firearm-kimber-2k11","118":"pa_firearm-kimber-2k11-pro","119":"pa_firearm-kmr-l-02-cuda","120":"pa_firearm-kmr-l-02-orca","121":"pa_firearm-kmr-s-02-5-5","122":"pa_firearm-kmr-spectra","123":"pa_firearm-kmr-w-02-umbra","124":"pa_firearm-kmr-w-02-umbra-x","125":"pa_firearm-kmr-w-02-vapor-or-sr","126":"pa_firearm-alien","127":"pa_firearm-laugo-arms-alien-creator","128":"pa_firearm-laugo-arms-alien-remus","129":"pa_firearm-laugo-alien-target-6","130":"pa_firearm-other-model-specify-in-order-comments","131":"pa_firearm-phoenix-drake-production","132":"pa_firearm-phoenix-drake-standard","133":"pa_firearm-phoenix-predator","134":"pa_firearm-phoenix-redback","135":"pa_firearm-pm-makarov","136":"pa_firearm-remington-1911-r1","137":"pa_firearm-remington-rm380","138":"pa_firearm-ruger-american","139":"pa_firearm-ruger-american-competition","140":"pa_firearm-ruger-sr-1911","141":"pa_firearm-ruger-sr-1911-commander","142":"pa_firearm-sig-sauer-p211-gto","143":"pa_firearm-sig-sauer-p226","144":"pa_firearm-sig-sauer-p229","145":"pa_firearm-sig-p320-carry","146":"pa_firearm-sig-p320-carry-45-auto","147":"pa_firearm-sig-sauer-p320-compact","148":"pa_firearm-sig-p320-full","149":"pa_firearm-sig-sauer-p320-subcompact","150":"pa_firearm-sig-p320-x-full","151":"pa_firearm-sig-p320-x-carry","152":"pa_firearm-sig-sauer-p322-022lr","153":"pa_firearm-sig-sauer-p365-p365x","154":"pa_firearm-sig-sauer-p365-fuse","155":"pa_firearm-sig-sauer-p365-x-macro","156":"pa_firearm-sig-sauer-p365-x-macro-comp","157":"pa_firearm-sig-sauer-p365-xl","158":"pa_firearm-sig-sauer-p938","159":"pa_firearm-sig-sauer-sp2022","160":"pa_firearm-smithwesson-627","161":"pa_firearm-smithwesson-686","162":"pa_firearm-smithwesson-governor","163":"pa_firearm-smithwesson-j-frame-classic","164":"pa_firearm-smithwesson-mp-9-m2-0","165":"pa_firearm-smithwesson-mp9-m2-0-3-6-compact","166":"pa_firearm-smithwesson-mp9-m2-0-4-25","167":"pa_firearm-smithwesson-mp9-m2-5-full","168":"pa_firearm-smithwesson-mp9-shield-plus","169":"pa_firearm-smithwesson-mp9-shield-plus-comp","170":"pa_firearm-smithwesson-mp9-40-4","171":"pa_firearm-springfield-1911-emissary","172":"pa_firearm-springfield-prodigy","173":"pa_firearm-springfield-1911-prodigy-5","174":"pa_firearm-springfield-echelon","175":"pa_firearm-springfield-echelon-4-compact","176":"pa_firearm-springfield-hellcat","177":"pa_firearm-springfield-hellcat-pro-hs-h11-pro","178":"pa_firearm-springfield-hs-xd-9","179":"pa_firearm-springfield-xd-9-compact","180":"pa_firearm-springfield-xd-9-compact-mod-2","181":"pa_firearm-springfield-xd-9-compact-mod-3","182":"pa_firearm-springfield-xd-9-mod-2","183":"pa_firearm-springfield-xd-9-mod-3","184":"pa_firearm-springfield-xd-s-3-3","185":"pa_firearm-springfield-xd-s-3-3-mod-2","186":"pa_firearm-xdm-38","187":"pa_firearm-xdm-45","188":"pa_firearm-steyr-c9-a1","189":"pa_firearm-steyr-l9-a1","190":"pa_firearm-steyr-m9-a1","191":"pa_firearm-sti-staccato-cs","192":"pa_firearm-sti-staccato-hd-4-5","193":"pa_firearm-sti-staccato-hd-4","194":"pa_firearm-sti-staccato-p","195":"pa_firearm-sti-staccato-xc","196":"pa_firearm-sti-staccato-xl","197":"pa_firearm-tanfoglio-gold-match","198":"pa_firearm-tanfoglio-limited-pro","199":"pa_firearm-tanfoglio-stock-i","200":"pa_firearm-tanfoglio-stock-ii","201":"pa_firearm-tanfoglio-stock-iii","202":"pa_firearm-taurus-1911","203":"pa_firearm-taurus-1911-commander","204":"pa_firearm-taurus-g2c","205":"pa_firearm-taurus-gx4-carry","206":"pa_firearm-taurus-gx4-xl","207":"pa_firearm-taurus-pt-24-7-g2","208":"pa_firearm-taurus-pt-24-7-g2-compact","209":"pa_firearm-taurus-th9","210":"pa_firearm-taurus-th9-compact","211":"pa_firearm-taurus-ts9","212":"pa_firearm-taurus-ts9c","213":"pa_firearm-tti-sand-viper-w-sro","214":"pa_firearm-tulskiy-tokarev-tt","215":"pa_firearm-walther-ccp","216":"pa_firearm-walther-creed","217":"pa_firearm-walther-p08","218":"pa_firearm-walther-p22","219":"pa_firearm-walther-p38","220":"pa_firearm-walther-p99","221":"pa_firearm-walther-pdp-4","222":"pa_firearm-walther-pdp-4-sf","223":"pa_firearm-walther-pdp45","224":"pa_firearm-walther-pdp-4-5-sf","225":"pa_firearm-walther-pdp","226":"pa_firearm-walther-pdp-5-sf","227":"pa_firearm-walther-pdp-f-series-3-5","228":"pa_firearm-walther-pdp-f-series-4","229":"pa_firearm-walther-ppk","230":"pa_firearm-walther-ppq","231":"pa_firearm-walther-ppq-45-auto","232":"pa_firearm-walther-pps","233":"pa_firearm-walther-pps-m2","234":"pa_firearm-walther-q4","235":"pa_firearm-walther-q4-sf","236":"pa_firearm-walther-q5-match","237":"pa_firearm-walther-q5-match-sf","238":"pa_firearm-zev-oz9","239":"pa_firearm-zev-oz9c","241":"first","242":"instock","243":"shipping-taxable","244":"purchasable","245":"product-type-variable","246":"has-default-attributes"},"yoast_head":"<!-- This site is optimized with the Yoast SEO plugin v27.3 - https:\/\/yoast.com\/product\/yoast-seo-wordpress\/ -->\n<title>Toc Appendix (AIWB) cu \u00eenc\u0103rc\u0103tor<\/title>\n<meta name=\"robots\" content=\"index, follow, max-snippet:-1, max-image-preview:large, max-video-preview:-1\" \/>\n<link rel=\"canonical\" href=\"https:\/\/holster.md\/ro\/produs\/appendix-holster\/\" \/>\n<meta property=\"og:locale\" content=\"ro_RO\" \/>\n<meta property=\"og:type\" content=\"article\" \/>\n<meta property=\"og:title\" content=\"Toc Appendix (AIWB) cu \u00eenc\u0103rc\u0103tor\" \/>\n<meta property=\"og:description\" content=\"Toc AIWB (appendix) pentru pistol si \u00eenc\u0103rc\u0103tor, pentru port ascuns, care se potrive\u0219te \u00een interiorul pantalonilor \u0219i se ata\u0219eaz\u0103 la centur\u0103 cu suportul RCS Overhook Strut. din kydex de grosime 2.03mm (.080&#8243;); Bucl\u0103 RCS Overhook pentru\u00a0 centur\u0103; Aripa RCS sau Standard Modwing pentru o mai bun\u0103 fixare pe corp; t\u0103iere op\u021bional\u0103 pentru optic\u0103; protec\u021bie op\u021bional\u0103 [&hellip;]\" \/>\n<meta property=\"og:url\" content=\"https:\/\/holster.md\/ro\/produs\/appendix-holster\/\" \/>\n<meta property=\"og:site_name\" content=\"Kydex Holsters\" \/>\n<meta property=\"article:publisher\" content=\"https:\/\/www.facebook.com\/holster.md\" \/>\n<meta property=\"article:modified_time\" content=\"2026-02-02T18:56:12+00:00\" \/>\n<meta property=\"og:image\" content=\"https:\/\/holster.md\/wp-content\/uploads\/2021\/02\/1681646534570.jpg\" \/>\n\t<meta property=\"og:image:width\" content=\"1080\" \/>\n\t<meta property=\"og:image:height\" content=\"1080\" \/>\n\t<meta property=\"og:image:type\" content=\"image\/jpeg\" \/>\n<meta name=\"twitter:card\" content=\"summary_large_image\" \/>\n<script type=\"application\/ld+json\" class=\"yoast-schema-graph\">{\"@context\":\"https:\\\/\\\/schema.org\",\"@graph\":[{\"@type\":\"WebPage\",\"@id\":\"https:\\\/\\\/holster.md\\\/ro\\\/produs\\\/appendix-holster\\\/\",\"url\":\"https:\\\/\\\/holster.md\\\/ro\\\/produs\\\/appendix-holster\\\/\",\"name\":\"Toc Appendix (AIWB) cu \u00eenc\u0103rc\u0103tor\",\"isPartOf\":{\"@id\":\"https:\\\/\\\/holster.md\\\/ro\\\/#website\"},\"primaryImageOfPage\":{\"@id\":\"https:\\\/\\\/holster.md\\\/ro\\\/produs\\\/appendix-holster\\\/#primaryimage\"},\"image\":{\"@id\":\"https:\\\/\\\/holster.md\\\/ro\\\/produs\\\/appendix-holster\\\/#primaryimage\"},\"thumbnailUrl\":\"https:\\\/\\\/holster.md\\\/wp-content\\\/uploads\\\/2021\\\/02\\\/1681646534570.jpg\",\"datePublished\":\"2021-02-24T23:14:12+00:00\",\"dateModified\":\"2026-02-02T18:56:12+00:00\",\"breadcrumb\":{\"@id\":\"https:\\\/\\\/holster.md\\\/ro\\\/produs\\\/appendix-holster\\\/#breadcrumb\"},\"inLanguage\":\"ro-RO\",\"potentialAction\":[{\"@type\":\"ReadAction\",\"target\":[\"https:\\\/\\\/holster.md\\\/ro\\\/produs\\\/appendix-holster\\\/\"]}]},{\"@type\":\"ImageObject\",\"inLanguage\":\"ro-RO\",\"@id\":\"https:\\\/\\\/holster.md\\\/ro\\\/produs\\\/appendix-holster\\\/#primaryimage\",\"url\":\"https:\\\/\\\/holster.md\\\/wp-content\\\/uploads\\\/2021\\\/02\\\/1681646534570.jpg\",\"contentUrl\":\"https:\\\/\\\/holster.md\\\/wp-content\\\/uploads\\\/2021\\\/02\\\/1681646534570.jpg\",\"width\":1080,\"height\":1080},{\"@type\":\"BreadcrumbList\",\"@id\":\"https:\\\/\\\/holster.md\\\/ro\\\/produs\\\/appendix-holster\\\/#breadcrumb\",\"itemListElement\":[{\"@type\":\"ListItem\",\"position\":1,\"name\":\"Home\",\"item\":\"https:\\\/\\\/holster.md\\\/ro\\\/\"},{\"@type\":\"ListItem\",\"position\":2,\"name\":\"Magazin\",\"item\":\"https:\\\/\\\/holster.md\\\/ro\\\/\"},{\"@type\":\"ListItem\",\"position\":3,\"name\":\"Toc Appendix (AIWB) cu \u00eenc\u0103rc\u0103tor\"}]},{\"@type\":\"WebSite\",\"@id\":\"https:\\\/\\\/holster.md\\\/ro\\\/#website\",\"url\":\"https:\\\/\\\/holster.md\\\/ro\\\/\",\"name\":\"Kydex Holsters\",\"description\":\"from shooters to shooters\",\"publisher\":{\"@id\":\"https:\\\/\\\/holster.md\\\/ro\\\/#organization\"},\"potentialAction\":[{\"@type\":\"SearchAction\",\"target\":{\"@type\":\"EntryPoint\",\"urlTemplate\":\"https:\\\/\\\/holster.md\\\/ro\\\/?s={search_term_string}\"},\"query-input\":{\"@type\":\"PropertyValueSpecification\",\"valueRequired\":true,\"valueName\":\"search_term_string\"}}],\"inLanguage\":\"ro-RO\"},{\"@type\":\"Organization\",\"@id\":\"https:\\\/\\\/holster.md\\\/ro\\\/#organization\",\"name\":\"Kydex Holsters LTD\",\"url\":\"https:\\\/\\\/holster.md\\\/ro\\\/\",\"logo\":{\"@type\":\"ImageObject\",\"inLanguage\":\"ro-RO\",\"@id\":\"https:\\\/\\\/holster.md\\\/ro\\\/#\\\/schema\\\/logo\\\/image\\\/\",\"url\":\"https:\\\/\\\/holster.md\\\/wp-content\\\/uploads\\\/2020\\\/12\\\/iwb-loop-claw.jpg\",\"contentUrl\":\"https:\\\/\\\/holster.md\\\/wp-content\\\/uploads\\\/2020\\\/12\\\/iwb-loop-claw.jpg\",\"width\":1000,\"height\":792,\"caption\":\"Kydex Holsters LTD\"},\"image\":{\"@id\":\"https:\\\/\\\/holster.md\\\/ro\\\/#\\\/schema\\\/logo\\\/image\\\/\"},\"sameAs\":[\"https:\\\/\\\/www.facebook.com\\\/holster.md\",\"https:\\\/\\\/www.instagram.com\\\/holsters.pro\\\/\",\"https:\\\/\\\/www.youtube.com\\\/channel\\\/UCfBM11_gkaLTr7lXFgLtP2A\"]}]}<\/script>\n<!-- \/ Yoast SEO plugin. -->","yoast_head_json":{"title":"Toc Appendix (AIWB) cu \u00eenc\u0103rc\u0103tor","robots":{"index":"index","follow":"follow","max-snippet":"max-snippet:-1","max-image-preview":"max-image-preview:large","max-video-preview":"max-video-preview:-1"},"canonical":"https:\/\/holster.md\/ro\/produs\/appendix-holster\/","og_locale":"ro_RO","og_type":"article","og_title":"Toc Appendix (AIWB) cu \u00eenc\u0103rc\u0103tor","og_description":"Toc AIWB (appendix) pentru pistol si \u00eenc\u0103rc\u0103tor, pentru port ascuns, care se potrive\u0219te \u00een interiorul pantalonilor \u0219i se ata\u0219eaz\u0103 la centur\u0103 cu suportul RCS Overhook Strut. din kydex de grosime 2.03mm (.080&#8243;); Bucl\u0103 RCS Overhook pentru\u00a0 centur\u0103; Aripa RCS sau Standard Modwing pentru o mai bun\u0103 fixare pe corp; t\u0103iere op\u021bional\u0103 pentru optic\u0103; protec\u021bie op\u021bional\u0103 [&hellip;]","og_url":"https:\/\/holster.md\/ro\/produs\/appendix-holster\/","og_site_name":"Kydex Holsters","article_publisher":"https:\/\/www.facebook.com\/holster.md","article_modified_time":"2026-02-02T18:56:12+00:00","og_image":[{"width":1080,"height":1080,"url":"https:\/\/holster.md\/wp-content\/uploads\/2021\/02\/1681646534570.jpg","type":"image\/jpeg"}],"twitter_card":"summary_large_image","schema":{"@context":"https:\/\/schema.org","@graph":[{"@type":"WebPage","@id":"https:\/\/holster.md\/ro\/produs\/appendix-holster\/","url":"https:\/\/holster.md\/ro\/produs\/appendix-holster\/","name":"Toc Appendix (AIWB) cu \u00eenc\u0103rc\u0103tor","isPartOf":{"@id":"https:\/\/holster.md\/ro\/#website"},"primaryImageOfPage":{"@id":"https:\/\/holster.md\/ro\/produs\/appendix-holster\/#primaryimage"},"image":{"@id":"https:\/\/holster.md\/ro\/produs\/appendix-holster\/#primaryimage"},"thumbnailUrl":"https:\/\/holster.md\/wp-content\/uploads\/2021\/02\/1681646534570.jpg","datePublished":"2021-02-24T23:14:12+00:00","dateModified":"2026-02-02T18:56:12+00:00","breadcrumb":{"@id":"https:\/\/holster.md\/ro\/produs\/appendix-holster\/#breadcrumb"},"inLanguage":"ro-RO","potentialAction":[{"@type":"ReadAction","target":["https:\/\/holster.md\/ro\/produs\/appendix-holster\/"]}]},{"@type":"ImageObject","inLanguage":"ro-RO","@id":"https:\/\/holster.md\/ro\/produs\/appendix-holster\/#primaryimage","url":"https:\/\/holster.md\/wp-content\/uploads\/2021\/02\/1681646534570.jpg","contentUrl":"https:\/\/holster.md\/wp-content\/uploads\/2021\/02\/1681646534570.jpg","width":1080,"height":1080},{"@type":"BreadcrumbList","@id":"https:\/\/holster.md\/ro\/produs\/appendix-holster\/#breadcrumb","itemListElement":[{"@type":"ListItem","position":1,"name":"Home","item":"https:\/\/holster.md\/ro\/"},{"@type":"ListItem","position":2,"name":"Magazin","item":"https:\/\/holster.md\/ro\/"},{"@type":"ListItem","position":3,"name":"Toc Appendix (AIWB) cu \u00eenc\u0103rc\u0103tor"}]},{"@type":"WebSite","@id":"https:\/\/holster.md\/ro\/#website","url":"https:\/\/holster.md\/ro\/","name":"Kydex Holsters","description":"from shooters to shooters","publisher":{"@id":"https:\/\/holster.md\/ro\/#organization"},"potentialAction":[{"@type":"SearchAction","target":{"@type":"EntryPoint","urlTemplate":"https:\/\/holster.md\/ro\/?s={search_term_string}"},"query-input":{"@type":"PropertyValueSpecification","valueRequired":true,"valueName":"search_term_string"}}],"inLanguage":"ro-RO"},{"@type":"Organization","@id":"https:\/\/holster.md\/ro\/#organization","name":"Kydex Holsters LTD","url":"https:\/\/holster.md\/ro\/","logo":{"@type":"ImageObject","inLanguage":"ro-RO","@id":"https:\/\/holster.md\/ro\/#\/schema\/logo\/image\/","url":"https:\/\/holster.md\/wp-content\/uploads\/2020\/12\/iwb-loop-claw.jpg","contentUrl":"https:\/\/holster.md\/wp-content\/uploads\/2020\/12\/iwb-loop-claw.jpg","width":1000,"height":792,"caption":"Kydex Holsters LTD"},"image":{"@id":"https:\/\/holster.md\/ro\/#\/schema\/logo\/image\/"},"sameAs":["https:\/\/www.facebook.com\/holster.md","https:\/\/www.instagram.com\/holsters.pro\/","https:\/\/www.youtube.com\/channel\/UCfBM11_gkaLTr7lXFgLtP2A"]}]}},"jetpack_sharing_enabled":true,"_links":{"self":[{"href":"https:\/\/holster.md\/ro\/wp-json\/wp\/v2\/product\/1633","targetHints":{"allow":["GET"]}}],"collection":[{"href":"https:\/\/holster.md\/ro\/wp-json\/wp\/v2\/product"}],"about":[{"href":"https:\/\/holster.md\/ro\/wp-json\/wp\/v2\/types\/product"}],"replies":[{"embeddable":true,"href":"https:\/\/holster.md\/ro\/wp-json\/wp\/v2\/comments?post=1633"}],"wp:featuredmedia":[{"embeddable":true,"href":"https:\/\/holster.md\/ro\/wp-json\/wp\/v2\/media\/8027"}],"wp:attachment":[{"href":"https:\/\/holster.md\/ro\/wp-json\/wp\/v2\/media?parent=1633"}],"wp:term":[{"taxonomy":"product_brand","embeddable":true,"href":"https:\/\/holster.md\/ro\/wp-json\/wp\/v2\/product_brand?post=1633"},{"taxonomy":"product_cat","embeddable":true,"href":"https:\/\/holster.md\/ro\/wp-json\/wp\/v2\/product_cat?post=1633"},{"taxonomy":"product_tag","embeddable":true,"href":"https:\/\/holster.md\/ro\/wp-json\/wp\/v2\/product_tag?post=1633"}],"curies":[{"name":"wp","href":"https:\/\/api.w.org\/{rel}","templated":true}]}}