{"id":1621,"date":"2020-12-11T05:11:00","date_gmt":"2020-12-11T03:11:00","guid":{"rendered":"https:\/\/holster.md\/product\/standard-owb-light-bearing-holster\/"},"modified":"2026-02-13T18:36:37","modified_gmt":"2026-02-13T16:36:37","slug":"standard-owb-light-bearing-holster","status":"publish","type":"product","link":"https:\/\/holster.md\/ro\/produs\/standard-owb-light-bearing-holster\/","title":{"rendered":"Toc OWB cu lantern\u0103"},"content":{"rendered":"<p>Toc clasic OWB pentru pistol cu lantern\u0103 fabricat din Kydex .080&#8243; (2mm) cu multe op\u021biuni diferite:<\/p>\n<ul>\n<li>diferite accesorii pentru centuri: tek-lok (aftermarket, original), COMBAT Loops, ASR, G-code paddle, Bladetech paddle, TSR mount (verifica\u021bi imaginile);<\/li>\n<li>dimensiunea centurii: 1,5-2&#8243;;<\/li>\n<li>op\u021bional t\u0103iat optic;<\/li>\n<li>deschidere extins\u0103 (m\u0103rit\u0103) pentru ref\u0103cere op\u021bional\u0103;<\/li>\n<\/ul>\n<p>V\u0103 rug\u0103m s\u0103 verifica\u021bi galeria de imagini a produsului pentru mai multe informa\u021bii.<\/p>\n","protected":false},"excerpt":{"rendered":"<p>Toc clasic OWB pentru pistol cu lantern\u0103 fabricat din Kydex .080&#8243; (2mm) cu multe op\u021biuni diferite: diferite accesorii pentru centuri: tek-lok (aftermarket, original), COMBAT Loops, ASR, G-code paddle, Bladetech paddle, TSR mount (verifica\u021bi imaginile); dimensiunea centurii: 1,5-2&#8243;; op\u021bional t\u0103iat optic; deschidere extins\u0103 (m\u0103rit\u0103) pentru ref\u0103cere op\u021bional\u0103; V\u0103 rug\u0103m s\u0103 verifica\u021bi galeria de imagini a produsului [&hellip;]<\/p>\n","protected":false},"featured_media":15495,"comment_status":"open","ping_status":"closed","template":"","meta":[],"product_brand":[],"product_cat":[160],"product_tag":[664,374,376,284,285,366,287,365,395,288],"class_list":{"0":"post-1621","1":"product","2":"type-product","3":"status-publish","4":"has-post-thumbnail","6":"product_cat-owb-ro","7":"product_tag-weapon-mounted-light-ro","8":"product_tag-toc-pentru-arex","9":"product_tag-toc-pentru-arsenal","10":"product_tag-toc-pentru-cz","11":"product_tag-toc-pentru-glock","12":"product_tag-heckler-koch-holsters-ro","13":"product_tag-sig-sauer-holsters","14":"product_tag-springfield-hs-holsters-ro","15":"product_tag-taurus-holsters-ro","16":"product_tag-walther-holsters","17":"pa_firearm-strike-one","18":"pa_firearm-arex-alpha","19":"pa_firearm-arex-delta","20":"pa_firearm-arex-delta-l","21":"pa_firearm-atlas-eos","22":"pa_firearm-baikal-mp-446","23":"pa_firearm-beretta-92fs","24":"pa_firearm-beretta-92x-performance-defensive","25":"pa_firearm-beretta-92x-performance","26":"pa_firearm-beretta-apx","27":"pa_firearm-beretta-apx-compact-centurion","28":"pa_firearm-beretta-m9a4","29":"pa_firearm-beretta-px4-storm","30":"pa_firearm-bersa-bpcc-9mm","31":"pa_firearm-bul-1911-edc-4-25","32":"pa_firearm-bul-1911-edc-5","33":"pa_firearm-bull-1911-m-5-compact","34":"pa_firearm-bul-1911-ultra","35":"pa_firearm-bul-sas-2-air","36":"pa_firearm-bul-sas-2-blazer","37":"pa_firearm-bul-sas-2-edc-edc-pro-4-25","38":"pa_firearm-bul-sas-2-radical","39":"pa_firearm-bul-sas-2-tac","40":"pa_firearm-bul-sas-2-tac-5","41":"pa_firearm-bul-sas-2-ultralight","42":"pa_firearm-canik-mete-sft","43":"pa_firearm-canik-mete-tp9-sub","44":"pa_firearm-canik-sfx-rival","45":"pa_firearm-canik-tp9-elite-combat","46":"pa_firearm-canik-tp9-sf","47":"pa_firearm-canik-tp9-sf-elite-tp9-sf-elite-s-tp9-elite-s-combat","48":"pa_firearm-canik-tp9-sub-elite-tp9-sub-elite-cas","49":"pa_firearm-colt-1911","50":"pa_firearm-colt-python-2020-4-25","51":"pa_firearm-colt-python-2020","52":"pa_firearm-cz-2075-rami","53":"pa_firearm-cz-75-compact","54":"pa_firearm-cz-p01","55":"pa_firearm-shadow-2","56":"pa_firearm-cz-75-shadow-2-compact","57":"pa_firearm-cz-75-sp-01-shadow","58":"pa_firearm-cz-75-tactical-sport-2","59":"pa_firearm-cz-75b","60":"pa_firearm-cz-85","61":"pa_firearm-cz-p-07","62":"pa_firearm-cz-p-09","63":"pa_firearm-cz-p-09-c-nocturne","64":"pa_firearm-cz-p-09-f-nocturne","65":"pa_firearm-cz-p10c","66":"pa_firearm-cz-p-10f","67":"pa_firearm-cz-p-10f-45acp","68":"pa_firearm-cz-p-10m","69":"pa_firearm-cz-p-10-s","70":"pa_firearm-daniel-defense-h9","71":"pa_firearm-fn-510","72":"pa_firearm-fn-510-tactical","73":"pa_firearm-fort-10-r","74":"pa_firearm-fort-12-r","75":"pa_firearm-fort-17-r","76":"pa_firearm-fort-9r","77":"pa_firearm-glock-17","78":"pa_firearm-glock-17-22-gen5","79":"pa_firearm-glock-17-gen-6","80":"pa_firearm-glock-19-gen5","81":"pa_firearm-glock-19","82":"pa_firearm-glock-19-45-gen-6","83":"pa_firearm-glock-21","84":"pa_firearm-glock-20-21-gen-5","85":"pa_firearm-glock-23-gen-5","86":"pa_firearm-glock-26-27-gen-5","87":"pa_firearm-glock-25-27-33","88":"pa_firearm-glock-29","89":"pa_firearm-glock-34","90":"pa_firearm-glock-42","91":"pa_firearm-glock-43","92":"pa_firearm-glock-43x-mos","93":"pa_firearm-glock-44","94":"pa_firearm-glock-48","95":"pa_firearm-glock-48-mos","96":"pa_firearm-grand-power-k100","97":"pa_firearm-grand-power-k22s","98":"pa_firearm-grand-power-p1","99":"pa_firearm-grand-power-p11","100":"pa_firearm-grand-power-t12","101":"pa_firearm-grand-power-t12-mk23","102":"pa_firearm-grand-power-x-calibur","103":"pa_firearm-grand-power-x-calibur-match-mk23","104":"pa_firearm-hk-p30","105":"pa_firearm-hk-p30-l","106":"pa_firearm-hk-p30-sk","107":"pa_firearm-hk-usp","108":"pa_firearm-hk-usp-compact","109":"pa_firearm-hk-usp-tactical-9mm","110":"pa_firearm-hk-vp9-sfp9","111":"pa_firearm-hk-vp9-sfp9-long","112":"pa_firearm-hk-vp9-sk-sfp9-sk","113":"pa_firearm-hs-produkt-hs-9","114":"pa_firearm-hs-produkt-hs-9-gen-2-3","115":"pa_firearm-hs-produkt-hs-9-gen-2","116":"pa_firearm-hs-produkt-hs-9-gen-2-5","117":"pa_firearm-hs-produkt-hs-9-subcompact","118":"pa_firearm-hs-produkt-sf19-3-8","119":"pa_firearm-hs-produkt-sf19-4-5","120":"pa_firearm-hs-produkt-sf19-5-25","121":"pa_firearm-jacob-grey-hex","122":"pa_firearm-kimber-1911","123":"pa_firearm-kimber-2k11","124":"pa_firearm-kimber-2k11-pro","125":"pa_firearm-kmr-l-02-cuda","126":"pa_firearm-kmr-l-02-orca","127":"pa_firearm-kmr-s-02-5-5","128":"pa_firearm-kmr-spectra","129":"pa_firearm-kmr-w-02-umbra","130":"pa_firearm-kmr-w-02-umbra-x","131":"pa_firearm-kmr-w-02-vapor-or-sr","132":"pa_firearm-alien","133":"pa_firearm-laugo-arms-alien-creator","134":"pa_firearm-laugo-arms-alien-remus","135":"pa_firearm-laugo-alien-target-6","136":"pa_firearm-other-model-specify-in-order-comments","137":"pa_firearm-phoenix-drake-production","138":"pa_firearm-phoenix-drake-standard","139":"pa_firearm-phoenix-predator","140":"pa_firearm-phoenix-redback","141":"pa_firearm-pm-makarov","142":"pa_firearm-remington-1911-r1","143":"pa_firearm-remington-rm380","144":"pa_firearm-ruger-american","145":"pa_firearm-ruger-american-competition","146":"pa_firearm-ruger-gp100","147":"pa_firearm-ruger-sr-1911","148":"pa_firearm-ruger-sr-1911-commander","149":"pa_firearm-sig-sauer-p211-gto","150":"pa_firearm-sig-sauer-p226","151":"pa_firearm-sig-sauer-p229","152":"pa_firearm-sig-p320-carry","153":"pa_firearm-sig-p320-carry-45-auto","154":"pa_firearm-sig-sauer-p320-compact","155":"pa_firearm-sig-p320-full","156":"pa_firearm-sig-sauer-p320-subcompact","157":"pa_firearm-sig-p320-x-full","158":"pa_firearm-sig-p320-x-carry","159":"pa_firearm-sig-sauer-p322-022lr","160":"pa_firearm-sig-sauer-p365-p365x","161":"pa_firearm-sig-sauer-p365-fuse","162":"pa_firearm-sig-sauer-p365-x-macro","163":"pa_firearm-sig-sauer-p365-x-macro-comp","164":"pa_firearm-sig-sauer-p365-xl","165":"pa_firearm-sig-sauer-p938","166":"pa_firearm-sig-sauer-sp2022","167":"pa_firearm-smithwesson-627","168":"pa_firearm-smithwesson-686","169":"pa_firearm-smithwesson-governor","170":"pa_firearm-smithwesson-j-frame-classic","171":"pa_firearm-smithwesson-mp-9-m2-0","172":"pa_firearm-smithwesson-mp9-m2-0-3-6-compact","173":"pa_firearm-smithwesson-mp9-m2-0-4-25","174":"pa_firearm-smithwesson-mp9-m2-5-full","175":"pa_firearm-smithwesson-mp9-shield-plus","176":"pa_firearm-smithwesson-mp9-shield-plus-comp","177":"pa_firearm-smithwesson-mp9-40-4","178":"pa_firearm-springfield-1911-emissary","179":"pa_firearm-springfield-prodigy","180":"pa_firearm-springfield-1911-prodigy-5","181":"pa_firearm-springfield-echelon","182":"pa_firearm-springfield-echelon-4-compact","183":"pa_firearm-springfield-hellcat","184":"pa_firearm-springfield-hellcat-pro-hs-h11-pro","185":"pa_firearm-springfield-hs-xd-9","186":"pa_firearm-springfield-xd-9-compact","187":"pa_firearm-springfield-xd-9-compact-mod-2","188":"pa_firearm-springfield-xd-9-compact-mod-3","189":"pa_firearm-springfield-xd-9-mod-2","190":"pa_firearm-springfield-xd-9-mod-3","191":"pa_firearm-springfield-xd-s-3-3","192":"pa_firearm-springfield-xd-s-3-3-mod-2","193":"pa_firearm-xdm-38","194":"pa_firearm-xdm-45","195":"pa_firearm-steyr-c9-a1","196":"pa_firearm-steyr-l9-a1","197":"pa_firearm-steyr-m9-a1","198":"pa_firearm-sti-staccato-cs","199":"pa_firearm-sti-staccato-hd-4-5","200":"pa_firearm-sti-staccato-hd-4","201":"pa_firearm-sti-staccato-p","202":"pa_firearm-sti-staccato-xc","203":"pa_firearm-sti-staccato-xl","204":"pa_firearm-tanfoglio-force-esse-carry-9mm","205":"pa_firearm-tanfoglio-gold-match","206":"pa_firearm-tanfoglio-limited-pro","207":"pa_firearm-tanfoglio-stock-i","208":"pa_firearm-tanfoglio-stock-ii","209":"pa_firearm-tanfoglio-stock-iii","210":"pa_firearm-taurus-1911","211":"pa_firearm-taurus-1911-commander","212":"pa_firearm-taurus-g2c","213":"pa_firearm-taurus-gx4-carry","214":"pa_firearm-taurus-gx4-xl","215":"pa_firearm-taurus-pt-24-7-g2","216":"pa_firearm-taurus-pt-24-7-g2-compact","217":"pa_firearm-taurus-th9","218":"pa_firearm-taurus-th9-compact","219":"pa_firearm-taurus-ts9","220":"pa_firearm-taurus-ts9c","221":"pa_firearm-tti-sand-viper-w-sro","222":"pa_firearm-tulskiy-tokarev-tt","223":"pa_firearm-walther-ccp","224":"pa_firearm-walther-creed","225":"pa_firearm-walther-p08","226":"pa_firearm-walther-p22","227":"pa_firearm-walther-p38","228":"pa_firearm-walther-p99","229":"pa_firearm-walther-pdp-4","230":"pa_firearm-walther-pdp-4-sf","231":"pa_firearm-walther-pdp45","232":"pa_firearm-walther-pdp-4-5-sf","233":"pa_firearm-walther-pdp","234":"pa_firearm-walther-pdp-5-sf","235":"pa_firearm-walther-pdp-f-series-3-5","236":"pa_firearm-walther-pdp-f-series-4","237":"pa_firearm-walther-ppk","238":"pa_firearm-walther-ppq","239":"pa_firearm-walther-ppq-45-auto","240":"pa_firearm-walther-pps","241":"pa_firearm-walther-pps-m2","242":"pa_firearm-walther-q4","243":"pa_firearm-walther-q4-sf","244":"pa_firearm-walther-q5-match","245":"pa_firearm-walther-q5-match-sf","246":"pa_firearm-zev-oz9","247":"pa_firearm-zev-oz9c","249":"first","250":"instock","251":"shipping-taxable","252":"purchasable","253":"product-type-variable","254":"has-default-attributes"},"yoast_head":"<!-- This site is optimized with the Yoast SEO plugin v27.5 - https:\/\/yoast.com\/product\/yoast-seo-wordpress\/ -->\n<title>Toc OWB cu lantern\u0103<\/title>\n<meta name=\"robots\" content=\"index, follow, max-snippet:-1, max-image-preview:large, max-video-preview:-1\" \/>\n<link rel=\"canonical\" href=\"https:\/\/holster.md\/ro\/produs\/standard-owb-light-bearing-holster\/\" \/>\n<meta property=\"og:locale\" content=\"ro_RO\" \/>\n<meta property=\"og:type\" content=\"article\" \/>\n<meta property=\"og:title\" content=\"Toc OWB cu lantern\u0103\" \/>\n<meta property=\"og:description\" content=\"Toc clasic OWB pentru pistol cu lantern\u0103 fabricat din Kydex .080&#8243; (2mm) cu multe op\u021biuni diferite: diferite accesorii pentru centuri: tek-lok (aftermarket, original), COMBAT Loops, ASR, G-code paddle, Bladetech paddle, TSR mount (verifica\u021bi imaginile); dimensiunea centurii: 1,5-2&#8243;; op\u021bional t\u0103iat optic; deschidere extins\u0103 (m\u0103rit\u0103) pentru ref\u0103cere op\u021bional\u0103; V\u0103 rug\u0103m s\u0103 verifica\u021bi galeria de imagini a produsului [&hellip;]\" \/>\n<meta property=\"og:url\" content=\"https:\/\/holster.md\/ro\/produs\/standard-owb-light-bearing-holster\/\" \/>\n<meta property=\"og:site_name\" content=\"Kydex Holsters\" \/>\n<meta property=\"article:publisher\" content=\"https:\/\/www.facebook.com\/holster.md\" \/>\n<meta property=\"article:modified_time\" content=\"2026-02-13T16:36:37+00:00\" \/>\n<meta property=\"og:image\" content=\"https:\/\/holster.md\/wp-content\/uploads\/2020\/12\/owb-lightbearing-holster-glock-34-streamlight-tlr1.jpg\" \/>\n\t<meta property=\"og:image:width\" content=\"1200\" \/>\n\t<meta property=\"og:image:height\" content=\"1200\" \/>\n\t<meta property=\"og:image:type\" content=\"image\/jpeg\" \/>\n<meta name=\"twitter:card\" content=\"summary_large_image\" \/>\n<script type=\"application\/ld+json\" class=\"yoast-schema-graph\">{\"@context\":\"https:\\\/\\\/schema.org\",\"@graph\":[{\"@type\":\"WebPage\",\"@id\":\"https:\\\/\\\/holster.md\\\/ro\\\/produs\\\/standard-owb-light-bearing-holster\\\/\",\"url\":\"https:\\\/\\\/holster.md\\\/ro\\\/produs\\\/standard-owb-light-bearing-holster\\\/\",\"name\":\"Toc OWB cu lantern\u0103\",\"isPartOf\":{\"@id\":\"https:\\\/\\\/holster.md\\\/ro\\\/#website\"},\"primaryImageOfPage\":{\"@id\":\"https:\\\/\\\/holster.md\\\/ro\\\/produs\\\/standard-owb-light-bearing-holster\\\/#primaryimage\"},\"image\":{\"@id\":\"https:\\\/\\\/holster.md\\\/ro\\\/produs\\\/standard-owb-light-bearing-holster\\\/#primaryimage\"},\"thumbnailUrl\":\"https:\\\/\\\/holster.md\\\/wp-content\\\/uploads\\\/2020\\\/12\\\/owb-lightbearing-holster-glock-34-streamlight-tlr1.jpg\",\"datePublished\":\"2020-12-11T03:11:00+00:00\",\"dateModified\":\"2026-02-13T16:36:37+00:00\",\"breadcrumb\":{\"@id\":\"https:\\\/\\\/holster.md\\\/ro\\\/produs\\\/standard-owb-light-bearing-holster\\\/#breadcrumb\"},\"inLanguage\":\"ro-RO\",\"potentialAction\":[{\"@type\":\"ReadAction\",\"target\":[\"https:\\\/\\\/holster.md\\\/ro\\\/produs\\\/standard-owb-light-bearing-holster\\\/\"]}]},{\"@type\":\"ImageObject\",\"inLanguage\":\"ro-RO\",\"@id\":\"https:\\\/\\\/holster.md\\\/ro\\\/produs\\\/standard-owb-light-bearing-holster\\\/#primaryimage\",\"url\":\"https:\\\/\\\/holster.md\\\/wp-content\\\/uploads\\\/2020\\\/12\\\/owb-lightbearing-holster-glock-34-streamlight-tlr1.jpg\",\"contentUrl\":\"https:\\\/\\\/holster.md\\\/wp-content\\\/uploads\\\/2020\\\/12\\\/owb-lightbearing-holster-glock-34-streamlight-tlr1.jpg\",\"width\":1200,\"height\":1200},{\"@type\":\"BreadcrumbList\",\"@id\":\"https:\\\/\\\/holster.md\\\/ro\\\/produs\\\/standard-owb-light-bearing-holster\\\/#breadcrumb\",\"itemListElement\":[{\"@type\":\"ListItem\",\"position\":1,\"name\":\"Home\",\"item\":\"https:\\\/\\\/holster.md\\\/ro\\\/\"},{\"@type\":\"ListItem\",\"position\":2,\"name\":\"Magazin\",\"item\":\"https:\\\/\\\/holster.md\\\/ro\\\/\"},{\"@type\":\"ListItem\",\"position\":3,\"name\":\"Toc OWB cu lantern\u0103\"}]},{\"@type\":\"WebSite\",\"@id\":\"https:\\\/\\\/holster.md\\\/ro\\\/#website\",\"url\":\"https:\\\/\\\/holster.md\\\/ro\\\/\",\"name\":\"Kydex Holsters\",\"description\":\"from shooters to shooters\",\"publisher\":{\"@id\":\"https:\\\/\\\/holster.md\\\/ro\\\/#organization\"},\"potentialAction\":[{\"@type\":\"SearchAction\",\"target\":{\"@type\":\"EntryPoint\",\"urlTemplate\":\"https:\\\/\\\/holster.md\\\/ro\\\/?s={search_term_string}\"},\"query-input\":{\"@type\":\"PropertyValueSpecification\",\"valueRequired\":true,\"valueName\":\"search_term_string\"}}],\"inLanguage\":\"ro-RO\"},{\"@type\":\"Organization\",\"@id\":\"https:\\\/\\\/holster.md\\\/ro\\\/#organization\",\"name\":\"Kydex Holsters LTD\",\"url\":\"https:\\\/\\\/holster.md\\\/ro\\\/\",\"logo\":{\"@type\":\"ImageObject\",\"inLanguage\":\"ro-RO\",\"@id\":\"https:\\\/\\\/holster.md\\\/ro\\\/#\\\/schema\\\/logo\\\/image\\\/\",\"url\":\"https:\\\/\\\/holster.md\\\/wp-content\\\/uploads\\\/2020\\\/12\\\/iwb-loop-claw.jpg\",\"contentUrl\":\"https:\\\/\\\/holster.md\\\/wp-content\\\/uploads\\\/2020\\\/12\\\/iwb-loop-claw.jpg\",\"width\":1000,\"height\":792,\"caption\":\"Kydex Holsters LTD\"},\"image\":{\"@id\":\"https:\\\/\\\/holster.md\\\/ro\\\/#\\\/schema\\\/logo\\\/image\\\/\"},\"sameAs\":[\"https:\\\/\\\/www.facebook.com\\\/holster.md\",\"https:\\\/\\\/www.instagram.com\\\/holsters.pro\\\/\",\"https:\\\/\\\/www.youtube.com\\\/channel\\\/UCfBM11_gkaLTr7lXFgLtP2A\"]}]}<\/script>\n<!-- \/ Yoast SEO plugin. -->","yoast_head_json":{"title":"Toc OWB cu lantern\u0103","robots":{"index":"index","follow":"follow","max-snippet":"max-snippet:-1","max-image-preview":"max-image-preview:large","max-video-preview":"max-video-preview:-1"},"canonical":"https:\/\/holster.md\/ro\/produs\/standard-owb-light-bearing-holster\/","og_locale":"ro_RO","og_type":"article","og_title":"Toc OWB cu lantern\u0103","og_description":"Toc clasic OWB pentru pistol cu lantern\u0103 fabricat din Kydex .080&#8243; (2mm) cu multe op\u021biuni diferite: diferite accesorii pentru centuri: tek-lok (aftermarket, original), COMBAT Loops, ASR, G-code paddle, Bladetech paddle, TSR mount (verifica\u021bi imaginile); dimensiunea centurii: 1,5-2&#8243;; op\u021bional t\u0103iat optic; deschidere extins\u0103 (m\u0103rit\u0103) pentru ref\u0103cere op\u021bional\u0103; V\u0103 rug\u0103m s\u0103 verifica\u021bi galeria de imagini a produsului [&hellip;]","og_url":"https:\/\/holster.md\/ro\/produs\/standard-owb-light-bearing-holster\/","og_site_name":"Kydex Holsters","article_publisher":"https:\/\/www.facebook.com\/holster.md","article_modified_time":"2026-02-13T16:36:37+00:00","og_image":[{"width":1200,"height":1200,"url":"https:\/\/holster.md\/wp-content\/uploads\/2020\/12\/owb-lightbearing-holster-glock-34-streamlight-tlr1.jpg","type":"image\/jpeg"}],"twitter_card":"summary_large_image","schema":{"@context":"https:\/\/schema.org","@graph":[{"@type":"WebPage","@id":"https:\/\/holster.md\/ro\/produs\/standard-owb-light-bearing-holster\/","url":"https:\/\/holster.md\/ro\/produs\/standard-owb-light-bearing-holster\/","name":"Toc OWB cu lantern\u0103","isPartOf":{"@id":"https:\/\/holster.md\/ro\/#website"},"primaryImageOfPage":{"@id":"https:\/\/holster.md\/ro\/produs\/standard-owb-light-bearing-holster\/#primaryimage"},"image":{"@id":"https:\/\/holster.md\/ro\/produs\/standard-owb-light-bearing-holster\/#primaryimage"},"thumbnailUrl":"https:\/\/holster.md\/wp-content\/uploads\/2020\/12\/owb-lightbearing-holster-glock-34-streamlight-tlr1.jpg","datePublished":"2020-12-11T03:11:00+00:00","dateModified":"2026-02-13T16:36:37+00:00","breadcrumb":{"@id":"https:\/\/holster.md\/ro\/produs\/standard-owb-light-bearing-holster\/#breadcrumb"},"inLanguage":"ro-RO","potentialAction":[{"@type":"ReadAction","target":["https:\/\/holster.md\/ro\/produs\/standard-owb-light-bearing-holster\/"]}]},{"@type":"ImageObject","inLanguage":"ro-RO","@id":"https:\/\/holster.md\/ro\/produs\/standard-owb-light-bearing-holster\/#primaryimage","url":"https:\/\/holster.md\/wp-content\/uploads\/2020\/12\/owb-lightbearing-holster-glock-34-streamlight-tlr1.jpg","contentUrl":"https:\/\/holster.md\/wp-content\/uploads\/2020\/12\/owb-lightbearing-holster-glock-34-streamlight-tlr1.jpg","width":1200,"height":1200},{"@type":"BreadcrumbList","@id":"https:\/\/holster.md\/ro\/produs\/standard-owb-light-bearing-holster\/#breadcrumb","itemListElement":[{"@type":"ListItem","position":1,"name":"Home","item":"https:\/\/holster.md\/ro\/"},{"@type":"ListItem","position":2,"name":"Magazin","item":"https:\/\/holster.md\/ro\/"},{"@type":"ListItem","position":3,"name":"Toc OWB cu lantern\u0103"}]},{"@type":"WebSite","@id":"https:\/\/holster.md\/ro\/#website","url":"https:\/\/holster.md\/ro\/","name":"Kydex Holsters","description":"from shooters to shooters","publisher":{"@id":"https:\/\/holster.md\/ro\/#organization"},"potentialAction":[{"@type":"SearchAction","target":{"@type":"EntryPoint","urlTemplate":"https:\/\/holster.md\/ro\/?s={search_term_string}"},"query-input":{"@type":"PropertyValueSpecification","valueRequired":true,"valueName":"search_term_string"}}],"inLanguage":"ro-RO"},{"@type":"Organization","@id":"https:\/\/holster.md\/ro\/#organization","name":"Kydex Holsters LTD","url":"https:\/\/holster.md\/ro\/","logo":{"@type":"ImageObject","inLanguage":"ro-RO","@id":"https:\/\/holster.md\/ro\/#\/schema\/logo\/image\/","url":"https:\/\/holster.md\/wp-content\/uploads\/2020\/12\/iwb-loop-claw.jpg","contentUrl":"https:\/\/holster.md\/wp-content\/uploads\/2020\/12\/iwb-loop-claw.jpg","width":1000,"height":792,"caption":"Kydex Holsters LTD"},"image":{"@id":"https:\/\/holster.md\/ro\/#\/schema\/logo\/image\/"},"sameAs":["https:\/\/www.facebook.com\/holster.md","https:\/\/www.instagram.com\/holsters.pro\/","https:\/\/www.youtube.com\/channel\/UCfBM11_gkaLTr7lXFgLtP2A"]}]}},"jetpack_sharing_enabled":true,"_links":{"self":[{"href":"https:\/\/holster.md\/ro\/wp-json\/wp\/v2\/product\/1621","targetHints":{"allow":["GET"]}}],"collection":[{"href":"https:\/\/holster.md\/ro\/wp-json\/wp\/v2\/product"}],"about":[{"href":"https:\/\/holster.md\/ro\/wp-json\/wp\/v2\/types\/product"}],"replies":[{"embeddable":true,"href":"https:\/\/holster.md\/ro\/wp-json\/wp\/v2\/comments?post=1621"}],"wp:featuredmedia":[{"embeddable":true,"href":"https:\/\/holster.md\/ro\/wp-json\/wp\/v2\/media\/15495"}],"wp:attachment":[{"href":"https:\/\/holster.md\/ro\/wp-json\/wp\/v2\/media?parent=1621"}],"wp:term":[{"taxonomy":"product_brand","embeddable":true,"href":"https:\/\/holster.md\/ro\/wp-json\/wp\/v2\/product_brand?post=1621"},{"taxonomy":"product_cat","embeddable":true,"href":"https:\/\/holster.md\/ro\/wp-json\/wp\/v2\/product_cat?post=1621"},{"taxonomy":"product_tag","embeddable":true,"href":"https:\/\/holster.md\/ro\/wp-json\/wp\/v2\/product_tag?post=1621"}],"curies":[{"name":"wp","href":"https:\/\/api.w.org\/{rel}","templated":true}]}}