{"id":1612,"date":"2020-12-11T04:26:27","date_gmt":"2020-12-11T02:26:27","guid":{"rendered":"https:\/\/holster.md\/product\/double-pouches-mrd\/"},"modified":"2024-07-10T00:17:03","modified_gmt":"2024-07-09T21:17:03","slug":"double-pouches-mrd","status":"publish","type":"product","link":"https:\/\/holster.md\/ro\/produs\/double-pouches-mrd\/","title":{"rendered":"Hu\u0219a dubl\u0103 cu MRD"},"content":{"rendered":"<p>Hu\u0219a dubl\u0103 durabil\u0103 kydex cu 2 MRD pentru fiecare \u00eenc\u0103rc\u0103tor.<\/p>\n<p>MRD (Magazine Retention Device)\u00a0 -dispozitivul de re\u021binere \u00eenc\u0103rc\u0103torului este utilizat \u00een aceast\u0103 pung\u0103 pentru a oferi un control mai mare al re\u021binerii. Vede\u021bi imaginile pentru a \u00een\u021belege cum func\u021bioneaz\u0103, v\u0103 rog.<\/p>\n<p>Diferite accesorii pentru centuri: tek-lok (aftermarket, original), COMBAT Loops, ASR, G-code paddle, Bladetech paddle, TSR mount (verifica\u021bi imaginile);<\/p>\n","protected":false},"excerpt":{"rendered":"<p>Hu\u0219a dubl\u0103 durabil\u0103 kydex cu 2 MRD pentru fiecare \u00eenc\u0103rc\u0103tor. MRD (Magazine Retention Device)\u00a0 -dispozitivul de re\u021binere \u00eenc\u0103rc\u0103torului este utilizat \u00een aceast\u0103 pung\u0103 pentru a oferi un control mai mare al re\u021binerii. Vede\u021bi imaginile pentru a \u00een\u021belege cum func\u021bioneaz\u0103, v\u0103 rog. Diferite accesorii pentru centuri: tek-lok (aftermarket, original), COMBAT Loops, ASR, G-code paddle, Bladetech paddle, [&hellip;]<\/p>\n","protected":false},"featured_media":2847,"comment_status":"open","ping_status":"closed","template":"","meta":[],"product_brand":[],"product_cat":[162],"product_tag":[],"class_list":{"0":"post-1612","1":"product","2":"type-product","3":"status-publish","4":"has-post-thumbnail","6":"product_cat-pouches-ro","8":"first","9":"instock","10":"shipping-taxable","11":"purchasable","12":"product-type-variable"},"yoast_head":"<!-- This site is optimized with the Yoast SEO plugin v27.5 - https:\/\/yoast.com\/product\/yoast-seo-wordpress\/ -->\n<title>Hu\u0219a dubl\u0103 cu MRD<\/title>\n<meta name=\"robots\" content=\"index, follow, max-snippet:-1, max-image-preview:large, max-video-preview:-1\" \/>\n<link rel=\"canonical\" href=\"https:\/\/holster.md\/ro\/produs\/double-pouches-mrd\/\" \/>\n<meta property=\"og:locale\" content=\"ro_RO\" \/>\n<meta property=\"og:type\" content=\"article\" \/>\n<meta property=\"og:title\" content=\"Hu\u0219a dubl\u0103 cu MRD\" \/>\n<meta property=\"og:description\" content=\"Hu\u0219a dubl\u0103 durabil\u0103 kydex cu 2 MRD pentru fiecare \u00eenc\u0103rc\u0103tor. MRD (Magazine Retention Device)\u00a0 -dispozitivul de re\u021binere \u00eenc\u0103rc\u0103torului este utilizat \u00een aceast\u0103 pung\u0103 pentru a oferi un control mai mare al re\u021binerii. Vede\u021bi imaginile pentru a \u00een\u021belege cum func\u021bioneaz\u0103, v\u0103 rog. Diferite accesorii pentru centuri: tek-lok (aftermarket, original), COMBAT Loops, ASR, G-code paddle, Bladetech paddle, [&hellip;]\" \/>\n<meta property=\"og:url\" content=\"https:\/\/holster.md\/ro\/produs\/double-pouches-mrd\/\" \/>\n<meta property=\"og:site_name\" content=\"Kydex Holsters\" \/>\n<meta property=\"article:publisher\" content=\"https:\/\/www.facebook.com\/holster.md\" \/>\n<meta property=\"article:modified_time\" content=\"2024-07-09T21:17:03+00:00\" \/>\n<meta property=\"og:image\" content=\"https:\/\/holster.md\/wp-content\/uploads\/2020\/12\/shadow-double-mrd-7.jpg\" \/>\n\t<meta property=\"og:image:width\" content=\"1080\" \/>\n\t<meta property=\"og:image:height\" content=\"1080\" \/>\n\t<meta property=\"og:image:type\" content=\"image\/jpeg\" \/>\n<meta name=\"twitter:card\" content=\"summary_large_image\" \/>\n<script type=\"application\/ld+json\" class=\"yoast-schema-graph\">{\"@context\":\"https:\\\/\\\/schema.org\",\"@graph\":[{\"@type\":\"WebPage\",\"@id\":\"https:\\\/\\\/holster.md\\\/ro\\\/produs\\\/double-pouches-mrd\\\/\",\"url\":\"https:\\\/\\\/holster.md\\\/ro\\\/produs\\\/double-pouches-mrd\\\/\",\"name\":\"Hu\u0219a dubl\u0103 cu MRD\",\"isPartOf\":{\"@id\":\"https:\\\/\\\/holster.md\\\/ro\\\/#website\"},\"primaryImageOfPage\":{\"@id\":\"https:\\\/\\\/holster.md\\\/ro\\\/produs\\\/double-pouches-mrd\\\/#primaryimage\"},\"image\":{\"@id\":\"https:\\\/\\\/holster.md\\\/ro\\\/produs\\\/double-pouches-mrd\\\/#primaryimage\"},\"thumbnailUrl\":\"https:\\\/\\\/holster.md\\\/wp-content\\\/uploads\\\/2020\\\/12\\\/shadow-double-mrd-7.jpg\",\"datePublished\":\"2020-12-11T02:26:27+00:00\",\"dateModified\":\"2024-07-09T21:17:03+00:00\",\"breadcrumb\":{\"@id\":\"https:\\\/\\\/holster.md\\\/ro\\\/produs\\\/double-pouches-mrd\\\/#breadcrumb\"},\"inLanguage\":\"ro-RO\",\"potentialAction\":[{\"@type\":\"ReadAction\",\"target\":[\"https:\\\/\\\/holster.md\\\/ro\\\/produs\\\/double-pouches-mrd\\\/\"]}]},{\"@type\":\"ImageObject\",\"inLanguage\":\"ro-RO\",\"@id\":\"https:\\\/\\\/holster.md\\\/ro\\\/produs\\\/double-pouches-mrd\\\/#primaryimage\",\"url\":\"https:\\\/\\\/holster.md\\\/wp-content\\\/uploads\\\/2020\\\/12\\\/shadow-double-mrd-7.jpg\",\"contentUrl\":\"https:\\\/\\\/holster.md\\\/wp-content\\\/uploads\\\/2020\\\/12\\\/shadow-double-mrd-7.jpg\",\"width\":1080,\"height\":1080},{\"@type\":\"BreadcrumbList\",\"@id\":\"https:\\\/\\\/holster.md\\\/ro\\\/produs\\\/double-pouches-mrd\\\/#breadcrumb\",\"itemListElement\":[{\"@type\":\"ListItem\",\"position\":1,\"name\":\"Home\",\"item\":\"https:\\\/\\\/holster.md\\\/ro\\\/\"},{\"@type\":\"ListItem\",\"position\":2,\"name\":\"Magazin\",\"item\":\"https:\\\/\\\/holster.md\\\/ro\\\/\"},{\"@type\":\"ListItem\",\"position\":3,\"name\":\"Hu\u0219a dubl\u0103 cu MRD\"}]},{\"@type\":\"WebSite\",\"@id\":\"https:\\\/\\\/holster.md\\\/ro\\\/#website\",\"url\":\"https:\\\/\\\/holster.md\\\/ro\\\/\",\"name\":\"Kydex Holsters\",\"description\":\"from shooters to shooters\",\"publisher\":{\"@id\":\"https:\\\/\\\/holster.md\\\/ro\\\/#organization\"},\"potentialAction\":[{\"@type\":\"SearchAction\",\"target\":{\"@type\":\"EntryPoint\",\"urlTemplate\":\"https:\\\/\\\/holster.md\\\/ro\\\/?s={search_term_string}\"},\"query-input\":{\"@type\":\"PropertyValueSpecification\",\"valueRequired\":true,\"valueName\":\"search_term_string\"}}],\"inLanguage\":\"ro-RO\"},{\"@type\":\"Organization\",\"@id\":\"https:\\\/\\\/holster.md\\\/ro\\\/#organization\",\"name\":\"Kydex Holsters LTD\",\"url\":\"https:\\\/\\\/holster.md\\\/ro\\\/\",\"logo\":{\"@type\":\"ImageObject\",\"inLanguage\":\"ro-RO\",\"@id\":\"https:\\\/\\\/holster.md\\\/ro\\\/#\\\/schema\\\/logo\\\/image\\\/\",\"url\":\"https:\\\/\\\/holster.md\\\/wp-content\\\/uploads\\\/2020\\\/12\\\/iwb-loop-claw.jpg\",\"contentUrl\":\"https:\\\/\\\/holster.md\\\/wp-content\\\/uploads\\\/2020\\\/12\\\/iwb-loop-claw.jpg\",\"width\":1000,\"height\":792,\"caption\":\"Kydex Holsters LTD\"},\"image\":{\"@id\":\"https:\\\/\\\/holster.md\\\/ro\\\/#\\\/schema\\\/logo\\\/image\\\/\"},\"sameAs\":[\"https:\\\/\\\/www.facebook.com\\\/holster.md\",\"https:\\\/\\\/www.instagram.com\\\/holsters.pro\\\/\",\"https:\\\/\\\/www.youtube.com\\\/channel\\\/UCfBM11_gkaLTr7lXFgLtP2A\"]}]}<\/script>\n<!-- \/ Yoast SEO plugin. -->","yoast_head_json":{"title":"Hu\u0219a dubl\u0103 cu MRD","robots":{"index":"index","follow":"follow","max-snippet":"max-snippet:-1","max-image-preview":"max-image-preview:large","max-video-preview":"max-video-preview:-1"},"canonical":"https:\/\/holster.md\/ro\/produs\/double-pouches-mrd\/","og_locale":"ro_RO","og_type":"article","og_title":"Hu\u0219a dubl\u0103 cu MRD","og_description":"Hu\u0219a dubl\u0103 durabil\u0103 kydex cu 2 MRD pentru fiecare \u00eenc\u0103rc\u0103tor. MRD (Magazine Retention Device)\u00a0 -dispozitivul de re\u021binere \u00eenc\u0103rc\u0103torului este utilizat \u00een aceast\u0103 pung\u0103 pentru a oferi un control mai mare al re\u021binerii. Vede\u021bi imaginile pentru a \u00een\u021belege cum func\u021bioneaz\u0103, v\u0103 rog. Diferite accesorii pentru centuri: tek-lok (aftermarket, original), COMBAT Loops, ASR, G-code paddle, Bladetech paddle, [&hellip;]","og_url":"https:\/\/holster.md\/ro\/produs\/double-pouches-mrd\/","og_site_name":"Kydex Holsters","article_publisher":"https:\/\/www.facebook.com\/holster.md","article_modified_time":"2024-07-09T21:17:03+00:00","og_image":[{"width":1080,"height":1080,"url":"https:\/\/holster.md\/wp-content\/uploads\/2020\/12\/shadow-double-mrd-7.jpg","type":"image\/jpeg"}],"twitter_card":"summary_large_image","schema":{"@context":"https:\/\/schema.org","@graph":[{"@type":"WebPage","@id":"https:\/\/holster.md\/ro\/produs\/double-pouches-mrd\/","url":"https:\/\/holster.md\/ro\/produs\/double-pouches-mrd\/","name":"Hu\u0219a dubl\u0103 cu MRD","isPartOf":{"@id":"https:\/\/holster.md\/ro\/#website"},"primaryImageOfPage":{"@id":"https:\/\/holster.md\/ro\/produs\/double-pouches-mrd\/#primaryimage"},"image":{"@id":"https:\/\/holster.md\/ro\/produs\/double-pouches-mrd\/#primaryimage"},"thumbnailUrl":"https:\/\/holster.md\/wp-content\/uploads\/2020\/12\/shadow-double-mrd-7.jpg","datePublished":"2020-12-11T02:26:27+00:00","dateModified":"2024-07-09T21:17:03+00:00","breadcrumb":{"@id":"https:\/\/holster.md\/ro\/produs\/double-pouches-mrd\/#breadcrumb"},"inLanguage":"ro-RO","potentialAction":[{"@type":"ReadAction","target":["https:\/\/holster.md\/ro\/produs\/double-pouches-mrd\/"]}]},{"@type":"ImageObject","inLanguage":"ro-RO","@id":"https:\/\/holster.md\/ro\/produs\/double-pouches-mrd\/#primaryimage","url":"https:\/\/holster.md\/wp-content\/uploads\/2020\/12\/shadow-double-mrd-7.jpg","contentUrl":"https:\/\/holster.md\/wp-content\/uploads\/2020\/12\/shadow-double-mrd-7.jpg","width":1080,"height":1080},{"@type":"BreadcrumbList","@id":"https:\/\/holster.md\/ro\/produs\/double-pouches-mrd\/#breadcrumb","itemListElement":[{"@type":"ListItem","position":1,"name":"Home","item":"https:\/\/holster.md\/ro\/"},{"@type":"ListItem","position":2,"name":"Magazin","item":"https:\/\/holster.md\/ro\/"},{"@type":"ListItem","position":3,"name":"Hu\u0219a dubl\u0103 cu MRD"}]},{"@type":"WebSite","@id":"https:\/\/holster.md\/ro\/#website","url":"https:\/\/holster.md\/ro\/","name":"Kydex Holsters","description":"from shooters to shooters","publisher":{"@id":"https:\/\/holster.md\/ro\/#organization"},"potentialAction":[{"@type":"SearchAction","target":{"@type":"EntryPoint","urlTemplate":"https:\/\/holster.md\/ro\/?s={search_term_string}"},"query-input":{"@type":"PropertyValueSpecification","valueRequired":true,"valueName":"search_term_string"}}],"inLanguage":"ro-RO"},{"@type":"Organization","@id":"https:\/\/holster.md\/ro\/#organization","name":"Kydex Holsters LTD","url":"https:\/\/holster.md\/ro\/","logo":{"@type":"ImageObject","inLanguage":"ro-RO","@id":"https:\/\/holster.md\/ro\/#\/schema\/logo\/image\/","url":"https:\/\/holster.md\/wp-content\/uploads\/2020\/12\/iwb-loop-claw.jpg","contentUrl":"https:\/\/holster.md\/wp-content\/uploads\/2020\/12\/iwb-loop-claw.jpg","width":1000,"height":792,"caption":"Kydex Holsters LTD"},"image":{"@id":"https:\/\/holster.md\/ro\/#\/schema\/logo\/image\/"},"sameAs":["https:\/\/www.facebook.com\/holster.md","https:\/\/www.instagram.com\/holsters.pro\/","https:\/\/www.youtube.com\/channel\/UCfBM11_gkaLTr7lXFgLtP2A"]}]}},"jetpack_sharing_enabled":true,"_links":{"self":[{"href":"https:\/\/holster.md\/ro\/wp-json\/wp\/v2\/product\/1612","targetHints":{"allow":["GET"]}}],"collection":[{"href":"https:\/\/holster.md\/ro\/wp-json\/wp\/v2\/product"}],"about":[{"href":"https:\/\/holster.md\/ro\/wp-json\/wp\/v2\/types\/product"}],"replies":[{"embeddable":true,"href":"https:\/\/holster.md\/ro\/wp-json\/wp\/v2\/comments?post=1612"}],"wp:featuredmedia":[{"embeddable":true,"href":"https:\/\/holster.md\/ro\/wp-json\/wp\/v2\/media\/2847"}],"wp:attachment":[{"href":"https:\/\/holster.md\/ro\/wp-json\/wp\/v2\/media?parent=1612"}],"wp:term":[{"taxonomy":"product_brand","embeddable":true,"href":"https:\/\/holster.md\/ro\/wp-json\/wp\/v2\/product_brand?post=1612"},{"taxonomy":"product_cat","embeddable":true,"href":"https:\/\/holster.md\/ro\/wp-json\/wp\/v2\/product_cat?post=1612"},{"taxonomy":"product_tag","embeddable":true,"href":"https:\/\/holster.md\/ro\/wp-json\/wp\/v2\/product_tag?post=1612"}],"curies":[{"name":"wp","href":"https:\/\/api.w.org\/{rel}","templated":true}]}}