{"id":1609,"date":"2020-12-11T04:12:31","date_gmt":"2020-12-11T02:12:31","guid":{"rendered":"https:\/\/holster.md\/product\/owb-pancake-lightbearing-holster\/"},"modified":"2026-02-02T21:02:03","modified_gmt":"2026-02-02T19:02:03","slug":"owb-pancake-lightbearing-holster","status":"publish","type":"product","link":"https:\/\/holster.md\/ro\/produs\/owb-pancake-lightbearing-holster\/","title":{"rendered":"Toc extern OWB de tip Pancake cu lantern\u0103"},"content":{"rendered":"<p>Toc OWB de tip &#8222;Pancake&#8221; pentru un pistol cu lantern\u0103; realizat din Kydex de grosimea de la 2.03 mm (.080&#8243;) sau Holstex. Tocul este curbat pentru a se potrivi contururilor corpului, muchiile sunt rotunjite pentru confort sporit.<br \/>\nIntegrat 10 \u00b0 fwd cant, \u00eembun\u0103t\u0103\u021be\u0219te capacitatea de ascundere a Armei.<\/p>\n<p>Multe op\u021biuni disponibile.<\/p>\n<ul>\n<li>Op\u021bional Integrat 10 \u00b0 fwd cant, \u00eembun\u0103t\u0103\u021be\u0219te capacitatea de ascundere a Armei.<\/li>\n<li>Unghi variabil de fixare;<\/li>\n<li>Dimensiunea centurii: 3.8-5cm (1,5-2&#8243;);<\/li>\n<li>diferite accesorii pentru curea;<\/li>\n<li>garda de\u00a0 sudoare op\u021bionala;<\/li>\n<li>etc.<\/li>\n<\/ul>\n<p>Tocul este legal pentru: IDPA, IPSC\/USPSA, 3GUN, PPC1500, etc<\/p>\n","protected":false},"excerpt":{"rendered":"<p>Toc OWB de tip &#8222;Pancake&#8221; pentru un pistol cu lantern\u0103; realizat din Kydex de grosimea de la 2.03 mm (.080&#8243;) sau Holstex. Tocul este curbat pentru a se potrivi contururilor corpului, muchiile sunt rotunjite pentru confort sporit. Integrat 10 \u00b0 fwd cant, \u00eembun\u0103t\u0103\u021be\u0219te capacitatea de ascundere a Armei. Multe op\u021biuni disponibile. Op\u021bional Integrat 10 \u00b0 [&hellip;]<\/p>\n","protected":false},"featured_media":14583,"comment_status":"open","ping_status":"closed","template":"","meta":[],"product_brand":[],"product_cat":[160],"product_tag":[664,374,376,283,284,285,366,287,365,395,288],"class_list":{"0":"post-1609","1":"product","2":"type-product","3":"status-publish","4":"has-post-thumbnail","6":"product_cat-owb-ro","7":"product_tag-weapon-mounted-light-ro","8":"product_tag-toc-pentru-arex","9":"product_tag-toc-pentru-arsenal","10":"product_tag-toc-pentru-bersa","11":"product_tag-toc-pentru-cz","12":"product_tag-toc-pentru-glock","13":"product_tag-heckler-koch-holsters-ro","14":"product_tag-sig-sauer-holsters","15":"product_tag-springfield-hs-holsters-ro","16":"product_tag-taurus-holsters-ro","17":"product_tag-walther-holsters","18":"pa_firearm-strike-one","19":"pa_firearm-arex-alpha","20":"pa_firearm-arex-delta","21":"pa_firearm-arex-delta-l","22":"pa_firearm-atlas-eos","23":"pa_firearm-baikal-mp-446","24":"pa_firearm-beretta-92fs","25":"pa_firearm-beretta-92x-performance-defensive","26":"pa_firearm-beretta-92x-performance","27":"pa_firearm-beretta-apx","28":"pa_firearm-beretta-apx-compact-centurion","29":"pa_firearm-beretta-m9a4","30":"pa_firearm-beretta-px4-storm","31":"pa_firearm-bersa-bpcc-9mm","32":"pa_firearm-bul-1911-edc-4-25","33":"pa_firearm-bul-1911-edc-5","34":"pa_firearm-bull-1911-m-5-compact","35":"pa_firearm-bul-1911-ultra","36":"pa_firearm-bul-sas-2-air","37":"pa_firearm-bul-sas-2-blazer","38":"pa_firearm-bul-sas-2-edc-edc-pro-4-25","39":"pa_firearm-bul-sas-2-radical","40":"pa_firearm-bul-sas-2-tac","41":"pa_firearm-bul-sas-2-tac-5","42":"pa_firearm-bul-sas-2-ultralight","43":"pa_firearm-canik-mete-sft","44":"pa_firearm-canik-mete-tp9-sub","45":"pa_firearm-canik-sfx-rival","46":"pa_firearm-canik-tp9-elite-combat","47":"pa_firearm-canik-tp9-sf","48":"pa_firearm-canik-tp9-sf-elite-tp9-sf-elite-s-tp9-elite-s-combat","49":"pa_firearm-canik-tp9-sub-elite-tp9-sub-elite-cas","50":"pa_firearm-colt-1911","51":"pa_firearm-colt-python-2020-4-25","52":"pa_firearm-colt-python-2020","53":"pa_firearm-cz-2075-rami","54":"pa_firearm-cz-75-compact","55":"pa_firearm-cz-p01","56":"pa_firearm-shadow-2","57":"pa_firearm-cz-75-shadow-2-compact","58":"pa_firearm-cz-75-sp-01-shadow","59":"pa_firearm-cz-75-tactical-sport-2","60":"pa_firearm-cz-75b","61":"pa_firearm-cz-85","62":"pa_firearm-cz-p-07","63":"pa_firearm-cz-p-09","64":"pa_firearm-cz-p-09-c-nocturne","65":"pa_firearm-cz-p-09-f-nocturne","66":"pa_firearm-cz-p10c","67":"pa_firearm-cz-p-10f","68":"pa_firearm-cz-p-10f-45acp","69":"pa_firearm-cz-p-10m","70":"pa_firearm-cz-p-10-s","71":"pa_firearm-daniel-defense-h9","72":"pa_firearm-fn-510","73":"pa_firearm-fn-510-tactical","74":"pa_firearm-fort-10-r","75":"pa_firearm-fort-12-r","76":"pa_firearm-fort-17-r","77":"pa_firearm-fort-9r","78":"pa_firearm-glock-17","79":"pa_firearm-glock-17-22-gen5","80":"pa_firearm-glock-17-gen-6","81":"pa_firearm-glock-19-gen5","82":"pa_firearm-glock-19","83":"pa_firearm-glock-19-45-gen-6","84":"pa_firearm-glock-21","85":"pa_firearm-glock-20-21-gen-5","86":"pa_firearm-glock-23-gen-5","87":"pa_firearm-glock-26-27-gen-5","88":"pa_firearm-glock-25-27-33","89":"pa_firearm-glock-29","90":"pa_firearm-glock-34","91":"pa_firearm-glock-42","92":"pa_firearm-glock-43","93":"pa_firearm-glock-43x-mos","94":"pa_firearm-glock-44","95":"pa_firearm-glock-48","96":"pa_firearm-glock-48-mos","97":"pa_firearm-grand-power-k100","98":"pa_firearm-grand-power-k22s","99":"pa_firearm-grand-power-p1","100":"pa_firearm-grand-power-p11","101":"pa_firearm-grand-power-t12","102":"pa_firearm-grand-power-t12-mk23","103":"pa_firearm-grand-power-x-calibur","104":"pa_firearm-grand-power-x-calibur-match-mk23","105":"pa_firearm-hk-p30","106":"pa_firearm-hk-p30-l","107":"pa_firearm-hk-p30-sk","108":"pa_firearm-hk-usp","109":"pa_firearm-hk-usp-compact","110":"pa_firearm-hk-usp-tactical-9mm","111":"pa_firearm-hk-vp9-sfp9","112":"pa_firearm-hk-vp9-sfp9-long","113":"pa_firearm-hk-vp9-sk-sfp9-sk","114":"pa_firearm-hs-produkt-hs-9","115":"pa_firearm-hs-produkt-hs-9-gen-2-3","116":"pa_firearm-hs-produkt-hs-9-gen-2","117":"pa_firearm-hs-produkt-hs-9-gen-2-5","118":"pa_firearm-hs-produkt-hs-9-subcompact","119":"pa_firearm-hs-produkt-sf19-3-8","120":"pa_firearm-hs-produkt-sf19-4-5","121":"pa_firearm-hs-produkt-sf19-5-25","122":"pa_firearm-jacob-grey-hex","123":"pa_firearm-kimber-1911","124":"pa_firearm-kimber-2k11","125":"pa_firearm-kimber-2k11-pro","126":"pa_firearm-kmr-l-02-cuda","127":"pa_firearm-kmr-l-02-orca","128":"pa_firearm-kmr-s-02-5-5","129":"pa_firearm-kmr-spectra","130":"pa_firearm-kmr-w-02-umbra","131":"pa_firearm-kmr-w-02-umbra-x","132":"pa_firearm-kmr-w-02-vapor-or-sr","133":"pa_firearm-alien","134":"pa_firearm-laugo-arms-alien-creator","135":"pa_firearm-laugo-arms-alien-remus","136":"pa_firearm-laugo-alien-target-6","137":"pa_firearm-other-model-specify-in-order-comments","138":"pa_firearm-phoenix-drake-production","139":"pa_firearm-phoenix-drake-standard","140":"pa_firearm-phoenix-predator","141":"pa_firearm-phoenix-redback","142":"pa_firearm-pm-makarov","143":"pa_firearm-remington-1911-r1","144":"pa_firearm-remington-rm380","145":"pa_firearm-ruger-american","146":"pa_firearm-ruger-american-competition","147":"pa_firearm-ruger-gp100","148":"pa_firearm-ruger-sr-1911","149":"pa_firearm-ruger-sr-1911-commander","150":"pa_firearm-sig-sauer-p211-gto","151":"pa_firearm-sig-sauer-p226","152":"pa_firearm-sig-sauer-p229","153":"pa_firearm-sig-p320-carry","154":"pa_firearm-sig-p320-carry-45-auto","155":"pa_firearm-sig-sauer-p320-compact","156":"pa_firearm-sig-p320-full","157":"pa_firearm-sig-sauer-p320-subcompact","158":"pa_firearm-sig-p320-x-full","159":"pa_firearm-sig-p320-x-carry","160":"pa_firearm-sig-sauer-p322-022lr","161":"pa_firearm-sig-sauer-p365-p365x","162":"pa_firearm-sig-sauer-p365-fuse","163":"pa_firearm-sig-sauer-p365-x-macro","164":"pa_firearm-sig-sauer-p365-x-macro-comp","165":"pa_firearm-sig-sauer-p365-xl","166":"pa_firearm-sig-sauer-p938","167":"pa_firearm-sig-sauer-sp2022","168":"pa_firearm-smithwesson-627","169":"pa_firearm-smithwesson-686","170":"pa_firearm-smithwesson-governor","171":"pa_firearm-smithwesson-j-frame-classic","172":"pa_firearm-smithwesson-mp-9-m2-0","173":"pa_firearm-smithwesson-mp9-m2-0-3-6-compact","174":"pa_firearm-smithwesson-mp9-m2-0-4-25","175":"pa_firearm-smithwesson-mp9-m2-5-full","176":"pa_firearm-smithwesson-mp9-shield-plus","177":"pa_firearm-smithwesson-mp9-shield-plus-comp","178":"pa_firearm-smithwesson-mp9-40-4","179":"pa_firearm-springfield-1911-emissary","180":"pa_firearm-springfield-prodigy","181":"pa_firearm-springfield-1911-prodigy-5","182":"pa_firearm-springfield-echelon","183":"pa_firearm-springfield-echelon-4-compact","184":"pa_firearm-springfield-hellcat","185":"pa_firearm-springfield-hellcat-pro-hs-h11-pro","186":"pa_firearm-springfield-hs-xd-9","187":"pa_firearm-springfield-xd-9-compact","188":"pa_firearm-springfield-xd-9-compact-mod-2","189":"pa_firearm-springfield-xd-9-compact-mod-3","190":"pa_firearm-springfield-xd-9-mod-2","191":"pa_firearm-springfield-xd-9-mod-3","192":"pa_firearm-springfield-xd-s-3-3","193":"pa_firearm-springfield-xd-s-3-3-mod-2","194":"pa_firearm-xdm-38","195":"pa_firearm-xdm-45","196":"pa_firearm-steyr-c9-a1","197":"pa_firearm-steyr-l9-a1","198":"pa_firearm-steyr-m9-a1","199":"pa_firearm-sti-staccato-cs","200":"pa_firearm-sti-staccato-hd-4-5","201":"pa_firearm-sti-staccato-hd-4","202":"pa_firearm-sti-staccato-p","203":"pa_firearm-sti-staccato-xc","204":"pa_firearm-sti-staccato-xl","205":"pa_firearm-tanfoglio-force-esse-carry-9mm","206":"pa_firearm-tanfoglio-gold-match","207":"pa_firearm-tanfoglio-limited-pro","208":"pa_firearm-tanfoglio-stock-i","209":"pa_firearm-tanfoglio-stock-ii","210":"pa_firearm-tanfoglio-stock-iii","211":"pa_firearm-taurus-1911","212":"pa_firearm-taurus-1911-commander","213":"pa_firearm-taurus-g2c","214":"pa_firearm-taurus-gx4-carry","215":"pa_firearm-taurus-gx4-xl","216":"pa_firearm-taurus-pt-24-7-g2","217":"pa_firearm-taurus-pt-24-7-g2-compact","218":"pa_firearm-taurus-th9","219":"pa_firearm-taurus-th9-compact","220":"pa_firearm-taurus-ts9","221":"pa_firearm-taurus-ts9c","222":"pa_firearm-tti-sand-viper-w-sro","223":"pa_firearm-tulskiy-tokarev-tt","224":"pa_firearm-walther-ccp","225":"pa_firearm-walther-creed","226":"pa_firearm-walther-p08","227":"pa_firearm-walther-p22","228":"pa_firearm-walther-p38","229":"pa_firearm-walther-p99","230":"pa_firearm-walther-pdp-4","231":"pa_firearm-walther-pdp-4-sf","232":"pa_firearm-walther-pdp45","233":"pa_firearm-walther-pdp-4-5-sf","234":"pa_firearm-walther-pdp","235":"pa_firearm-walther-pdp-5-sf","236":"pa_firearm-walther-pdp-f-series-3-5","237":"pa_firearm-walther-pdp-f-series-4","238":"pa_firearm-walther-ppk","239":"pa_firearm-walther-ppq","240":"pa_firearm-walther-ppq-45-auto","241":"pa_firearm-walther-pps","242":"pa_firearm-walther-pps-m2","243":"pa_firearm-walther-q4","244":"pa_firearm-walther-q4-sf","245":"pa_firearm-walther-q5-match","246":"pa_firearm-walther-q5-match-sf","247":"pa_firearm-zev-oz9","248":"pa_firearm-zev-oz9c","250":"first","251":"instock","252":"shipping-taxable","253":"purchasable","254":"product-type-variable","255":"has-default-attributes"},"yoast_head":"<!-- This site is optimized with the Yoast SEO plugin v27.4 - https:\/\/yoast.com\/product\/yoast-seo-wordpress\/ -->\n<title>Toc extern OWB de tip Pancake cu lantern\u0103<\/title>\n<meta name=\"robots\" content=\"index, follow, max-snippet:-1, max-image-preview:large, max-video-preview:-1\" \/>\n<link rel=\"canonical\" href=\"https:\/\/holster.md\/ro\/produs\/owb-pancake-lightbearing-holster\/\" \/>\n<meta property=\"og:locale\" content=\"ro_RO\" \/>\n<meta property=\"og:type\" content=\"article\" \/>\n<meta property=\"og:title\" content=\"Toc extern OWB de tip Pancake cu lantern\u0103\" \/>\n<meta property=\"og:description\" content=\"Toc OWB de tip &#8222;Pancake&#8221; pentru un pistol cu lantern\u0103; realizat din Kydex de grosimea de la 2.03 mm (.080&#8243;) sau Holstex. Tocul este curbat pentru a se potrivi contururilor corpului, muchiile sunt rotunjite pentru confort sporit. Integrat 10 \u00b0 fwd cant, \u00eembun\u0103t\u0103\u021be\u0219te capacitatea de ascundere a Armei. Multe op\u021biuni disponibile. Op\u021bional Integrat 10 \u00b0 [&hellip;]\" \/>\n<meta property=\"og:url\" content=\"https:\/\/holster.md\/ro\/produs\/owb-pancake-lightbearing-holster\/\" \/>\n<meta property=\"og:site_name\" content=\"Kydex Holsters\" \/>\n<meta property=\"article:publisher\" content=\"https:\/\/www.facebook.com\/holster.md\" \/>\n<meta property=\"article:modified_time\" content=\"2026-02-02T19:02:03+00:00\" \/>\n<meta property=\"og:image\" content=\"https:\/\/holster.md\/wp-content\/uploads\/2020\/12\/sig-p3200pl3-owb.jpg\" \/>\n\t<meta property=\"og:image:width\" content=\"1440\" \/>\n\t<meta property=\"og:image:height\" content=\"1440\" \/>\n\t<meta property=\"og:image:type\" content=\"image\/jpeg\" \/>\n<meta name=\"twitter:card\" content=\"summary_large_image\" \/>\n<script type=\"application\/ld+json\" class=\"yoast-schema-graph\">{\"@context\":\"https:\\\/\\\/schema.org\",\"@graph\":[{\"@type\":\"WebPage\",\"@id\":\"https:\\\/\\\/holster.md\\\/ro\\\/produs\\\/owb-pancake-lightbearing-holster\\\/\",\"url\":\"https:\\\/\\\/holster.md\\\/ro\\\/produs\\\/owb-pancake-lightbearing-holster\\\/\",\"name\":\"Toc extern OWB de tip Pancake cu lantern\u0103\",\"isPartOf\":{\"@id\":\"https:\\\/\\\/holster.md\\\/ro\\\/#website\"},\"primaryImageOfPage\":{\"@id\":\"https:\\\/\\\/holster.md\\\/ro\\\/produs\\\/owb-pancake-lightbearing-holster\\\/#primaryimage\"},\"image\":{\"@id\":\"https:\\\/\\\/holster.md\\\/ro\\\/produs\\\/owb-pancake-lightbearing-holster\\\/#primaryimage\"},\"thumbnailUrl\":\"https:\\\/\\\/holster.md\\\/wp-content\\\/uploads\\\/2020\\\/12\\\/sig-p3200pl3-owb.jpg\",\"datePublished\":\"2020-12-11T02:12:31+00:00\",\"dateModified\":\"2026-02-02T19:02:03+00:00\",\"breadcrumb\":{\"@id\":\"https:\\\/\\\/holster.md\\\/ro\\\/produs\\\/owb-pancake-lightbearing-holster\\\/#breadcrumb\"},\"inLanguage\":\"ro-RO\",\"potentialAction\":[{\"@type\":\"ReadAction\",\"target\":[\"https:\\\/\\\/holster.md\\\/ro\\\/produs\\\/owb-pancake-lightbearing-holster\\\/\"]}]},{\"@type\":\"ImageObject\",\"inLanguage\":\"ro-RO\",\"@id\":\"https:\\\/\\\/holster.md\\\/ro\\\/produs\\\/owb-pancake-lightbearing-holster\\\/#primaryimage\",\"url\":\"https:\\\/\\\/holster.md\\\/wp-content\\\/uploads\\\/2020\\\/12\\\/sig-p3200pl3-owb.jpg\",\"contentUrl\":\"https:\\\/\\\/holster.md\\\/wp-content\\\/uploads\\\/2020\\\/12\\\/sig-p3200pl3-owb.jpg\",\"width\":1440,\"height\":1440},{\"@type\":\"BreadcrumbList\",\"@id\":\"https:\\\/\\\/holster.md\\\/ro\\\/produs\\\/owb-pancake-lightbearing-holster\\\/#breadcrumb\",\"itemListElement\":[{\"@type\":\"ListItem\",\"position\":1,\"name\":\"Home\",\"item\":\"https:\\\/\\\/holster.md\\\/ro\\\/\"},{\"@type\":\"ListItem\",\"position\":2,\"name\":\"Magazin\",\"item\":\"https:\\\/\\\/holster.md\\\/ro\\\/\"},{\"@type\":\"ListItem\",\"position\":3,\"name\":\"Toc extern OWB de tip Pancake cu lantern\u0103\"}]},{\"@type\":\"WebSite\",\"@id\":\"https:\\\/\\\/holster.md\\\/ro\\\/#website\",\"url\":\"https:\\\/\\\/holster.md\\\/ro\\\/\",\"name\":\"Kydex Holsters\",\"description\":\"from shooters to shooters\",\"publisher\":{\"@id\":\"https:\\\/\\\/holster.md\\\/ro\\\/#organization\"},\"potentialAction\":[{\"@type\":\"SearchAction\",\"target\":{\"@type\":\"EntryPoint\",\"urlTemplate\":\"https:\\\/\\\/holster.md\\\/ro\\\/?s={search_term_string}\"},\"query-input\":{\"@type\":\"PropertyValueSpecification\",\"valueRequired\":true,\"valueName\":\"search_term_string\"}}],\"inLanguage\":\"ro-RO\"},{\"@type\":\"Organization\",\"@id\":\"https:\\\/\\\/holster.md\\\/ro\\\/#organization\",\"name\":\"Kydex Holsters LTD\",\"url\":\"https:\\\/\\\/holster.md\\\/ro\\\/\",\"logo\":{\"@type\":\"ImageObject\",\"inLanguage\":\"ro-RO\",\"@id\":\"https:\\\/\\\/holster.md\\\/ro\\\/#\\\/schema\\\/logo\\\/image\\\/\",\"url\":\"https:\\\/\\\/holster.md\\\/wp-content\\\/uploads\\\/2020\\\/12\\\/iwb-loop-claw.jpg\",\"contentUrl\":\"https:\\\/\\\/holster.md\\\/wp-content\\\/uploads\\\/2020\\\/12\\\/iwb-loop-claw.jpg\",\"width\":1000,\"height\":792,\"caption\":\"Kydex Holsters LTD\"},\"image\":{\"@id\":\"https:\\\/\\\/holster.md\\\/ro\\\/#\\\/schema\\\/logo\\\/image\\\/\"},\"sameAs\":[\"https:\\\/\\\/www.facebook.com\\\/holster.md\",\"https:\\\/\\\/www.instagram.com\\\/holsters.pro\\\/\",\"https:\\\/\\\/www.youtube.com\\\/channel\\\/UCfBM11_gkaLTr7lXFgLtP2A\"]}]}<\/script>\n<!-- \/ Yoast SEO plugin. -->","yoast_head_json":{"title":"Toc extern OWB de tip Pancake cu lantern\u0103","robots":{"index":"index","follow":"follow","max-snippet":"max-snippet:-1","max-image-preview":"max-image-preview:large","max-video-preview":"max-video-preview:-1"},"canonical":"https:\/\/holster.md\/ro\/produs\/owb-pancake-lightbearing-holster\/","og_locale":"ro_RO","og_type":"article","og_title":"Toc extern OWB de tip Pancake cu lantern\u0103","og_description":"Toc OWB de tip &#8222;Pancake&#8221; pentru un pistol cu lantern\u0103; realizat din Kydex de grosimea de la 2.03 mm (.080&#8243;) sau Holstex. Tocul este curbat pentru a se potrivi contururilor corpului, muchiile sunt rotunjite pentru confort sporit. Integrat 10 \u00b0 fwd cant, \u00eembun\u0103t\u0103\u021be\u0219te capacitatea de ascundere a Armei. Multe op\u021biuni disponibile. Op\u021bional Integrat 10 \u00b0 [&hellip;]","og_url":"https:\/\/holster.md\/ro\/produs\/owb-pancake-lightbearing-holster\/","og_site_name":"Kydex Holsters","article_publisher":"https:\/\/www.facebook.com\/holster.md","article_modified_time":"2026-02-02T19:02:03+00:00","og_image":[{"width":1440,"height":1440,"url":"https:\/\/holster.md\/wp-content\/uploads\/2020\/12\/sig-p3200pl3-owb.jpg","type":"image\/jpeg"}],"twitter_card":"summary_large_image","schema":{"@context":"https:\/\/schema.org","@graph":[{"@type":"WebPage","@id":"https:\/\/holster.md\/ro\/produs\/owb-pancake-lightbearing-holster\/","url":"https:\/\/holster.md\/ro\/produs\/owb-pancake-lightbearing-holster\/","name":"Toc extern OWB de tip Pancake cu lantern\u0103","isPartOf":{"@id":"https:\/\/holster.md\/ro\/#website"},"primaryImageOfPage":{"@id":"https:\/\/holster.md\/ro\/produs\/owb-pancake-lightbearing-holster\/#primaryimage"},"image":{"@id":"https:\/\/holster.md\/ro\/produs\/owb-pancake-lightbearing-holster\/#primaryimage"},"thumbnailUrl":"https:\/\/holster.md\/wp-content\/uploads\/2020\/12\/sig-p3200pl3-owb.jpg","datePublished":"2020-12-11T02:12:31+00:00","dateModified":"2026-02-02T19:02:03+00:00","breadcrumb":{"@id":"https:\/\/holster.md\/ro\/produs\/owb-pancake-lightbearing-holster\/#breadcrumb"},"inLanguage":"ro-RO","potentialAction":[{"@type":"ReadAction","target":["https:\/\/holster.md\/ro\/produs\/owb-pancake-lightbearing-holster\/"]}]},{"@type":"ImageObject","inLanguage":"ro-RO","@id":"https:\/\/holster.md\/ro\/produs\/owb-pancake-lightbearing-holster\/#primaryimage","url":"https:\/\/holster.md\/wp-content\/uploads\/2020\/12\/sig-p3200pl3-owb.jpg","contentUrl":"https:\/\/holster.md\/wp-content\/uploads\/2020\/12\/sig-p3200pl3-owb.jpg","width":1440,"height":1440},{"@type":"BreadcrumbList","@id":"https:\/\/holster.md\/ro\/produs\/owb-pancake-lightbearing-holster\/#breadcrumb","itemListElement":[{"@type":"ListItem","position":1,"name":"Home","item":"https:\/\/holster.md\/ro\/"},{"@type":"ListItem","position":2,"name":"Magazin","item":"https:\/\/holster.md\/ro\/"},{"@type":"ListItem","position":3,"name":"Toc extern OWB de tip Pancake cu lantern\u0103"}]},{"@type":"WebSite","@id":"https:\/\/holster.md\/ro\/#website","url":"https:\/\/holster.md\/ro\/","name":"Kydex Holsters","description":"from shooters to shooters","publisher":{"@id":"https:\/\/holster.md\/ro\/#organization"},"potentialAction":[{"@type":"SearchAction","target":{"@type":"EntryPoint","urlTemplate":"https:\/\/holster.md\/ro\/?s={search_term_string}"},"query-input":{"@type":"PropertyValueSpecification","valueRequired":true,"valueName":"search_term_string"}}],"inLanguage":"ro-RO"},{"@type":"Organization","@id":"https:\/\/holster.md\/ro\/#organization","name":"Kydex Holsters LTD","url":"https:\/\/holster.md\/ro\/","logo":{"@type":"ImageObject","inLanguage":"ro-RO","@id":"https:\/\/holster.md\/ro\/#\/schema\/logo\/image\/","url":"https:\/\/holster.md\/wp-content\/uploads\/2020\/12\/iwb-loop-claw.jpg","contentUrl":"https:\/\/holster.md\/wp-content\/uploads\/2020\/12\/iwb-loop-claw.jpg","width":1000,"height":792,"caption":"Kydex Holsters LTD"},"image":{"@id":"https:\/\/holster.md\/ro\/#\/schema\/logo\/image\/"},"sameAs":["https:\/\/www.facebook.com\/holster.md","https:\/\/www.instagram.com\/holsters.pro\/","https:\/\/www.youtube.com\/channel\/UCfBM11_gkaLTr7lXFgLtP2A"]}]}},"jetpack_sharing_enabled":true,"_links":{"self":[{"href":"https:\/\/holster.md\/ro\/wp-json\/wp\/v2\/product\/1609","targetHints":{"allow":["GET"]}}],"collection":[{"href":"https:\/\/holster.md\/ro\/wp-json\/wp\/v2\/product"}],"about":[{"href":"https:\/\/holster.md\/ro\/wp-json\/wp\/v2\/types\/product"}],"replies":[{"embeddable":true,"href":"https:\/\/holster.md\/ro\/wp-json\/wp\/v2\/comments?post=1609"}],"wp:featuredmedia":[{"embeddable":true,"href":"https:\/\/holster.md\/ro\/wp-json\/wp\/v2\/media\/14583"}],"wp:attachment":[{"href":"https:\/\/holster.md\/ro\/wp-json\/wp\/v2\/media?parent=1609"}],"wp:term":[{"taxonomy":"product_brand","embeddable":true,"href":"https:\/\/holster.md\/ro\/wp-json\/wp\/v2\/product_brand?post=1609"},{"taxonomy":"product_cat","embeddable":true,"href":"https:\/\/holster.md\/ro\/wp-json\/wp\/v2\/product_cat?post=1609"},{"taxonomy":"product_tag","embeddable":true,"href":"https:\/\/holster.md\/ro\/wp-json\/wp\/v2\/product_tag?post=1609"}],"curies":[{"name":"wp","href":"https:\/\/api.w.org\/{rel}","templated":true}]}}