{"id":2775,"date":"2022-04-11T23:40:22","date_gmt":"2022-04-11T20:40:22","guid":{"rendered":"https:\/\/holster.md\/ajutor\/"},"modified":"2025-11-26T15:45:23","modified_gmt":"2025-11-26T13:45:23","slug":"ajutor","status":"publish","type":"page","link":"https:\/\/holster.md\/ro\/ajutor\/","title":{"rendered":"Ajutor"},"content":{"rendered":"\n<ul class=\"wp-block-list\">\n<li><a href=\"https:\/\/holster.md\/ro\/intrebari-si-raspunsuri\/\"><strong>Intrebari si raspunsuri<\/strong><\/a><\/li>\n\n\n\n<li><strong><a href=\"https:\/\/holster.md\/ro\/plata-si-livrarea\/\">Plata si livrare<\/a><\/strong><\/li>\n\n\n\n<li><strong><a href=\"https:\/\/holster.md\/ro\/1563-kydex-holster-ingrijire-si-intretinere\/\">Kydex Holster: \u00cengrijire \u0219i \u00eentre\u021binere <\/a><\/strong>(principii de baza)<\/li>\n\n\n\n<li><a href=\"https:\/\/holster.md\/ro\/tag\/help-ro\/\"><strong>Sfaturi importante despre diferite teme de toc kydex<\/strong><\/a><\/li>\n\n\n\n<li><a href=\"https:\/\/www.youtube.com\/channel\/UCfBM11_gkaLTr7lXFgLtP2A\" target=\"_blank\" rel=\"noreferrer noopener\"><strong>Videouri utile<\/strong><\/a><\/li>\n\n\n\n<li><strong><a href=\"https:\/\/holster.md\/ro\/disclaimer-negare\/\">Negare<\/a><\/strong><\/li>\n<\/ul>\n\n\n\n<h2 class=\"wp-block-heading\" style=\"text-transform:uppercase\">Reduceri!<\/h2>\n\n\n\n<p class=\"has-medium-font-size\">Reducere permanent\u0103 pentru ofi\u021berii \u0219i veteranii for\u021belor de ordine \u0219i militari <strong><mark style=\"background-color:rgba(0, 0, 0, 0)\" class=\"has-inline-color has-vivid-red-color\">7%<\/mark><\/strong>.\nReducere permanent\u0103 pentru Sportivii Federa\u021biei <a href=\"https:\/\/fntsa.md\/\" target=\"_blank\" rel=\"noreferrer noopener sponsored nofollow\"><strong>FNTSA<\/strong><\/a> <strong><mark style=\"background-color:rgba(0, 0, 0, 0)\" class=\"has-inline-color has-vivid-red-color\">7%<\/mark><\/strong>.<\/p>\n\n\n\n<p class=\"has-medium-font-size\">V\u0103 rug\u0103m s\u0103 acorda\u021bi un moment pentru a revizui achizi\u021bia dvs. Ve\u021bi primi o valoare suplimentar\u0103 de <strong><mark style=\"background-color:rgba(0, 0, 0, 0)\" class=\"has-inline-color has-vivid-red-color\">5%<\/mark><\/strong> de reducere pentru comenzi viitoare ca mul\u021bumire pentru c\u0103 a\u021bi l\u0103sat o recenzie la <strong><a href=\"https:\/\/www.facebook.com\/holster.md\/reviews\/\" target=\"_blank\" rel=\"noreferrer noopener nofollow\">Facebook<\/a><\/strong> sau <strong><a href=\"https:\/\/g.page\/r\/CewXygIkmerWEBU\/review\" target=\"_blank\" rel=\"noreferrer noopener\">Google<\/a><\/strong>.<\/p>\n\n\n\n<p class=\"has-medium-font-size\">\u00cen plus, dac\u0103 faceti un SHARE de recenzia dvs. prietenilor \u0219i familiei dvs. pe Facebook, o vom cre\u0219te la <strong><mark style=\"background-color:rgba(0, 0, 0, 0)\" class=\"has-inline -color has-vivid-red-color\">7%<\/mark><\/strong> reducere.<\/p>\n\n\n\n<p>Contactati pentru detalii si cupoane inainte de plata!<\/p>\n","protected":false},"excerpt":{"rendered":"<p>Reduceri! Reducere permanent\u0103 pentru ofi\u021berii \u0219i veteranii for\u021belor de ordine \u0219i militari 7%. Reducere permanent\u0103 pentru Sportivii Federa\u021biei FNTSA 7%. V\u0103 rug\u0103m s\u0103 acorda\u021bi un moment pentru a revizui achizi\u021bia dvs. Ve\u021bi primi o valoare suplimentar\u0103 de 5% de reducere pentru comenzi viitoare ca mul\u021bumire pentru c\u0103 a\u021bi l\u0103sat o recenzie la Facebook sau Google. [&hellip;]<\/p>\n","protected":false},"author":1,"featured_media":2772,"parent":0,"menu_order":0,"comment_status":"closed","ping_status":"closed","template":"","meta":{"footnotes":""},"class_list":["post-2775","page","type-page","status-publish","has-post-thumbnail","hentry"],"yoast_head":"<!-- This site is optimized with the Yoast SEO plugin v27.4 - https:\/\/yoast.com\/product\/yoast-seo-wordpress\/ -->\n<title>Ajutor - Kydex Holsters<\/title>\n<meta name=\"robots\" content=\"index, follow, max-snippet:-1, max-image-preview:large, max-video-preview:-1\" \/>\n<link rel=\"canonical\" href=\"https:\/\/holster.md\/ro\/ajutor\/\" \/>\n<meta property=\"og:locale\" content=\"ro_RO\" \/>\n<meta property=\"og:type\" content=\"article\" \/>\n<meta property=\"og:title\" content=\"Ajutor - Kydex Holsters\" \/>\n<meta property=\"og:description\" content=\"Reduceri! Reducere permanent\u0103 pentru ofi\u021berii \u0219i veteranii for\u021belor de ordine \u0219i militari 7%. Reducere permanent\u0103 pentru Sportivii Federa\u021biei FNTSA 7%. V\u0103 rug\u0103m s\u0103 acorda\u021bi un moment pentru a revizui achizi\u021bia dvs. Ve\u021bi primi o valoare suplimentar\u0103 de 5% de reducere pentru comenzi viitoare ca mul\u021bumire pentru c\u0103 a\u021bi l\u0103sat o recenzie la Facebook sau Google. [&hellip;]\" \/>\n<meta property=\"og:url\" content=\"https:\/\/holster.md\/ro\/ajutor\/\" \/>\n<meta property=\"og:site_name\" content=\"Kydex Holsters\" \/>\n<meta property=\"article:publisher\" content=\"https:\/\/www.facebook.com\/holster.md\" \/>\n<meta property=\"article:modified_time\" content=\"2025-11-26T13:45:23+00:00\" \/>\n<meta property=\"og:image\" content=\"https:\/\/holster.md\/wp-content\/uploads\/2022\/04\/pexels-photo-3228690-e1649710625290.jpeg\" \/>\n\t<meta property=\"og:image:width\" content=\"828\" \/>\n\t<meta property=\"og:image:height\" content=\"288\" \/>\n\t<meta property=\"og:image:type\" content=\"image\/jpeg\" \/>\n<meta name=\"twitter:card\" content=\"summary_large_image\" \/>\n<meta name=\"twitter:label1\" content=\"Timp estimat pentru citire\" \/>\n\t<meta name=\"twitter:data1\" content=\"1 minut\" \/>\n<script type=\"application\/ld+json\" class=\"yoast-schema-graph\">{\"@context\":\"https:\\\/\\\/schema.org\",\"@graph\":[{\"@type\":\"WebPage\",\"@id\":\"https:\\\/\\\/holster.md\\\/ro\\\/ajutor\\\/\",\"url\":\"https:\\\/\\\/holster.md\\\/ro\\\/ajutor\\\/\",\"name\":\"Ajutor - Kydex Holsters\",\"isPartOf\":{\"@id\":\"https:\\\/\\\/holster.md\\\/ro\\\/#website\"},\"primaryImageOfPage\":{\"@id\":\"https:\\\/\\\/holster.md\\\/ro\\\/ajutor\\\/#primaryimage\"},\"image\":{\"@id\":\"https:\\\/\\\/holster.md\\\/ro\\\/ajutor\\\/#primaryimage\"},\"thumbnailUrl\":\"https:\\\/\\\/holster.md\\\/wp-content\\\/uploads\\\/2022\\\/04\\\/pexels-photo-3228690-e1649710625290.jpeg\",\"datePublished\":\"2022-04-11T20:40:22+00:00\",\"dateModified\":\"2025-11-26T13:45:23+00:00\",\"breadcrumb\":{\"@id\":\"https:\\\/\\\/holster.md\\\/ro\\\/ajutor\\\/#breadcrumb\"},\"inLanguage\":\"ro-RO\",\"potentialAction\":[{\"@type\":\"ReadAction\",\"target\":[\"https:\\\/\\\/holster.md\\\/ro\\\/ajutor\\\/\"]}]},{\"@type\":\"ImageObject\",\"inLanguage\":\"ro-RO\",\"@id\":\"https:\\\/\\\/holster.md\\\/ro\\\/ajutor\\\/#primaryimage\",\"url\":\"https:\\\/\\\/holster.md\\\/wp-content\\\/uploads\\\/2022\\\/04\\\/pexels-photo-3228690-e1649710625290.jpeg\",\"contentUrl\":\"https:\\\/\\\/holster.md\\\/wp-content\\\/uploads\\\/2022\\\/04\\\/pexels-photo-3228690-e1649710625290.jpeg\",\"width\":828,\"height\":288,\"caption\":\"ajutor cu kydex holster\"},{\"@type\":\"BreadcrumbList\",\"@id\":\"https:\\\/\\\/holster.md\\\/ro\\\/ajutor\\\/#breadcrumb\",\"itemListElement\":[{\"@type\":\"ListItem\",\"position\":1,\"name\":\"Home\",\"item\":\"https:\\\/\\\/holster.md\\\/ro\\\/\"},{\"@type\":\"ListItem\",\"position\":2,\"name\":\"Ajutor\"}]},{\"@type\":\"WebSite\",\"@id\":\"https:\\\/\\\/holster.md\\\/ro\\\/#website\",\"url\":\"https:\\\/\\\/holster.md\\\/ro\\\/\",\"name\":\"Kydex Holsters\",\"description\":\"from shooters to shooters\",\"publisher\":{\"@id\":\"https:\\\/\\\/holster.md\\\/ro\\\/#organization\"},\"potentialAction\":[{\"@type\":\"SearchAction\",\"target\":{\"@type\":\"EntryPoint\",\"urlTemplate\":\"https:\\\/\\\/holster.md\\\/ro\\\/?s={search_term_string}\"},\"query-input\":{\"@type\":\"PropertyValueSpecification\",\"valueRequired\":true,\"valueName\":\"search_term_string\"}}],\"inLanguage\":\"ro-RO\"},{\"@type\":\"Organization\",\"@id\":\"https:\\\/\\\/holster.md\\\/ro\\\/#organization\",\"name\":\"Kydex Holsters LTD\",\"url\":\"https:\\\/\\\/holster.md\\\/ro\\\/\",\"logo\":{\"@type\":\"ImageObject\",\"inLanguage\":\"ro-RO\",\"@id\":\"https:\\\/\\\/holster.md\\\/ro\\\/#\\\/schema\\\/logo\\\/image\\\/\",\"url\":\"https:\\\/\\\/holster.md\\\/wp-content\\\/uploads\\\/2020\\\/12\\\/iwb-loop-claw.jpg\",\"contentUrl\":\"https:\\\/\\\/holster.md\\\/wp-content\\\/uploads\\\/2020\\\/12\\\/iwb-loop-claw.jpg\",\"width\":1000,\"height\":792,\"caption\":\"Kydex Holsters LTD\"},\"image\":{\"@id\":\"https:\\\/\\\/holster.md\\\/ro\\\/#\\\/schema\\\/logo\\\/image\\\/\"},\"sameAs\":[\"https:\\\/\\\/www.facebook.com\\\/holster.md\",\"https:\\\/\\\/www.instagram.com\\\/holsters.pro\\\/\",\"https:\\\/\\\/www.youtube.com\\\/channel\\\/UCfBM11_gkaLTr7lXFgLtP2A\"]}]}<\/script>\n<!-- \/ Yoast SEO plugin. -->","yoast_head_json":{"title":"Ajutor - Kydex Holsters","robots":{"index":"index","follow":"follow","max-snippet":"max-snippet:-1","max-image-preview":"max-image-preview:large","max-video-preview":"max-video-preview:-1"},"canonical":"https:\/\/holster.md\/ro\/ajutor\/","og_locale":"ro_RO","og_type":"article","og_title":"Ajutor - Kydex Holsters","og_description":"Reduceri! Reducere permanent\u0103 pentru ofi\u021berii \u0219i veteranii for\u021belor de ordine \u0219i militari 7%. Reducere permanent\u0103 pentru Sportivii Federa\u021biei FNTSA 7%. V\u0103 rug\u0103m s\u0103 acorda\u021bi un moment pentru a revizui achizi\u021bia dvs. Ve\u021bi primi o valoare suplimentar\u0103 de 5% de reducere pentru comenzi viitoare ca mul\u021bumire pentru c\u0103 a\u021bi l\u0103sat o recenzie la Facebook sau Google. [&hellip;]","og_url":"https:\/\/holster.md\/ro\/ajutor\/","og_site_name":"Kydex Holsters","article_publisher":"https:\/\/www.facebook.com\/holster.md","article_modified_time":"2025-11-26T13:45:23+00:00","og_image":[{"width":828,"height":288,"url":"https:\/\/holster.md\/wp-content\/uploads\/2022\/04\/pexels-photo-3228690-e1649710625290.jpeg","type":"image\/jpeg"}],"twitter_card":"summary_large_image","twitter_misc":{"Timp estimat pentru citire":"1 minut"},"schema":{"@context":"https:\/\/schema.org","@graph":[{"@type":"WebPage","@id":"https:\/\/holster.md\/ro\/ajutor\/","url":"https:\/\/holster.md\/ro\/ajutor\/","name":"Ajutor - Kydex Holsters","isPartOf":{"@id":"https:\/\/holster.md\/ro\/#website"},"primaryImageOfPage":{"@id":"https:\/\/holster.md\/ro\/ajutor\/#primaryimage"},"image":{"@id":"https:\/\/holster.md\/ro\/ajutor\/#primaryimage"},"thumbnailUrl":"https:\/\/holster.md\/wp-content\/uploads\/2022\/04\/pexels-photo-3228690-e1649710625290.jpeg","datePublished":"2022-04-11T20:40:22+00:00","dateModified":"2025-11-26T13:45:23+00:00","breadcrumb":{"@id":"https:\/\/holster.md\/ro\/ajutor\/#breadcrumb"},"inLanguage":"ro-RO","potentialAction":[{"@type":"ReadAction","target":["https:\/\/holster.md\/ro\/ajutor\/"]}]},{"@type":"ImageObject","inLanguage":"ro-RO","@id":"https:\/\/holster.md\/ro\/ajutor\/#primaryimage","url":"https:\/\/holster.md\/wp-content\/uploads\/2022\/04\/pexels-photo-3228690-e1649710625290.jpeg","contentUrl":"https:\/\/holster.md\/wp-content\/uploads\/2022\/04\/pexels-photo-3228690-e1649710625290.jpeg","width":828,"height":288,"caption":"ajutor cu kydex holster"},{"@type":"BreadcrumbList","@id":"https:\/\/holster.md\/ro\/ajutor\/#breadcrumb","itemListElement":[{"@type":"ListItem","position":1,"name":"Home","item":"https:\/\/holster.md\/ro\/"},{"@type":"ListItem","position":2,"name":"Ajutor"}]},{"@type":"WebSite","@id":"https:\/\/holster.md\/ro\/#website","url":"https:\/\/holster.md\/ro\/","name":"Kydex Holsters","description":"from shooters to shooters","publisher":{"@id":"https:\/\/holster.md\/ro\/#organization"},"potentialAction":[{"@type":"SearchAction","target":{"@type":"EntryPoint","urlTemplate":"https:\/\/holster.md\/ro\/?s={search_term_string}"},"query-input":{"@type":"PropertyValueSpecification","valueRequired":true,"valueName":"search_term_string"}}],"inLanguage":"ro-RO"},{"@type":"Organization","@id":"https:\/\/holster.md\/ro\/#organization","name":"Kydex Holsters LTD","url":"https:\/\/holster.md\/ro\/","logo":{"@type":"ImageObject","inLanguage":"ro-RO","@id":"https:\/\/holster.md\/ro\/#\/schema\/logo\/image\/","url":"https:\/\/holster.md\/wp-content\/uploads\/2020\/12\/iwb-loop-claw.jpg","contentUrl":"https:\/\/holster.md\/wp-content\/uploads\/2020\/12\/iwb-loop-claw.jpg","width":1000,"height":792,"caption":"Kydex Holsters LTD"},"image":{"@id":"https:\/\/holster.md\/ro\/#\/schema\/logo\/image\/"},"sameAs":["https:\/\/www.facebook.com\/holster.md","https:\/\/www.instagram.com\/holsters.pro\/","https:\/\/www.youtube.com\/channel\/UCfBM11_gkaLTr7lXFgLtP2A"]}]}},"jetpack_sharing_enabled":true,"_links":{"self":[{"href":"https:\/\/holster.md\/ro\/wp-json\/wp\/v2\/pages\/2775","targetHints":{"allow":["GET"]}}],"collection":[{"href":"https:\/\/holster.md\/ro\/wp-json\/wp\/v2\/pages"}],"about":[{"href":"https:\/\/holster.md\/ro\/wp-json\/wp\/v2\/types\/page"}],"author":[{"embeddable":true,"href":"https:\/\/holster.md\/ro\/wp-json\/wp\/v2\/users\/1"}],"replies":[{"embeddable":true,"href":"https:\/\/holster.md\/ro\/wp-json\/wp\/v2\/comments?post=2775"}],"version-history":[{"count":29,"href":"https:\/\/holster.md\/ro\/wp-json\/wp\/v2\/pages\/2775\/revisions"}],"predecessor-version":[{"id":20502,"href":"https:\/\/holster.md\/ro\/wp-json\/wp\/v2\/pages\/2775\/revisions\/20502"}],"wp:featuredmedia":[{"embeddable":true,"href":"https:\/\/holster.md\/ro\/wp-json\/wp\/v2\/media\/2772"}],"wp:attachment":[{"href":"https:\/\/holster.md\/ro\/wp-json\/wp\/v2\/media?parent=2775"}],"curies":[{"name":"wp","href":"https:\/\/api.w.org\/{rel}","templated":true}]}}