{"id":2605,"date":"2022-03-19T11:18:29","date_gmt":"2022-03-19T09:18:29","guid":{"rendered":"https:\/\/holster.md\/disclaimer-negare\/"},"modified":"2022-03-19T11:18:29","modified_gmt":"2022-03-19T09:18:29","slug":"disclaimer-negare","status":"publish","type":"page","link":"https:\/\/holster.md\/ro\/disclaimer-negare\/","title":{"rendered":"Disclaimer (Negare)"},"content":{"rendered":"\n<p>C\u00e2nd primi\u021bi noul dvs. toc, v\u0103 rug\u0103m s\u0103 verifica\u021bi compatibilitatea cu o arm\u0103 de foc <strong>DESC\u0102RCAT\u0102<\/strong> pentru care tocul a fost proiectat s\u0103 o g\u0103zduiasc\u0103. (\u00eendreptat \u00eentr-o direc\u021bie sigur\u0103)<\/p>\n\n<p>De\u0219i Kydex este foarte rar s\u0103 aib\u0103 o desc\u0103rcare neglijent\u0103. Nu vrem s\u0103 vi se \u00eent\u00e2mple asta. De asemenea, \u00eencuraj\u0103m feedback-ul despre montarea armei dvs. de foc. Acest lucru ne permite s\u0103 ne urm\u0103rim matri\u021bele \u0219i s\u0103 le \u00eenlocuim \u0219i sau s\u0103 le modific\u0103m atunci c\u00e2nd este necesar. Permi\u021b\u00e2ndu-ne s\u0103 p\u0103str\u0103m mai mult\u0103 precizie \u00een fabricarea tocului.<\/p>\n\n<p>Fiecare toc este testat \u00een cas\u0103 \u0219i examinat \u00eenainte de a p\u0103r\u0103si magazinul!<\/p>\n\n<p>HOLSTER.MD (Blog Media LLC) NU este responsabil pentru nicio v\u0103t\u0103mare sau deces care ar putea ap\u0103rea \u00een urma utiliz\u0103rii gre\u0219ite a oric\u0103ruia dintre produsele noastre.<\/p>\n","protected":false},"excerpt":{"rendered":"<p>C\u00e2nd primi\u021bi noul dvs. toc, v\u0103 rug\u0103m s\u0103 verifica\u021bi compatibilitatea cu o arm\u0103 de foc DESC\u0102RCAT\u0102 pentru care tocul a fost proiectat s\u0103 o g\u0103zduiasc\u0103. (\u00eendreptat \u00eentr-o direc\u021bie sigur\u0103) De\u0219i Kydex este foarte rar s\u0103 aib\u0103 o desc\u0103rcare neglijent\u0103. Nu vrem s\u0103 vi se \u00eent\u00e2mple asta. De asemenea, \u00eencuraj\u0103m feedback-ul despre montarea armei dvs. de [&hellip;]<\/p>\n","protected":false},"author":1,"featured_media":0,"parent":0,"menu_order":0,"comment_status":"closed","ping_status":"closed","template":"","meta":{"footnotes":""},"class_list":["post-2605","page","type-page","status-publish","hentry"],"yoast_head":"<!-- This site is optimized with the Yoast SEO plugin v27.3 - https:\/\/yoast.com\/product\/yoast-seo-wordpress\/ -->\n<title>Disclaimer (Negare) - Kydex Holsters<\/title>\n<meta name=\"robots\" content=\"index, follow, max-snippet:-1, max-image-preview:large, max-video-preview:-1\" \/>\n<link rel=\"canonical\" href=\"https:\/\/holster.md\/ro\/disclaimer-negare\/\" \/>\n<meta property=\"og:locale\" content=\"ro_RO\" \/>\n<meta property=\"og:type\" content=\"article\" \/>\n<meta property=\"og:title\" content=\"Disclaimer (Negare) - Kydex Holsters\" \/>\n<meta property=\"og:description\" content=\"C\u00e2nd primi\u021bi noul dvs. toc, v\u0103 rug\u0103m s\u0103 verifica\u021bi compatibilitatea cu o arm\u0103 de foc DESC\u0102RCAT\u0102 pentru care tocul a fost proiectat s\u0103 o g\u0103zduiasc\u0103. (\u00eendreptat \u00eentr-o direc\u021bie sigur\u0103) De\u0219i Kydex este foarte rar s\u0103 aib\u0103 o desc\u0103rcare neglijent\u0103. Nu vrem s\u0103 vi se \u00eent\u00e2mple asta. De asemenea, \u00eencuraj\u0103m feedback-ul despre montarea armei dvs. de [&hellip;]\" \/>\n<meta property=\"og:url\" content=\"https:\/\/holster.md\/ro\/disclaimer-negare\/\" \/>\n<meta property=\"og:site_name\" content=\"Kydex Holsters\" \/>\n<meta property=\"article:publisher\" content=\"https:\/\/www.facebook.com\/holster.md\" \/>\n<meta property=\"og:image\" content=\"https:\/\/holster.md\/wp-content\/uploads\/2020\/11\/iwb-holster-e1703925600221.jpg\" \/>\n\t<meta property=\"og:image:width\" content=\"815\" \/>\n\t<meta property=\"og:image:height\" content=\"829\" \/>\n\t<meta property=\"og:image:type\" content=\"image\/jpeg\" \/>\n<meta name=\"twitter:card\" content=\"summary_large_image\" \/>\n<meta name=\"twitter:label1\" content=\"Timp estimat pentru citire\" \/>\n\t<meta name=\"twitter:data1\" content=\"1 minut\" \/>\n<script type=\"application\/ld+json\" class=\"yoast-schema-graph\">{\"@context\":\"https:\\\/\\\/schema.org\",\"@graph\":[{\"@type\":\"WebPage\",\"@id\":\"https:\\\/\\\/holster.md\\\/ro\\\/disclaimer-negare\\\/\",\"url\":\"https:\\\/\\\/holster.md\\\/ro\\\/disclaimer-negare\\\/\",\"name\":\"Disclaimer (Negare) - Kydex Holsters\",\"isPartOf\":{\"@id\":\"https:\\\/\\\/holster.md\\\/ro\\\/#website\"},\"datePublished\":\"2022-03-19T09:18:29+00:00\",\"breadcrumb\":{\"@id\":\"https:\\\/\\\/holster.md\\\/ro\\\/disclaimer-negare\\\/#breadcrumb\"},\"inLanguage\":\"ro-RO\",\"potentialAction\":[{\"@type\":\"ReadAction\",\"target\":[\"https:\\\/\\\/holster.md\\\/ro\\\/disclaimer-negare\\\/\"]}]},{\"@type\":\"BreadcrumbList\",\"@id\":\"https:\\\/\\\/holster.md\\\/ro\\\/disclaimer-negare\\\/#breadcrumb\",\"itemListElement\":[{\"@type\":\"ListItem\",\"position\":1,\"name\":\"Home\",\"item\":\"https:\\\/\\\/holster.md\\\/ro\\\/\"},{\"@type\":\"ListItem\",\"position\":2,\"name\":\"Disclaimer (Negare)\"}]},{\"@type\":\"WebSite\",\"@id\":\"https:\\\/\\\/holster.md\\\/ro\\\/#website\",\"url\":\"https:\\\/\\\/holster.md\\\/ro\\\/\",\"name\":\"Kydex Holsters\",\"description\":\"from shooters to shooters\",\"publisher\":{\"@id\":\"https:\\\/\\\/holster.md\\\/ro\\\/#organization\"},\"potentialAction\":[{\"@type\":\"SearchAction\",\"target\":{\"@type\":\"EntryPoint\",\"urlTemplate\":\"https:\\\/\\\/holster.md\\\/ro\\\/?s={search_term_string}\"},\"query-input\":{\"@type\":\"PropertyValueSpecification\",\"valueRequired\":true,\"valueName\":\"search_term_string\"}}],\"inLanguage\":\"ro-RO\"},{\"@type\":\"Organization\",\"@id\":\"https:\\\/\\\/holster.md\\\/ro\\\/#organization\",\"name\":\"Kydex Holsters LTD\",\"url\":\"https:\\\/\\\/holster.md\\\/ro\\\/\",\"logo\":{\"@type\":\"ImageObject\",\"inLanguage\":\"ro-RO\",\"@id\":\"https:\\\/\\\/holster.md\\\/ro\\\/#\\\/schema\\\/logo\\\/image\\\/\",\"url\":\"https:\\\/\\\/holster.md\\\/wp-content\\\/uploads\\\/2020\\\/12\\\/iwb-loop-claw.jpg\",\"contentUrl\":\"https:\\\/\\\/holster.md\\\/wp-content\\\/uploads\\\/2020\\\/12\\\/iwb-loop-claw.jpg\",\"width\":1000,\"height\":792,\"caption\":\"Kydex Holsters LTD\"},\"image\":{\"@id\":\"https:\\\/\\\/holster.md\\\/ro\\\/#\\\/schema\\\/logo\\\/image\\\/\"},\"sameAs\":[\"https:\\\/\\\/www.facebook.com\\\/holster.md\",\"https:\\\/\\\/www.instagram.com\\\/holsters.pro\\\/\",\"https:\\\/\\\/www.youtube.com\\\/channel\\\/UCfBM11_gkaLTr7lXFgLtP2A\"]}]}<\/script>\n<!-- \/ Yoast SEO plugin. -->","yoast_head_json":{"title":"Disclaimer (Negare) - Kydex Holsters","robots":{"index":"index","follow":"follow","max-snippet":"max-snippet:-1","max-image-preview":"max-image-preview:large","max-video-preview":"max-video-preview:-1"},"canonical":"https:\/\/holster.md\/ro\/disclaimer-negare\/","og_locale":"ro_RO","og_type":"article","og_title":"Disclaimer (Negare) - Kydex Holsters","og_description":"C\u00e2nd primi\u021bi noul dvs. toc, v\u0103 rug\u0103m s\u0103 verifica\u021bi compatibilitatea cu o arm\u0103 de foc DESC\u0102RCAT\u0102 pentru care tocul a fost proiectat s\u0103 o g\u0103zduiasc\u0103. (\u00eendreptat \u00eentr-o direc\u021bie sigur\u0103) De\u0219i Kydex este foarte rar s\u0103 aib\u0103 o desc\u0103rcare neglijent\u0103. Nu vrem s\u0103 vi se \u00eent\u00e2mple asta. De asemenea, \u00eencuraj\u0103m feedback-ul despre montarea armei dvs. de [&hellip;]","og_url":"https:\/\/holster.md\/ro\/disclaimer-negare\/","og_site_name":"Kydex Holsters","article_publisher":"https:\/\/www.facebook.com\/holster.md","og_image":[{"width":815,"height":829,"url":"https:\/\/holster.md\/wp-content\/uploads\/2020\/11\/iwb-holster-e1703925600221.jpg","type":"image\/jpeg"}],"twitter_card":"summary_large_image","twitter_misc":{"Timp estimat pentru citire":"1 minut"},"schema":{"@context":"https:\/\/schema.org","@graph":[{"@type":"WebPage","@id":"https:\/\/holster.md\/ro\/disclaimer-negare\/","url":"https:\/\/holster.md\/ro\/disclaimer-negare\/","name":"Disclaimer (Negare) - Kydex Holsters","isPartOf":{"@id":"https:\/\/holster.md\/ro\/#website"},"datePublished":"2022-03-19T09:18:29+00:00","breadcrumb":{"@id":"https:\/\/holster.md\/ro\/disclaimer-negare\/#breadcrumb"},"inLanguage":"ro-RO","potentialAction":[{"@type":"ReadAction","target":["https:\/\/holster.md\/ro\/disclaimer-negare\/"]}]},{"@type":"BreadcrumbList","@id":"https:\/\/holster.md\/ro\/disclaimer-negare\/#breadcrumb","itemListElement":[{"@type":"ListItem","position":1,"name":"Home","item":"https:\/\/holster.md\/ro\/"},{"@type":"ListItem","position":2,"name":"Disclaimer (Negare)"}]},{"@type":"WebSite","@id":"https:\/\/holster.md\/ro\/#website","url":"https:\/\/holster.md\/ro\/","name":"Kydex Holsters","description":"from shooters to shooters","publisher":{"@id":"https:\/\/holster.md\/ro\/#organization"},"potentialAction":[{"@type":"SearchAction","target":{"@type":"EntryPoint","urlTemplate":"https:\/\/holster.md\/ro\/?s={search_term_string}"},"query-input":{"@type":"PropertyValueSpecification","valueRequired":true,"valueName":"search_term_string"}}],"inLanguage":"ro-RO"},{"@type":"Organization","@id":"https:\/\/holster.md\/ro\/#organization","name":"Kydex Holsters LTD","url":"https:\/\/holster.md\/ro\/","logo":{"@type":"ImageObject","inLanguage":"ro-RO","@id":"https:\/\/holster.md\/ro\/#\/schema\/logo\/image\/","url":"https:\/\/holster.md\/wp-content\/uploads\/2020\/12\/iwb-loop-claw.jpg","contentUrl":"https:\/\/holster.md\/wp-content\/uploads\/2020\/12\/iwb-loop-claw.jpg","width":1000,"height":792,"caption":"Kydex Holsters LTD"},"image":{"@id":"https:\/\/holster.md\/ro\/#\/schema\/logo\/image\/"},"sameAs":["https:\/\/www.facebook.com\/holster.md","https:\/\/www.instagram.com\/holsters.pro\/","https:\/\/www.youtube.com\/channel\/UCfBM11_gkaLTr7lXFgLtP2A"]}]}},"jetpack_sharing_enabled":true,"_links":{"self":[{"href":"https:\/\/holster.md\/ro\/wp-json\/wp\/v2\/pages\/2605","targetHints":{"allow":["GET"]}}],"collection":[{"href":"https:\/\/holster.md\/ro\/wp-json\/wp\/v2\/pages"}],"about":[{"href":"https:\/\/holster.md\/ro\/wp-json\/wp\/v2\/types\/page"}],"author":[{"embeddable":true,"href":"https:\/\/holster.md\/ro\/wp-json\/wp\/v2\/users\/1"}],"replies":[{"embeddable":true,"href":"https:\/\/holster.md\/ro\/wp-json\/wp\/v2\/comments?post=2605"}],"version-history":[{"count":1,"href":"https:\/\/holster.md\/ro\/wp-json\/wp\/v2\/pages\/2605\/revisions"}],"predecessor-version":[{"id":2606,"href":"https:\/\/holster.md\/ro\/wp-json\/wp\/v2\/pages\/2605\/revisions\/2606"}],"wp:attachment":[{"href":"https:\/\/holster.md\/ro\/wp-json\/wp\/v2\/media?parent=2605"}],"curies":[{"name":"wp","href":"https:\/\/api.w.org\/{rel}","templated":true}]}}