{"id":20278,"date":"2025-10-30T17:17:33","date_gmt":"2025-10-30T15:17:33","guid":{"rendered":"https:\/\/holster.md\/aviz-legal\/"},"modified":"2025-10-30T17:33:57","modified_gmt":"2025-10-30T15:33:57","slug":"aviz-legal","status":"publish","type":"page","link":"https:\/\/holster.md\/ro\/aviz-legal\/","title":{"rendered":"Aviz legal"},"content":{"rendered":"\n<p><strong>Proprietarul site-ului web:<\/strong><br\/>Blog Media SRL<br\/>Str. Alba-Iulia 204<br\/>Chi\u0219in\u0103u, MD-2071<br\/>Moldova<\/p>\n\n<p><strong>Contact:<\/strong><br\/>Email: <a><strong>sales[at]holsters.pro<\/strong><\/a><br\/>Mobil: +373 69104825<\/p>\n\n<p><strong>\u00cenregistrare companie:<\/strong><br\/>Nr. \u00eenregistrare companie (IDNO): 1009600034490<\/p>\n\n<p><strong>Bank info:<br\/><\/strong>Beneficiar: <strong>Blog Media SRL<\/strong><br\/>IBAN:\u00a0<strong>MD18VI000002251303867MDL<\/strong><br\/>Banca: <strong>Victoriabank<\/strong><br\/>Codul bancii: <strong>VICBMD2X416<\/strong><\/p>\n\n<p><strong>Director general:<\/strong><br\/>Alex Drambulco<\/p>\n","protected":false},"excerpt":{"rendered":"<p>Proprietarul site-ului web:Blog Media SRLStr. Alba-Iulia 204Chi\u0219in\u0103u, MD-2071Moldova Contact:Email: sales[at]holsters.proMobil: +373 69104825 \u00cenregistrare companie:Nr. \u00eenregistrare companie (IDNO): 1009600034490 Bank info:Beneficiar: Blog Media SRLIBAN:\u00a0MD18VI000002251303867MDLBanca: VictoriabankCodul bancii: VICBMD2X416 Director general:Alex Drambulco<\/p>\n","protected":false},"author":1,"featured_media":0,"parent":0,"menu_order":0,"comment_status":"closed","ping_status":"closed","template":"","meta":{"footnotes":""},"class_list":["post-20278","page","type-page","status-publish","hentry"],"yoast_head":"<!-- This site is optimized with the Yoast SEO plugin v27.5 - https:\/\/yoast.com\/product\/yoast-seo-wordpress\/ -->\n<title>Aviz legal - Kydex Holsters<\/title>\n<meta name=\"robots\" content=\"index, follow, max-snippet:-1, max-image-preview:large, max-video-preview:-1\" \/>\n<link rel=\"canonical\" href=\"https:\/\/holster.md\/ro\/aviz-legal\/\" \/>\n<meta property=\"og:locale\" content=\"ro_RO\" \/>\n<meta property=\"og:type\" content=\"article\" \/>\n<meta property=\"og:title\" content=\"Aviz legal - Kydex Holsters\" \/>\n<meta property=\"og:description\" content=\"Proprietarul site-ului web:Blog Media SRLStr. Alba-Iulia 204Chi\u0219in\u0103u, MD-2071Moldova Contact:Email: sales[at]holsters.proMobil: +373 69104825 \u00cenregistrare companie:Nr. \u00eenregistrare companie (IDNO): 1009600034490 Bank info:Beneficiar: Blog Media SRLIBAN:\u00a0MD18VI000002251303867MDLBanca: VictoriabankCodul bancii: VICBMD2X416 Director general:Alex Drambulco\" \/>\n<meta property=\"og:url\" content=\"https:\/\/holster.md\/ro\/aviz-legal\/\" \/>\n<meta property=\"og:site_name\" content=\"Kydex Holsters\" \/>\n<meta property=\"article:publisher\" content=\"https:\/\/www.facebook.com\/holster.md\" \/>\n<meta property=\"article:modified_time\" content=\"2025-10-30T15:33:57+00:00\" \/>\n<meta property=\"og:image\" content=\"https:\/\/holster.md\/wp-content\/uploads\/2020\/11\/iwb-holster-e1703925600221.jpg\" \/>\n\t<meta property=\"og:image:width\" content=\"815\" \/>\n\t<meta property=\"og:image:height\" content=\"829\" \/>\n\t<meta property=\"og:image:type\" content=\"image\/jpeg\" \/>\n<meta name=\"twitter:card\" content=\"summary_large_image\" \/>\n<script type=\"application\/ld+json\" class=\"yoast-schema-graph\">{\"@context\":\"https:\\\/\\\/schema.org\",\"@graph\":[{\"@type\":\"WebPage\",\"@id\":\"https:\\\/\\\/holster.md\\\/ro\\\/aviz-legal\\\/\",\"url\":\"https:\\\/\\\/holster.md\\\/ro\\\/aviz-legal\\\/\",\"name\":\"Aviz legal - Kydex Holsters\",\"isPartOf\":{\"@id\":\"https:\\\/\\\/holster.md\\\/ro\\\/#website\"},\"datePublished\":\"2025-10-30T15:17:33+00:00\",\"dateModified\":\"2025-10-30T15:33:57+00:00\",\"breadcrumb\":{\"@id\":\"https:\\\/\\\/holster.md\\\/ro\\\/aviz-legal\\\/#breadcrumb\"},\"inLanguage\":\"ro-RO\",\"potentialAction\":[{\"@type\":\"ReadAction\",\"target\":[\"https:\\\/\\\/holster.md\\\/ro\\\/aviz-legal\\\/\"]}]},{\"@type\":\"BreadcrumbList\",\"@id\":\"https:\\\/\\\/holster.md\\\/ro\\\/aviz-legal\\\/#breadcrumb\",\"itemListElement\":[{\"@type\":\"ListItem\",\"position\":1,\"name\":\"Home\",\"item\":\"https:\\\/\\\/holster.md\\\/ro\\\/\"},{\"@type\":\"ListItem\",\"position\":2,\"name\":\"Aviz legal\"}]},{\"@type\":\"WebSite\",\"@id\":\"https:\\\/\\\/holster.md\\\/ro\\\/#website\",\"url\":\"https:\\\/\\\/holster.md\\\/ro\\\/\",\"name\":\"Kydex Holsters\",\"description\":\"from shooters to shooters\",\"publisher\":{\"@id\":\"https:\\\/\\\/holster.md\\\/ro\\\/#organization\"},\"potentialAction\":[{\"@type\":\"SearchAction\",\"target\":{\"@type\":\"EntryPoint\",\"urlTemplate\":\"https:\\\/\\\/holster.md\\\/ro\\\/?s={search_term_string}\"},\"query-input\":{\"@type\":\"PropertyValueSpecification\",\"valueRequired\":true,\"valueName\":\"search_term_string\"}}],\"inLanguage\":\"ro-RO\"},{\"@type\":\"Organization\",\"@id\":\"https:\\\/\\\/holster.md\\\/ro\\\/#organization\",\"name\":\"Kydex Holsters LTD\",\"url\":\"https:\\\/\\\/holster.md\\\/ro\\\/\",\"logo\":{\"@type\":\"ImageObject\",\"inLanguage\":\"ro-RO\",\"@id\":\"https:\\\/\\\/holster.md\\\/ro\\\/#\\\/schema\\\/logo\\\/image\\\/\",\"url\":\"https:\\\/\\\/holster.md\\\/wp-content\\\/uploads\\\/2020\\\/12\\\/iwb-loop-claw.jpg\",\"contentUrl\":\"https:\\\/\\\/holster.md\\\/wp-content\\\/uploads\\\/2020\\\/12\\\/iwb-loop-claw.jpg\",\"width\":1000,\"height\":792,\"caption\":\"Kydex Holsters LTD\"},\"image\":{\"@id\":\"https:\\\/\\\/holster.md\\\/ro\\\/#\\\/schema\\\/logo\\\/image\\\/\"},\"sameAs\":[\"https:\\\/\\\/www.facebook.com\\\/holster.md\",\"https:\\\/\\\/www.instagram.com\\\/holsters.pro\\\/\",\"https:\\\/\\\/www.youtube.com\\\/channel\\\/UCfBM11_gkaLTr7lXFgLtP2A\"]}]}<\/script>\n<!-- \/ Yoast SEO plugin. -->","yoast_head_json":{"title":"Aviz legal - Kydex Holsters","robots":{"index":"index","follow":"follow","max-snippet":"max-snippet:-1","max-image-preview":"max-image-preview:large","max-video-preview":"max-video-preview:-1"},"canonical":"https:\/\/holster.md\/ro\/aviz-legal\/","og_locale":"ro_RO","og_type":"article","og_title":"Aviz legal - Kydex Holsters","og_description":"Proprietarul site-ului web:Blog Media SRLStr. Alba-Iulia 204Chi\u0219in\u0103u, MD-2071Moldova Contact:Email: sales[at]holsters.proMobil: +373 69104825 \u00cenregistrare companie:Nr. \u00eenregistrare companie (IDNO): 1009600034490 Bank info:Beneficiar: Blog Media SRLIBAN:\u00a0MD18VI000002251303867MDLBanca: VictoriabankCodul bancii: VICBMD2X416 Director general:Alex Drambulco","og_url":"https:\/\/holster.md\/ro\/aviz-legal\/","og_site_name":"Kydex Holsters","article_publisher":"https:\/\/www.facebook.com\/holster.md","article_modified_time":"2025-10-30T15:33:57+00:00","og_image":[{"width":815,"height":829,"url":"https:\/\/holster.md\/wp-content\/uploads\/2020\/11\/iwb-holster-e1703925600221.jpg","type":"image\/jpeg"}],"twitter_card":"summary_large_image","schema":{"@context":"https:\/\/schema.org","@graph":[{"@type":"WebPage","@id":"https:\/\/holster.md\/ro\/aviz-legal\/","url":"https:\/\/holster.md\/ro\/aviz-legal\/","name":"Aviz legal - Kydex Holsters","isPartOf":{"@id":"https:\/\/holster.md\/ro\/#website"},"datePublished":"2025-10-30T15:17:33+00:00","dateModified":"2025-10-30T15:33:57+00:00","breadcrumb":{"@id":"https:\/\/holster.md\/ro\/aviz-legal\/#breadcrumb"},"inLanguage":"ro-RO","potentialAction":[{"@type":"ReadAction","target":["https:\/\/holster.md\/ro\/aviz-legal\/"]}]},{"@type":"BreadcrumbList","@id":"https:\/\/holster.md\/ro\/aviz-legal\/#breadcrumb","itemListElement":[{"@type":"ListItem","position":1,"name":"Home","item":"https:\/\/holster.md\/ro\/"},{"@type":"ListItem","position":2,"name":"Aviz legal"}]},{"@type":"WebSite","@id":"https:\/\/holster.md\/ro\/#website","url":"https:\/\/holster.md\/ro\/","name":"Kydex Holsters","description":"from shooters to shooters","publisher":{"@id":"https:\/\/holster.md\/ro\/#organization"},"potentialAction":[{"@type":"SearchAction","target":{"@type":"EntryPoint","urlTemplate":"https:\/\/holster.md\/ro\/?s={search_term_string}"},"query-input":{"@type":"PropertyValueSpecification","valueRequired":true,"valueName":"search_term_string"}}],"inLanguage":"ro-RO"},{"@type":"Organization","@id":"https:\/\/holster.md\/ro\/#organization","name":"Kydex Holsters LTD","url":"https:\/\/holster.md\/ro\/","logo":{"@type":"ImageObject","inLanguage":"ro-RO","@id":"https:\/\/holster.md\/ro\/#\/schema\/logo\/image\/","url":"https:\/\/holster.md\/wp-content\/uploads\/2020\/12\/iwb-loop-claw.jpg","contentUrl":"https:\/\/holster.md\/wp-content\/uploads\/2020\/12\/iwb-loop-claw.jpg","width":1000,"height":792,"caption":"Kydex Holsters LTD"},"image":{"@id":"https:\/\/holster.md\/ro\/#\/schema\/logo\/image\/"},"sameAs":["https:\/\/www.facebook.com\/holster.md","https:\/\/www.instagram.com\/holsters.pro\/","https:\/\/www.youtube.com\/channel\/UCfBM11_gkaLTr7lXFgLtP2A"]}]}},"jetpack_sharing_enabled":true,"_links":{"self":[{"href":"https:\/\/holster.md\/ro\/wp-json\/wp\/v2\/pages\/20278","targetHints":{"allow":["GET"]}}],"collection":[{"href":"https:\/\/holster.md\/ro\/wp-json\/wp\/v2\/pages"}],"about":[{"href":"https:\/\/holster.md\/ro\/wp-json\/wp\/v2\/types\/page"}],"author":[{"embeddable":true,"href":"https:\/\/holster.md\/ro\/wp-json\/wp\/v2\/users\/1"}],"replies":[{"embeddable":true,"href":"https:\/\/holster.md\/ro\/wp-json\/wp\/v2\/comments?post=20278"}],"version-history":[{"count":10,"href":"https:\/\/holster.md\/ro\/wp-json\/wp\/v2\/pages\/20278\/revisions"}],"predecessor-version":[{"id":20295,"href":"https:\/\/holster.md\/ro\/wp-json\/wp\/v2\/pages\/20278\/revisions\/20295"}],"wp:attachment":[{"href":"https:\/\/holster.md\/ro\/wp-json\/wp\/v2\/media?parent=20278"}],"curies":[{"name":"wp","href":"https:\/\/api.w.org\/{rel}","templated":true}]}}