{"id":1528,"date":"2021-04-12T11:27:48","date_gmt":"2021-04-12T08:27:48","guid":{"rendered":"https:\/\/holster.md\/plata-si-livrarea\/"},"modified":"2026-02-13T20:26:07","modified_gmt":"2026-02-13T18:26:07","slug":"plata-si-livrarea","status":"publish","type":"page","link":"https:\/\/holster.md\/ro\/plata-si-livrarea\/","title":{"rendered":"Plata \u0219i livrarea"},"content":{"rendered":"\n<h2 class=\"wp-block-heading\">Cum se comand\u0103 un toc?<\/h2>\n\n\n\n<ol class=\"wp-block-list\">\n<li><strong>Selec\u021bia tocului.<\/strong><br> Mai \u00eent\u00e2i trebuie s\u0103 decide\u021bi ce tip de toc ave\u021bi nevoie. Accesa\u021bi catalogul, selecta\u021bi sec\u021biunea dorit\u0103, apoi tocul care v\u0103 place.<br> Pe pagina tocului, asigura\u021bi-v\u0103 c\u0103 a\u021bi selectat modelul de pistol \u0219i toate op\u021biunile de care ave\u021bi nevoie. Face\u021bi acest lucru cu aten\u021bie, deoarece tocul este realizat individual, strict \u00een func\u021bie de op\u021biunile pe care le alege\u021bi.<br> De \u00eendat\u0103 ce banii sunt primi\u021bi \u0219i comanda este pus\u0103 \u00een func\u021biune, este de obicei imposibil s\u0103 modifica\u021bi op\u021biunile selectate.<\/li>\n\n\n\n<li><strong>Plat\u0103.<\/strong><br> Site-ul web folose\u0219te pre\u021buri \u00een euro \u00een scopuri informative.<br> \u00cen toate cazurile, cu excep\u021bia Paypal, plata trebuie efectuat\u0103 \u00een lei (la rata B\u0103ncii Na\u021bionale \u00een ziua comenzii). <br>Pute\u021bi pl\u0103ti comanda dvs. \u00een mai multe moduri:\n<ul class=\"wp-block-list\">\n<li>la \u00eent\u00e2lnire (dac\u0103 sunte\u021bi la Chi\u0219in\u0103u);<\/li>\n\n\n\n<li>transfer de pe card \u00een contul nostru bancar sau transfer bancar direct:<br> Beneficiar: <strong>Blog Media SRL<\/strong><br> Codul fiscal: <strong>1009600034490<\/strong><br> IBAN: <strong>MD18VI000002251303867MDL<\/strong><br> Banca: <strong>Victoriabank<\/strong><br> Codul bancii: <strong>VICBMD2X416<\/strong><br> Destina\u021bia pl\u0103\u021bii: <strong>accesorii sportive, conform contului nr (indica\u021bi num\u0103rul comenzii dvs.)<\/strong><\/li>\n<\/ul>\n<\/li>\n\n\n\n<li><strong>Procesarea comenzilor.<\/strong><br> Dup\u0103 primirea transferului de bani, comanda dvs. va merge la lucru. Dac\u0103 avem \u00eentreb\u0103ri sau clarific\u0103ri, cu siguran\u021b\u0103 v\u0103 vom contacta. <br>De obicei, dureaz\u0103 3-4 zile lucr\u0103toare pentru a realiza un toc, depinde de volumul de munc\u0103. <br>Dac\u0103 nu exist\u0103 macheta pentru holsterul tau, este nevoie de aproximativ 4 saptamani pentru a proiecta un model 3D al machetei \u0219i a-o t\u0103ia pe o ma\u0219in\u0103 CNC. <br>De \u00eendat\u0103 ce comanda este finalizat\u0103, reprezentantul nostru v\u0103 va contacta.<\/li>\n\n\n\n<li><strong>Livrare<\/strong><\/li>\n<\/ol>\n\n\n\n<ul class=\"wp-block-list\">\n<li>Chisinau &#8211; pick-up &#8211; gratuit;<\/li>\n\n\n\n<li>Chisinau &#8211; livrare curierat &#8211; 3 euro;<\/li>\n\n\n\n<li>Moldova &#8211; 4 euro cu Novaposta<\/li>\n\n\n\n<li>Romania (5-7 zile) 17 euro cu curier Novaposta<\/li>\n\n\n\n<li>Alte tari:<br>Regular Mail (2-3 weeks) &#8211; 12 euro<br>Fast mail EMS (5-11 days) &#8211; 30 euro<\/li>\n<\/ul>\n\n\n\n<p><\/p>\n","protected":false},"excerpt":{"rendered":"<p>Cum se comand\u0103 un toc?<\/p>\n","protected":false},"author":1,"featured_media":0,"parent":0,"menu_order":0,"comment_status":"closed","ping_status":"closed","template":"","meta":{"footnotes":""},"class_list":["post-1528","page","type-page","status-publish","hentry"],"yoast_head":"<!-- This site is optimized with the Yoast SEO plugin v27.5 - https:\/\/yoast.com\/product\/yoast-seo-wordpress\/ -->\n<title>Plata \u0219i livrarea - Kydex Holsters<\/title>\n<meta name=\"robots\" content=\"index, follow, max-snippet:-1, max-image-preview:large, max-video-preview:-1\" \/>\n<link rel=\"canonical\" href=\"https:\/\/holster.md\/ro\/plata-si-livrarea\/\" \/>\n<meta property=\"og:locale\" content=\"ro_RO\" \/>\n<meta property=\"og:type\" content=\"article\" \/>\n<meta property=\"og:title\" content=\"Plata \u0219i livrarea - Kydex Holsters\" \/>\n<meta property=\"og:description\" content=\"Cum se comand\u0103 un toc?\" \/>\n<meta property=\"og:url\" content=\"https:\/\/holster.md\/ro\/plata-si-livrarea\/\" \/>\n<meta property=\"og:site_name\" content=\"Kydex Holsters\" \/>\n<meta property=\"article:publisher\" content=\"https:\/\/www.facebook.com\/holster.md\" \/>\n<meta property=\"article:modified_time\" content=\"2026-02-13T18:26:07+00:00\" \/>\n<meta property=\"og:image\" content=\"https:\/\/holster.md\/wp-content\/uploads\/2020\/11\/iwb-holster-e1703925600221.jpg\" \/>\n\t<meta property=\"og:image:width\" content=\"815\" \/>\n\t<meta property=\"og:image:height\" content=\"829\" \/>\n\t<meta property=\"og:image:type\" content=\"image\/jpeg\" \/>\n<meta name=\"twitter:card\" content=\"summary_large_image\" \/>\n<meta name=\"twitter:label1\" content=\"Timp estimat pentru citire\" \/>\n\t<meta name=\"twitter:data1\" content=\"2 minute\" \/>\n<script type=\"application\/ld+json\" class=\"yoast-schema-graph\">{\"@context\":\"https:\\\/\\\/schema.org\",\"@graph\":[{\"@type\":\"WebPage\",\"@id\":\"https:\\\/\\\/holster.md\\\/ro\\\/plata-si-livrarea\\\/\",\"url\":\"https:\\\/\\\/holster.md\\\/ro\\\/plata-si-livrarea\\\/\",\"name\":\"Plata \u0219i livrarea - Kydex Holsters\",\"isPartOf\":{\"@id\":\"https:\\\/\\\/holster.md\\\/ro\\\/#website\"},\"datePublished\":\"2021-04-12T08:27:48+00:00\",\"dateModified\":\"2026-02-13T18:26:07+00:00\",\"breadcrumb\":{\"@id\":\"https:\\\/\\\/holster.md\\\/ro\\\/plata-si-livrarea\\\/#breadcrumb\"},\"inLanguage\":\"ro-RO\",\"potentialAction\":[{\"@type\":\"ReadAction\",\"target\":[\"https:\\\/\\\/holster.md\\\/ro\\\/plata-si-livrarea\\\/\"]}]},{\"@type\":\"BreadcrumbList\",\"@id\":\"https:\\\/\\\/holster.md\\\/ro\\\/plata-si-livrarea\\\/#breadcrumb\",\"itemListElement\":[{\"@type\":\"ListItem\",\"position\":1,\"name\":\"Home\",\"item\":\"https:\\\/\\\/holster.md\\\/ro\\\/\"},{\"@type\":\"ListItem\",\"position\":2,\"name\":\"Plata \u0219i livrarea\"}]},{\"@type\":\"WebSite\",\"@id\":\"https:\\\/\\\/holster.md\\\/ro\\\/#website\",\"url\":\"https:\\\/\\\/holster.md\\\/ro\\\/\",\"name\":\"Kydex Holsters\",\"description\":\"from shooters to shooters\",\"publisher\":{\"@id\":\"https:\\\/\\\/holster.md\\\/ro\\\/#organization\"},\"potentialAction\":[{\"@type\":\"SearchAction\",\"target\":{\"@type\":\"EntryPoint\",\"urlTemplate\":\"https:\\\/\\\/holster.md\\\/ro\\\/?s={search_term_string}\"},\"query-input\":{\"@type\":\"PropertyValueSpecification\",\"valueRequired\":true,\"valueName\":\"search_term_string\"}}],\"inLanguage\":\"ro-RO\"},{\"@type\":\"Organization\",\"@id\":\"https:\\\/\\\/holster.md\\\/ro\\\/#organization\",\"name\":\"Kydex Holsters LTD\",\"url\":\"https:\\\/\\\/holster.md\\\/ro\\\/\",\"logo\":{\"@type\":\"ImageObject\",\"inLanguage\":\"ro-RO\",\"@id\":\"https:\\\/\\\/holster.md\\\/ro\\\/#\\\/schema\\\/logo\\\/image\\\/\",\"url\":\"https:\\\/\\\/holster.md\\\/wp-content\\\/uploads\\\/2020\\\/12\\\/iwb-loop-claw.jpg\",\"contentUrl\":\"https:\\\/\\\/holster.md\\\/wp-content\\\/uploads\\\/2020\\\/12\\\/iwb-loop-claw.jpg\",\"width\":1000,\"height\":792,\"caption\":\"Kydex Holsters LTD\"},\"image\":{\"@id\":\"https:\\\/\\\/holster.md\\\/ro\\\/#\\\/schema\\\/logo\\\/image\\\/\"},\"sameAs\":[\"https:\\\/\\\/www.facebook.com\\\/holster.md\",\"https:\\\/\\\/www.instagram.com\\\/holsters.pro\\\/\",\"https:\\\/\\\/www.youtube.com\\\/channel\\\/UCfBM11_gkaLTr7lXFgLtP2A\"]}]}<\/script>\n<!-- \/ Yoast SEO plugin. -->","yoast_head_json":{"title":"Plata \u0219i livrarea - Kydex Holsters","robots":{"index":"index","follow":"follow","max-snippet":"max-snippet:-1","max-image-preview":"max-image-preview:large","max-video-preview":"max-video-preview:-1"},"canonical":"https:\/\/holster.md\/ro\/plata-si-livrarea\/","og_locale":"ro_RO","og_type":"article","og_title":"Plata \u0219i livrarea - Kydex Holsters","og_description":"Cum se comand\u0103 un toc?","og_url":"https:\/\/holster.md\/ro\/plata-si-livrarea\/","og_site_name":"Kydex Holsters","article_publisher":"https:\/\/www.facebook.com\/holster.md","article_modified_time":"2026-02-13T18:26:07+00:00","og_image":[{"width":815,"height":829,"url":"https:\/\/holster.md\/wp-content\/uploads\/2020\/11\/iwb-holster-e1703925600221.jpg","type":"image\/jpeg"}],"twitter_card":"summary_large_image","twitter_misc":{"Timp estimat pentru citire":"2 minute"},"schema":{"@context":"https:\/\/schema.org","@graph":[{"@type":"WebPage","@id":"https:\/\/holster.md\/ro\/plata-si-livrarea\/","url":"https:\/\/holster.md\/ro\/plata-si-livrarea\/","name":"Plata \u0219i livrarea - Kydex Holsters","isPartOf":{"@id":"https:\/\/holster.md\/ro\/#website"},"datePublished":"2021-04-12T08:27:48+00:00","dateModified":"2026-02-13T18:26:07+00:00","breadcrumb":{"@id":"https:\/\/holster.md\/ro\/plata-si-livrarea\/#breadcrumb"},"inLanguage":"ro-RO","potentialAction":[{"@type":"ReadAction","target":["https:\/\/holster.md\/ro\/plata-si-livrarea\/"]}]},{"@type":"BreadcrumbList","@id":"https:\/\/holster.md\/ro\/plata-si-livrarea\/#breadcrumb","itemListElement":[{"@type":"ListItem","position":1,"name":"Home","item":"https:\/\/holster.md\/ro\/"},{"@type":"ListItem","position":2,"name":"Plata \u0219i livrarea"}]},{"@type":"WebSite","@id":"https:\/\/holster.md\/ro\/#website","url":"https:\/\/holster.md\/ro\/","name":"Kydex Holsters","description":"from shooters to shooters","publisher":{"@id":"https:\/\/holster.md\/ro\/#organization"},"potentialAction":[{"@type":"SearchAction","target":{"@type":"EntryPoint","urlTemplate":"https:\/\/holster.md\/ro\/?s={search_term_string}"},"query-input":{"@type":"PropertyValueSpecification","valueRequired":true,"valueName":"search_term_string"}}],"inLanguage":"ro-RO"},{"@type":"Organization","@id":"https:\/\/holster.md\/ro\/#organization","name":"Kydex Holsters LTD","url":"https:\/\/holster.md\/ro\/","logo":{"@type":"ImageObject","inLanguage":"ro-RO","@id":"https:\/\/holster.md\/ro\/#\/schema\/logo\/image\/","url":"https:\/\/holster.md\/wp-content\/uploads\/2020\/12\/iwb-loop-claw.jpg","contentUrl":"https:\/\/holster.md\/wp-content\/uploads\/2020\/12\/iwb-loop-claw.jpg","width":1000,"height":792,"caption":"Kydex Holsters LTD"},"image":{"@id":"https:\/\/holster.md\/ro\/#\/schema\/logo\/image\/"},"sameAs":["https:\/\/www.facebook.com\/holster.md","https:\/\/www.instagram.com\/holsters.pro\/","https:\/\/www.youtube.com\/channel\/UCfBM11_gkaLTr7lXFgLtP2A"]}]}},"jetpack_sharing_enabled":true,"_links":{"self":[{"href":"https:\/\/holster.md\/ro\/wp-json\/wp\/v2\/pages\/1528","targetHints":{"allow":["GET"]}}],"collection":[{"href":"https:\/\/holster.md\/ro\/wp-json\/wp\/v2\/pages"}],"about":[{"href":"https:\/\/holster.md\/ro\/wp-json\/wp\/v2\/types\/page"}],"author":[{"embeddable":true,"href":"https:\/\/holster.md\/ro\/wp-json\/wp\/v2\/users\/1"}],"replies":[{"embeddable":true,"href":"https:\/\/holster.md\/ro\/wp-json\/wp\/v2\/comments?post=1528"}],"version-history":[{"count":19,"href":"https:\/\/holster.md\/ro\/wp-json\/wp\/v2\/pages\/1528\/revisions"}],"predecessor-version":[{"id":22320,"href":"https:\/\/holster.md\/ro\/wp-json\/wp\/v2\/pages\/1528\/revisions\/22320"}],"wp:attachment":[{"href":"https:\/\/holster.md\/ro\/wp-json\/wp\/v2\/media?parent=1528"}],"curies":[{"name":"wp","href":"https:\/\/api.w.org\/{rel}","templated":true}]}}